{"id":221801,"date":"2026-03-05T07:26:09","date_gmt":"2026-03-05T07:26:09","guid":{"rendered":"https:\/\/soway.eu\/produit\/uv-schutz-bob-fuer-damen-und-maenner-amaury-7-farben\/"},"modified":"2026-03-05T07:26:09","modified_gmt":"2026-03-05T07:26:09","slug":"uv-schutz-bob-fuer-damen-und-maenner-amaury-7-farben","status":"publish","type":"product","link":"https:\/\/soway.eu\/de\/produit\/uv-schutz-bob-fuer-damen-und-maenner-amaury-7-farben\/","title":{"rendered":"UV-Schutz-Bob f\u00fcr Damen und M\u00e4nner \u201eAmaury\u201c \u2013 (7 Farben)"},"content":{"rendered":"<p>Soway\u00ae, eine von Dermatologen empfohlene franz\u00f6sische Marke<\/p>\n<p>UV-Schutz 50+, zertifiziert nach der australischen und neuseel\u00e4ndischen Norm AS\/NZS 4500<\/p>\n<p>Infrarot-Schutz: Das Soway\u00ae-Material leitet W\u00e4rme ab und der Hut bleibt in der Sonne k\u00fchl (im Gegensatz zu \u201eklassischen\u201c UV-Schutzprodukten)<\/p>\n<p>6 cm breiter Rand mit Kinnriemen gegen Wind<\/p>\n<p>100 % Polyethylen<\/p>\n<p>Hergestellt in Portugal von einem auf die Herstellung hochwertiger H\u00fcte spezialisierten Unternehmen<\/p>\n","protected":false},"excerpt":{"rendered":"<h2>UV-Schutz UPF 50+ und Infrarotschutz<\/h2>\n<ul>\n<li>Unisex-Bob mit 6 cm breiter Krempe<\/li>\n<li>Wei\u00dfer Grund mit 7 Bandfarben: Beige, Marineblau, Olivgr\u00fcn, Aqua-Frottee, t\u00fcrkisfarbene Muster, Mausgrau oder Altrosa<\/li>\n<li>Verstellbarer Kinnriemen mit Schieber<\/li>\n<li>UV-SCHUTZ 50+, zertifiziert nach der strengsten australischen und neuseel\u00e4ndischen Norm AS\/NZS 4399<\/li>\n<li>Infrarotschutz: Das Soway\u00ae-Material reflektiert die W\u00e4rme und der Hut bleibt in der Sonne k\u00fchl (im Gegensatz zu \u201eklassischen\u201c UV-Schutzprodukten)<\/li>\n<li>Mit dunklem Stoff gef\u00fctterter Rand oder Schirm, um den Nachhall in den Augen zu verringern<\/li>\n<li>Bel\u00fcftet dank einer Mikroperforationstechnik<\/li>\n<li>Gr\u00f6\u00dfenverstellbar von 55 bis 61 und bis 63 f\u00fcr die Farbe Marineblau<\/li>\n<li>L\u00e4sst sich in der mitgelieferten H\u00fclle zusammenrollen<\/li>\n<\/ul>\n","protected":false},"featured_media":221782,"template":"","meta":[],"product_brand":[],"product_cat":[363,365],"product_tag":[384,383],"class_list":{"0":"post-221801","1":"product","2":"type-product","3":"status-publish","4":"has-post-thumbnail","6":"product_cat-damenhuete","7":"product_cat-huete-herren-und-unisex","8":"product_tag-damen-und-manner","9":"product_tag-frauen","11":"first","12":"instock","13":"sale","14":"taxable","15":"shipping-taxable","16":"purchasable","17":"product-type-variable","18":"has-default-attributes"},"_links":{"self":[{"href":"https:\/\/soway.eu\/de\/wp-json\/wp\/v2\/product\/221801","targetHints":{"allow":["GET"]}}],"collection":[{"href":"https:\/\/soway.eu\/de\/wp-json\/wp\/v2\/product"}],"about":[{"href":"https:\/\/soway.eu\/de\/wp-json\/wp\/v2\/types\/product"}],"wp:featuredmedia":[{"embeddable":true,"href":"https:\/\/soway.eu\/de\/wp-json\/wp\/v2\/media\/221782"}],"wp:attachment":[{"href":"https:\/\/soway.eu\/de\/wp-json\/wp\/v2\/media?parent=221801"}],"wp:term":[{"taxonomy":"product_brand","embeddable":true,"href":"https:\/\/soway.eu\/de\/wp-json\/wp\/v2\/product_brand?post=221801"},{"taxonomy":"product_cat","embeddable":true,"href":"https:\/\/soway.eu\/de\/wp-json\/wp\/v2\/product_cat?post=221801"},{"taxonomy":"product_tag","embeddable":true,"href":"https:\/\/soway.eu\/de\/wp-json\/wp\/v2\/product_tag?post=221801"}],"curies":[{"name":"wp","href":"https:\/\/api.w.org\/{rel}","templated":true}]}}