{"id":221921,"date":"2026-03-05T07:31:24","date_gmt":"2026-03-05T07:31:24","guid":{"rendered":"https:\/\/soway.eu\/produit\/damen-und-maenner-uv-schutzhut-upf-50-bord-de-mer-breite-krempe-la-baule\/"},"modified":"2026-04-26T06:46:05","modified_gmt":"2026-04-26T06:46:05","slug":"damen-und-maenner-uv-schutzhut-upf-50-bord-de-mer-breite-krempe-la-baule","status":"publish","type":"product","link":"https:\/\/soway.eu\/de\/produit\/damen-und-maenner-uv-schutzhut-upf-50-bord-de-mer-breite-krempe-la-baule\/","title":{"rendered":"Damen und M\u00e4nner-UV-Schutzhut UPF 50+ \u201eBord de Mer\u201c \u2013 Breite Krempe \u2013 La Baule"},"content":{"rendered":"<p>Soway\u00ae, marque fran\u00e7aise recommand\u00e9e par les dermatologues<\/p>\n<p>Protection ANTI-UV\u00a050+, certifi\u00e9e Norme australienne et n\u00e9o-z\u00e9landaise AS\/NZS\u00a04500<\/p>\n<p>Anti-infrarouges\u00a0: la mati\u00e8re Soway\u00ae repousse la chaleur et le chapeau reste frais sous le soleil (contrairement aux produits anti-UV \u00ab\u2009classiques\u2009\u00bb)<\/p>\n<p>Bord de 10\u00a0cm avec lien mentonni\u00e8re pour le vent<\/p>\n<p>100\u00a0% Poly\u00e9thyl\u00e8ne<\/p>\n<p>Fabriqu\u00e9 au Portugal par une entreprise sp\u00e9cialis\u00e9e dans la confection de chapeaux haut de gamme.<\/p>\n","protected":false},"excerpt":{"rendered":"<h2>UV-Schutz UPF 50+ und Infrarotschutz<\/h2>\n<ul>\n<li>Hut f\u00fcr Damen und M\u00e4nner mit 10 cm breiter Stirnkrempe<\/li>\n<li>Wei\u00dfe Basis mit marineblauem Band, mit La Baule-Logo<\/li>\n<li>Verstellbarer Kinnriemen mit Schieber<\/li>\n<li>UV-SCHUTZ 50+, zertifiziert nach der strengsten australischen und neuseel\u00e4ndischen Norm AS\/NZS 4399<\/li>\n<li>Infrarotschutz: Das Soway\u00ae-Material reflektiert die W\u00e4rme und der Hut bleibt in der Sonne k\u00fchl (im Gegensatz zu \u201eklassischen\u201c UV-Schutzprodukten)<\/li>\n<li>Krempe oder Schirm mit dunklem Stoff gef\u00fcttert, um die Auswirkungen von Lichtreflexionen in den Augen zu begrenzen<\/li>\n<li>Bel\u00fcftet dank einer Mikroperforationstechnik<\/li>\n<li>Gr\u00f6\u00dfenverstellbar von 55 bis 61<\/li>\n<li>L\u00e4sst sich in die mitgelieferte Tasche zusammenrollen<\/li>\n<\/ul>\n","protected":false},"featured_media":221916,"template":"","meta":[],"product_brand":[],"product_cat":[365],"product_tag":[402],"class_list":{"0":"post-221921","1":"product","2":"type-product","3":"status-publish","4":"has-post-thumbnail","6":"product_cat-huete-herren-und-unisex","7":"product_tag-la-baule","9":"first","10":"instock","11":"taxable","12":"shipping-taxable","13":"purchasable","14":"product-type-variable"},"_links":{"self":[{"href":"https:\/\/soway.eu\/de\/wp-json\/wp\/v2\/product\/221921","targetHints":{"allow":["GET"]}}],"collection":[{"href":"https:\/\/soway.eu\/de\/wp-json\/wp\/v2\/product"}],"about":[{"href":"https:\/\/soway.eu\/de\/wp-json\/wp\/v2\/types\/product"}],"wp:featuredmedia":[{"embeddable":true,"href":"https:\/\/soway.eu\/de\/wp-json\/wp\/v2\/media\/221916"}],"wp:attachment":[{"href":"https:\/\/soway.eu\/de\/wp-json\/wp\/v2\/media?parent=221921"}],"wp:term":[{"taxonomy":"product_brand","embeddable":true,"href":"https:\/\/soway.eu\/de\/wp-json\/wp\/v2\/product_brand?post=221921"},{"taxonomy":"product_cat","embeddable":true,"href":"https:\/\/soway.eu\/de\/wp-json\/wp\/v2\/product_cat?post=221921"},{"taxonomy":"product_tag","embeddable":true,"href":"https:\/\/soway.eu\/de\/wp-json\/wp\/v2\/product_tag?post=221921"}],"curies":[{"name":"wp","href":"https:\/\/api.w.org\/{rel}","templated":true}]}}