{"id":221948,"date":"2026-03-05T07:26:09","date_gmt":"2026-03-05T07:26:09","guid":{"rendered":"https:\/\/soway.eu\/produit\/uv-schutz-kappe-happy-mit-nackenschutz-2-farben\/"},"modified":"2026-03-05T07:26:09","modified_gmt":"2026-03-05T07:26:09","slug":"uv-schutz-kappe-happy-mit-nackenschutz-2-farben","status":"publish","type":"product","link":"https:\/\/soway.eu\/de\/produit\/uv-schutz-kappe-happy-mit-nackenschutz-2-farben\/","title":{"rendered":"UV-Schutz-Kappe \u201eHappy\u201c <i>mit Nackenschutz<\/i> (2 Farben)"},"content":{"rendered":"<p>Soway\u00ae, eine von Dermatologen empfohlene franz\u00f6sische Marke<\/p>\n<p>UV-Schutz 50+, zertifiziert nach der australischen und neuseel\u00e4ndischen Norm AS\/NZS 4500<\/p>\n<p>Infrarot-Schutz: Das Soway\u00ae-Material leitet W\u00e4rme ab und der Hut bleibt in der Sonne k\u00fchl (im Gegensatz zu \u201eklassischen\u201c UV-Schutzprodukten)<\/p>\n<p>Kappe + Nackenschutz mit Kinnriemen gegen Wind<\/p>\n<p>100 % Polyethylen<\/p>\n<p>Hergestellt in Portugal von einem auf die Herstellung hochwertiger H\u00fcte spezialisierten Unternehmen.<\/p>\n","protected":false},"excerpt":{"rendered":"<h2>UV-Schutz UPF 50+ und Infrarotschutz<\/h2>\n<ul>\n<li>Unisex-Kappe + Nackenschutz<\/li>\n<li>Endlich eine h\u00fcbsche Kappe mit Nackenschutz! Der Nackenschutz l\u00e4sst sich per Druckknopf hochklappen und sch\u00fctzt so vor Sonnenbrand im Nacken und an den Ohren.<\/li>\n<li>Beige mit zwei w\u00e4hlbaren Futterfarben: Beige oder Marineblau<\/li>\n<li>Lieferung mit zwei Kinnriemen: senffarben und beige.<\/li>\n<li>UV-SCHUTZ 50+, zertifiziert nach der strengsten australischen und neuseel\u00e4ndischen Norm AS\/NZS 4399<\/li>\n<li>Infrarotschutz: Das Soway\u00ae-Material leitet W\u00e4rme ab und der Hut bleibt in der Sonne k\u00fchl (im Gegensatz zu \u201eklassischen\u201c UV-Schutzprodukten)<\/li>\n<li>Krempe oder Schirm mit dunklem Stoff gef\u00fcttert, um die Auswirkungen von Lichtreflexionen in den Augen zu begrenzen<\/li>\n<li>Bel\u00fcftet dank einer Mikroperforationstechnik<\/li>\n<li>Gr\u00f6\u00dfenverstellbar von 61 bis 63<\/li>\n<li>L\u00e4sst sich in der mitgelieferten Tasche zusammenrollen<\/li>\n<\/ul>\n","protected":false},"featured_media":221944,"template":"","meta":[],"product_brand":[],"product_cat":[363,365],"product_tag":[],"class_list":{"0":"post-221948","1":"product","2":"type-product","3":"status-publish","4":"has-post-thumbnail","6":"product_cat-damenhuete","7":"product_cat-huete-herren-und-unisex","9":"first","10":"instock","11":"taxable","12":"shipping-taxable","13":"purchasable","14":"product-type-variable"},"_links":{"self":[{"href":"https:\/\/soway.eu\/de\/wp-json\/wp\/v2\/product\/221948","targetHints":{"allow":["GET"]}}],"collection":[{"href":"https:\/\/soway.eu\/de\/wp-json\/wp\/v2\/product"}],"about":[{"href":"https:\/\/soway.eu\/de\/wp-json\/wp\/v2\/types\/product"}],"wp:featuredmedia":[{"embeddable":true,"href":"https:\/\/soway.eu\/de\/wp-json\/wp\/v2\/media\/221944"}],"wp:attachment":[{"href":"https:\/\/soway.eu\/de\/wp-json\/wp\/v2\/media?parent=221948"}],"wp:term":[{"taxonomy":"product_brand","embeddable":true,"href":"https:\/\/soway.eu\/de\/wp-json\/wp\/v2\/product_brand?post=221948"},{"taxonomy":"product_cat","embeddable":true,"href":"https:\/\/soway.eu\/de\/wp-json\/wp\/v2\/product_cat?post=221948"},{"taxonomy":"product_tag","embeddable":true,"href":"https:\/\/soway.eu\/de\/wp-json\/wp\/v2\/product_tag?post=221948"}],"curies":[{"name":"wp","href":"https:\/\/api.w.org\/{rel}","templated":true}]}}