{"id":221965,"date":"2026-03-05T07:30:14","date_gmt":"2026-03-05T07:30:14","guid":{"rendered":"https:\/\/soway.eu\/produit\/damen-und-maenner-uv-schutz-kappe-sport-iii-2-farben\/"},"modified":"2026-03-05T07:30:14","modified_gmt":"2026-03-05T07:30:14","slug":"damen-und-maenner-uv-schutz-kappe-sport-iii-2-farben","status":"publish","type":"product","link":"https:\/\/soway.eu\/de\/produit\/damen-und-maenner-uv-schutz-kappe-sport-iii-2-farben\/","title":{"rendered":"Damen und M\u00e4nner-UV-Schutz-Kappe \u201eSport III\u201c \u2013 (2 Farben)"},"content":{"rendered":"<p>Soway\u00ae, eine von Dermatologen empfohlene franz\u00f6sische Marke<\/p>\n<p>UV-Schutz 50+, zertifiziert nach der australischen und neuseel\u00e4ndischen Norm AS\/NZS 4500<\/p>\n<p>Infrarot-Schutz: Das Soway\u00ae-Material leitet W\u00e4rme ab und der Hut bleibt in der Sonne k\u00fchl (im Gegensatz zu \u201eklassischen\u201c UV-Schutzprodukten)<\/p>\n<p>Krempe: 8,5 cm<\/p>\n<p>100 % Polyethylen<\/p>\n<p>Hergestellt in Portugal von einem auf die Herstellung hochwertiger H\u00fcte spezialisierten Unternehmen.<\/p>\n","protected":false},"excerpt":{"rendered":"<h2>UV-Schutz UPF 50+ und Infrarotschutz<\/h2>\n<p><strong>Ideal f\u00fcr Outdoor-Aktivit\u00e4ten<\/strong><\/p>\n<ul>\n<li>Unisex-Kappe mit 8,5 cm breitem Schirm<\/li>\n<li>Wei\u00dfer Untergrund mit 2 Stofffarben: Beige oder Marineblau<\/li>\n<li>Schwimmt auf dem Wasser<\/li>\n<li>UV-SCHUTZ 50+, zertifiziert nach der australischen und neuseel\u00e4ndischen Norm AS\/NZS 4399, der strengsten Norm<\/li>\n<li>Infrarotschutz: Das Soway\u00ae-Material leitet W\u00e4rme ab und der Hut bleibt in der Sonne k\u00fchl (im Gegensatz zu \u201eklassischen\u201c UV-Schutzprodukten)<\/li>\n<li>Krempe oder Schirm mit dunklem Stoff gef\u00fcttert, um die Auswirkungen von Lichtreflexionen in den Augen zu begrenzen<\/li>\n<li>Bel\u00fcftet dank einer Mikroperforationstechnik<\/li>\n<li>Gr\u00f6\u00dfenverstellbar von 55 bis 61 und bis 63 f\u00fcr die Farbe Beige<\/li>\n<li>L\u00e4sst sich in die mitgelieferte Tasche zusammenrollen<\/li>\n<\/ul>\n","protected":false},"featured_media":221957,"template":"","meta":[],"product_brand":[],"product_cat":[363,365],"product_tag":[384,383,401],"class_list":{"0":"post-221965","1":"product","2":"type-product","3":"status-publish","4":"has-post-thumbnail","6":"product_cat-damenhuete","7":"product_cat-huete-herren-und-unisex","8":"product_tag-damen-und-manner","9":"product_tag-frauen","10":"product_tag-manner","12":"first","13":"outofstock","14":"taxable","15":"shipping-taxable","16":"purchasable","17":"product-type-variable"},"_links":{"self":[{"href":"https:\/\/soway.eu\/de\/wp-json\/wp\/v2\/product\/221965","targetHints":{"allow":["GET"]}}],"collection":[{"href":"https:\/\/soway.eu\/de\/wp-json\/wp\/v2\/product"}],"about":[{"href":"https:\/\/soway.eu\/de\/wp-json\/wp\/v2\/types\/product"}],"wp:featuredmedia":[{"embeddable":true,"href":"https:\/\/soway.eu\/de\/wp-json\/wp\/v2\/media\/221957"}],"wp:attachment":[{"href":"https:\/\/soway.eu\/de\/wp-json\/wp\/v2\/media?parent=221965"}],"wp:term":[{"taxonomy":"product_brand","embeddable":true,"href":"https:\/\/soway.eu\/de\/wp-json\/wp\/v2\/product_brand?post=221965"},{"taxonomy":"product_cat","embeddable":true,"href":"https:\/\/soway.eu\/de\/wp-json\/wp\/v2\/product_cat?post=221965"},{"taxonomy":"product_tag","embeddable":true,"href":"https:\/\/soway.eu\/de\/wp-json\/wp\/v2\/product_tag?post=221965"}],"curies":[{"name":"wp","href":"https:\/\/api.w.org\/{rel}","templated":true}]}}