{"id":221986,"date":"2026-03-05T07:26:10","date_gmt":"2026-03-05T07:26:10","guid":{"rendered":"https:\/\/soway.eu\/produit\/uv-schutzhut-fuer-damen-und-maenner-loick-2-farben\/"},"modified":"2026-04-26T07:50:04","modified_gmt":"2026-04-26T07:50:04","slug":"uv-schutzhut-fuer-damen-und-maenner-loick-2-farben","status":"publish","type":"product","link":"https:\/\/soway.eu\/de\/produit\/uv-schutzhut-fuer-damen-und-maenner-loick-2-farben\/","title":{"rendered":"UV-Schutzhut f\u00fcr Damen und M\u00e4nner \u201eLo\u00efck\u201c \u2013 (2 Farben)"},"content":{"rendered":"<p>Soway\u00ae, eine von Dermatologen empfohlene franz\u00f6sische Marke<\/p>\n<p>UV-Schutz 50+, zertifiziert nach der australischen und neuseel\u00e4ndischen Norm AS\/NZS 4500<\/p>\n<p>Infrarotschutz: Das Soway\u00ae-Material leitet W\u00e4rme ab und der Hut bleibt in der Sonne k\u00fchl (im Gegensatz zu \u201eklassischen\u201c UV-Schutzprodukten)<\/p>\n<p>7 cm breiter Rand mit Kinnriemen gegen Wind<\/p>\n<p>100 % Polyethylen<\/p>\n<p>Hergestellt in Portugal von einem auf die Herstellung hochwertiger H\u00fcte spezialisierten Unternehmen.<\/p>\n","protected":false},"excerpt":{"rendered":"<h2>UV-Schutz UPF 50+ und Infrarotschutz<\/h2>\n<ul>\n<li>Hut mit 7 cm breiter Krempe<\/li>\n<li>Wei\u00dfer Hutk\u00f6rper mit neongelbem und marineblauem Kinnband oder beiger Hutk\u00f6rper mit senffarbenem und beigem Kinnband<\/li>\n<li>UV-SCHUTZ 50+, zertifiziert nach der strengsten australischen und neuseel\u00e4ndischen Norm AS\/NZS 4399<\/li>\n<li>Infrarotschutz: Das Soway\u00ae-Material leitet W\u00e4rme ab und der Hut bleibt in der Sonne k\u00fchl (im Gegensatz zu \u201eklassischen\u201c UV-Schutzprodukten)<\/li>\n<li>Krempe oder Schirm mit dunklem Stoff gef\u00fcttert, um die Auswirkungen von Lichtreflexionen in den Augen zu begrenzen<\/li>\n<li>Bel\u00fcftet dank einer Mikroperforationstechnik<\/li>\n<li>Gr\u00f6\u00dfenverstellbar von 55 bis 63<\/li>\n<li>L\u00e4sst sich in der mitgelieferten Tasche zusammenrollen<\/li>\n<\/ul>\n","protected":false},"featured_media":221973,"template":"","meta":[],"product_brand":[],"product_cat":[354,365],"product_tag":[384,383,401],"class_list":{"0":"post-221986","1":"product","2":"type-product","3":"status-publish","4":"has-post-thumbnail","6":"product_cat-hervorgehoben","7":"product_cat-huete-herren-und-unisex","8":"product_tag-damen-und-manner","9":"product_tag-frauen","10":"product_tag-manner","12":"first","13":"outofstock","14":"featured","15":"taxable","16":"shipping-taxable","17":"purchasable","18":"product-type-variable"},"_links":{"self":[{"href":"https:\/\/soway.eu\/de\/wp-json\/wp\/v2\/product\/221986","targetHints":{"allow":["GET"]}}],"collection":[{"href":"https:\/\/soway.eu\/de\/wp-json\/wp\/v2\/product"}],"about":[{"href":"https:\/\/soway.eu\/de\/wp-json\/wp\/v2\/types\/product"}],"wp:featuredmedia":[{"embeddable":true,"href":"https:\/\/soway.eu\/de\/wp-json\/wp\/v2\/media\/221973"}],"wp:attachment":[{"href":"https:\/\/soway.eu\/de\/wp-json\/wp\/v2\/media?parent=221986"}],"wp:term":[{"taxonomy":"product_brand","embeddable":true,"href":"https:\/\/soway.eu\/de\/wp-json\/wp\/v2\/product_brand?post=221986"},{"taxonomy":"product_cat","embeddable":true,"href":"https:\/\/soway.eu\/de\/wp-json\/wp\/v2\/product_cat?post=221986"},{"taxonomy":"product_tag","embeddable":true,"href":"https:\/\/soway.eu\/de\/wp-json\/wp\/v2\/product_tag?post=221986"}],"curies":[{"name":"wp","href":"https:\/\/api.w.org\/{rel}","templated":true}]}}