{"id":222097,"date":"2026-03-05T07:27:30","date_gmt":"2026-03-05T07:27:30","guid":{"rendered":"https:\/\/soway.eu\/produit\/uv-schutz-hut-kappe-fuer-damen-cannoise-2-farben\/"},"modified":"2026-03-05T07:27:30","modified_gmt":"2026-03-05T07:27:30","slug":"uv-schutz-hut-kappe-fuer-damen-cannoise-2-farben","status":"publish","type":"product","link":"https:\/\/soway.eu\/de\/produit\/uv-schutz-hut-kappe-fuer-damen-cannoise-2-farben\/","title":{"rendered":"UV-Schutz-Hut\/-Kappe f\u00fcr Damen \u201eCannoise\u201c \u2013 (2 Farben)"},"content":{"rendered":"<p>Soway\u00ae, eine von Dermatologen empfohlene franz\u00f6sische Marke<\/p>\n<p>UV-Schutz 50+, zertifiziert nach der australischen und neuseel\u00e4ndischen Norm AS\/NZS 4500<\/p>\n<p>Infrarot-Schutz: Das Soway\u00ae-Material leitet W\u00e4rme ab und die M\u00fctze bleibt in der Sonne k\u00fchl (im Gegensatz zu \u201eklassischen\u201c UV-Schutzprodukten)<\/p>\n<p>Breiter, 12 cm langer Schirm und Bindeband zum Befestigen bei Wind<\/p>\n<p>100 % Polyethylen<\/p>\n<p>Hergestellt in Portugal von einem auf die Herstellung hochwertiger H\u00fcte spezialisierten Unternehmen.<\/p>\n","protected":false},"excerpt":{"rendered":"<h2>UV-Schutz UPF 50+ und Infrarotschutz<\/h2>\n<ul>\n<li>Hut\/-Kappe mit 12 cm breitem, besonders sch\u00fctzendem Schirm<\/li>\n<li>2 Farben zur Auswahl:\n<ul>\n<li>Wei\u00df: Au\u00dfen wei\u00df, innen marineblau<\/li>\n<li>Zweifarbig Beige: Au\u00dfen wei\u00df an der Kappe und beige am Schirm, Innenseite in Naturfarbe<\/li>\n<\/ul>\n<\/li>\n<li>Einheitsgr\u00f6\u00dfe, verstellbar mit (unsichtbarem) Klettverschluss am Hinterkopf<\/li>\n<li>Windschutzband mit kleiner Klammer zum Befestigen der Kappe an der Kleidung<\/li>\n<li>UV-SCHUTZ 50+, zertifiziert nach der strengsten australischen und neuseel\u00e4ndischen Norm AS\/NZS 4399<\/li>\n<li>Infrarot-Schutz: Das Soway\u00ae-Material leitet W\u00e4rme ab und die M\u00fctze bleibt in der Sonne k\u00fchl (im Gegensatz zu \u201eklassischen\u201c UV-Schutzprodukten)<\/li>\n<li>Mit dunklem Stoff gef\u00fctterte Schirme, um die Auswirkungen von Lichtreflexionen in den Augen zu begrenzen<\/li>\n<li>Bel\u00fcftet dank einer Mikroperforationstechnik<\/li>\n<li>L\u00e4sst sich in die mitgelieferte Tasche zusammenfalten<\/li>\n<\/ul>\n","protected":false},"featured_media":222084,"template":"","meta":[],"product_brand":[],"product_cat":[363],"product_tag":[383],"class_list":{"0":"post-222097","1":"product","2":"type-product","3":"status-publish","4":"has-post-thumbnail","6":"product_cat-damenhuete","7":"product_tag-frauen","9":"first","10":"instock","11":"taxable","12":"shipping-taxable","13":"purchasable","14":"product-type-variable"},"_links":{"self":[{"href":"https:\/\/soway.eu\/de\/wp-json\/wp\/v2\/product\/222097","targetHints":{"allow":["GET"]}}],"collection":[{"href":"https:\/\/soway.eu\/de\/wp-json\/wp\/v2\/product"}],"about":[{"href":"https:\/\/soway.eu\/de\/wp-json\/wp\/v2\/types\/product"}],"wp:featuredmedia":[{"embeddable":true,"href":"https:\/\/soway.eu\/de\/wp-json\/wp\/v2\/media\/222084"}],"wp:attachment":[{"href":"https:\/\/soway.eu\/de\/wp-json\/wp\/v2\/media?parent=222097"}],"wp:term":[{"taxonomy":"product_brand","embeddable":true,"href":"https:\/\/soway.eu\/de\/wp-json\/wp\/v2\/product_brand?post=222097"},{"taxonomy":"product_cat","embeddable":true,"href":"https:\/\/soway.eu\/de\/wp-json\/wp\/v2\/product_cat?post=222097"},{"taxonomy":"product_tag","embeddable":true,"href":"https:\/\/soway.eu\/de\/wp-json\/wp\/v2\/product_tag?post=222097"}],"curies":[{"name":"wp","href":"https:\/\/api.w.org\/{rel}","templated":true}]}}