{"id":222111,"date":"2026-03-05T07:29:15","date_gmt":"2026-03-05T07:29:15","guid":{"rendered":"https:\/\/soway.eu\/produit\/uv-schutz-kappe-fuer-damen-nantaise-made-in-france-2-farben\/"},"modified":"2026-03-05T07:29:15","modified_gmt":"2026-03-05T07:29:15","slug":"uv-schutz-kappe-fuer-damen-nantaise-made-in-france-2-farben","status":"publish","type":"product","link":"https:\/\/soway.eu\/de\/produit\/uv-schutz-kappe-fuer-damen-nantaise-made-in-france-2-farben\/","title":{"rendered":"UV-Schutz-Kappe f\u00fcr Damen \u201eNantaise\u201c \u2013 MADE IN FRANCE \u2013 (2 Farben)"},"content":{"rendered":"<p>Soway\u00ae, eine von Dermatologen empfohlene franz\u00f6sische Marke<\/p>\n<p>UV-Schutz 50+, zertifiziert nach der australischen und neuseel\u00e4ndischen Norm AS\/NZS 4500<\/p>\n<p>Infrarot-Schutz: Das Soway\u00ae-Material leitet W\u00e4rme ab und die M\u00fctze bleibt in der Sonne k\u00fchl (im Gegensatz zu \u201eklassischen\u201c UV-Schutzprodukten)<\/p>\n<p>Breiter 12-cm-Schirm und Kinnriemen mit verstellbarem Schieber, um die M\u00fctze bei Wind auf dem Kopf zu halten<\/p>\n<p>100 % Polyethylen<\/p>\n<p>Hergestellt in Portugal von einem auf die Herstellung hochwertiger H\u00fcte spezialisierten Unternehmen.<\/p>\n","protected":false},"excerpt":{"rendered":"<p><img loading=\"lazy\" decoding=\"async\" class=\"alignnone size-full wp-image-4835\" src=\"http:\/\/soway.eu\/wp-content\/uploads\/soway-anti-uv-made-in-france.png\" alt=\"Made in France\" width=\"150\" height=\"150\" srcset=\"https:\/\/soway.eu\/wp-content\/uploads\/soway-anti-uv-made-in-france.png 150w, https:\/\/soway.eu\/wp-content\/uploads\/soway-anti-uv-made-in-france-100x100.png 100w\" sizes=\"(max-width: 150px) 100vw, 150px\" \/><\/p>\n<h2>UV-Schutz UPF 50+ und Infrarotschutz<\/h2>\n<ul>\n<li>Kappe mit gekreuztem Schirm hinten und 12 cm breitem, besonders sch\u00fctzendem Schirm<\/li>\n<li>2 Farben zur Auswahl:\n<ul>\n<li>Au\u00dfen wei\u00df mit dunkelgrau meliertem Innenfutter<\/li>\n<li>Au\u00dfen beige mit Innenseite in Cognac<\/li>\n<\/ul>\n<\/li>\n<li>3 Gr\u00f6\u00dfen, verstellbar durch Anziehen des (unsichtbaren) Klettverschlusses an der R\u00fcckseite der M\u00fctze<\/li>\n<li>Kinnriemen mit verstellbarem Schieber, um die M\u00fctze bei Wind auf dem Kopf zu halten<\/li>\n<li>UV-SCHUTZ 50+, zertifiziert nach der strengsten australischen und neuseel\u00e4ndischen Norm AS\/NZS 4399<\/li>\n<li>Infrarotschutz: Das Soway\u00ae-Material leitet W\u00e4rme ab und der Hut bleibt in der Sonne k\u00fchl (im Gegensatz zu \u201eklassischen\u201c UV-Schutzprodukten)<\/li>\n<li>Mit dunklem Stoff gef\u00fctterte Schirme, um die Auswirkungen von Lichtreflexionen in den Augen zu begrenzen<\/li>\n<li>Bel\u00fcftet dank einer Mikroperforationstechnik<\/li>\n<li>L\u00e4sst sich in die mitgelieferte Tasche zusammenfalten<\/li>\n<\/ul>\n","protected":false},"featured_media":222100,"template":"","meta":[],"product_brand":[],"product_cat":[363,408],"product_tag":[383,409],"class_list":{"0":"post-222111","1":"product","2":"type-product","3":"status-publish","4":"has-post-thumbnail","6":"product_cat-damenhuete","7":"product_cat-fr","8":"product_tag-frauen","9":"product_tag-made-in-france","11":"first","12":"instock","13":"taxable","14":"shipping-taxable","15":"purchasable","16":"product-type-variable"},"_links":{"self":[{"href":"https:\/\/soway.eu\/de\/wp-json\/wp\/v2\/product\/222111","targetHints":{"allow":["GET"]}}],"collection":[{"href":"https:\/\/soway.eu\/de\/wp-json\/wp\/v2\/product"}],"about":[{"href":"https:\/\/soway.eu\/de\/wp-json\/wp\/v2\/types\/product"}],"wp:featuredmedia":[{"embeddable":true,"href":"https:\/\/soway.eu\/de\/wp-json\/wp\/v2\/media\/222100"}],"wp:attachment":[{"href":"https:\/\/soway.eu\/de\/wp-json\/wp\/v2\/media?parent=222111"}],"wp:term":[{"taxonomy":"product_brand","embeddable":true,"href":"https:\/\/soway.eu\/de\/wp-json\/wp\/v2\/product_brand?post=222111"},{"taxonomy":"product_cat","embeddable":true,"href":"https:\/\/soway.eu\/de\/wp-json\/wp\/v2\/product_cat?post=222111"},{"taxonomy":"product_tag","embeddable":true,"href":"https:\/\/soway.eu\/de\/wp-json\/wp\/v2\/product_tag?post=222111"}],"curies":[{"name":"wp","href":"https:\/\/api.w.org\/{rel}","templated":true}]}}