{"id":222134,"date":"2026-03-05T07:29:42","date_gmt":"2026-03-05T07:29:42","guid":{"rendered":"https:\/\/soway.eu\/produit\/uv-schutz-schirmmuetze-fuer-damen-bauloise-7-oder-12-cm-4-farben\/"},"modified":"2026-04-26T06:51:59","modified_gmt":"2026-04-26T06:51:59","slug":"uv-schutz-schirmmuetze-fuer-damen-bauloise-7-oder-12-cm-4-farben","status":"publish","type":"product","link":"https:\/\/soway.eu\/de\/produit\/uv-schutz-schirmmuetze-fuer-damen-bauloise-7-oder-12-cm-4-farben\/","title":{"rendered":"UV-Schutz-Schirmm\u00fctze f\u00fcr Damen \u201eBauloise\u201c 7 oder 12 cm \u2013 (4 Farben)"},"content":{"rendered":"<p>Soway\u00ae, marque fran\u00e7aise recommand\u00e9e par les dermatologues<\/p>\n<p>Protection ANTI-UV\u00a050+, certifi\u00e9e Norme australienne et n\u00e9o-z\u00e9landaise AS\/NZS\u00a04500<\/p>\n<p>Anti-infrarouges\u00a0: la mati\u00e8re Soway\u00ae repousse la chaleur et le chapeau reste frais sous le soleil (contrairement aux produits anti-UV \u00ab\u2009classiques\u2009\u00bb)<\/p>\n<p>Visi\u00e8res avec deux longueurs, 7\u00a0cm ou 12\u00a0cm<\/p>\n<p>100\u00a0% Poly\u00e9thyl\u00e8ne<\/p>\n<p>Fabriqu\u00e9 au Portugal par une entreprise sp\u00e9cialis\u00e9e dans la confection de chapeaux haut de gamme.<\/p>\n","protected":false},"excerpt":{"rendered":"<h2>UV-Schutz UPF 50+ und Infrarotschutz<\/h2>\n<ul>\n<li>Schirme in zwei L\u00e4ngen, 7 cm oder 12 cm<\/li>\n<li>4 Farben zur Auswahl:<\/li>\n<li>Wei\u00dfer Grund mit Stoff in Marineblau, Terrakotta oder Oliv<\/li>\n<li>Beigefarbene Basis mit Stoff in Strohfarbe<\/li>\n<li>Einheitsgr\u00f6\u00dfe, verstellbar durch Festziehen des Klettverschlusses am Hinterkopf<\/li>\n<li>UV-SCHUTZ 50+, zertifiziert nach der strengsten australischen und neuseel\u00e4ndischen Norm AS\/NZS 4399<\/li>\n<li>Infrarotschutz: Das Soway\u00ae-Material leitet W\u00e4rme ab und der Hut bleibt in der Sonne k\u00fchl (im Gegensatz zu \u201eklassischen\u201c UV-Schutzprodukten)<\/li>\n<li>Mit dunklem Stoff gef\u00fctterte Schirme, um die Auswirkungen von Lichtreflexionen in den Augen zu begrenzen<\/li>\n<li>Bel\u00fcftet dank einer Mikroperforationstechnik<\/li>\n<li>L\u00e4sst sich in die mitgelieferte Tasche zusammenrollen<\/li>\n<\/ul>\n","protected":false},"featured_media":222118,"template":"","meta":[],"product_brand":[],"product_cat":[363],"product_tag":[383,417,416],"class_list":{"0":"post-222134","1":"product","2":"type-product","3":"status-publish","4":"has-post-thumbnail","6":"product_cat-damenhuete","7":"product_tag-frauen","8":"product_tag-visier-12-cm","9":"product_tag-visier-7-cm","11":"first","12":"instock","13":"sale","14":"taxable","15":"shipping-taxable","16":"purchasable","17":"product-type-variable","18":"has-default-attributes"},"_links":{"self":[{"href":"https:\/\/soway.eu\/de\/wp-json\/wp\/v2\/product\/222134","targetHints":{"allow":["GET"]}}],"collection":[{"href":"https:\/\/soway.eu\/de\/wp-json\/wp\/v2\/product"}],"about":[{"href":"https:\/\/soway.eu\/de\/wp-json\/wp\/v2\/types\/product"}],"wp:featuredmedia":[{"embeddable":true,"href":"https:\/\/soway.eu\/de\/wp-json\/wp\/v2\/media\/222118"}],"wp:attachment":[{"href":"https:\/\/soway.eu\/de\/wp-json\/wp\/v2\/media?parent=222134"}],"wp:term":[{"taxonomy":"product_brand","embeddable":true,"href":"https:\/\/soway.eu\/de\/wp-json\/wp\/v2\/product_brand?post=222134"},{"taxonomy":"product_cat","embeddable":true,"href":"https:\/\/soway.eu\/de\/wp-json\/wp\/v2\/product_cat?post=222134"},{"taxonomy":"product_tag","embeddable":true,"href":"https:\/\/soway.eu\/de\/wp-json\/wp\/v2\/product_tag?post=222134"}],"curies":[{"name":"wp","href":"https:\/\/api.w.org\/{rel}","templated":true}]}}