{"id":222153,"date":"2026-03-05T07:31:01","date_gmt":"2026-03-05T07:31:01","guid":{"rendered":"https:\/\/soway.eu\/produit\/unisex-bob-fuer-kinder-leonard-mit-uv-schutz-la-baule\/"},"modified":"2026-04-26T06:47:17","modified_gmt":"2026-04-26T06:47:17","slug":"unisex-bob-fuer-kinder-leonard-mit-uv-schutz-la-baule","status":"publish","type":"product","link":"https:\/\/soway.eu\/de\/produit\/unisex-bob-fuer-kinder-leonard-mit-uv-schutz-la-baule\/","title":{"rendered":"Unisex-Bob f\u00fcr Kinder \u201eL\u00e9onard\u201c mit UV-Schutz \u2013 La Baule"},"content":{"rendered":"<p>Soway\u00ae, marque fran\u00e7aise recommand\u00e9e par les dermatologues<\/p>\n<p>Protection ANTI-UV\u00a050+, certifi\u00e9e Norme australienne et n\u00e9o-z\u00e9landaise AS\/NZS\u00a04500<\/p>\n<p>Anti-infrarouges\u00a0: la mati\u00e8re Soway\u00ae repousse la chaleur et le chapeau reste frais sous le soleil (contrairement aux produits anti-UV \u00ab\u2009classiques\u2009\u00bb)<\/p>\n<p>Bob enfant avec 6\u00a0cm de bord<\/p>\n<p>100\u00a0% Poly\u00e9thyl\u00e8ne<\/p>\n<p>Fabriqu\u00e9 au Portugal par une entreprise sp\u00e9cialis\u00e9e dans la confection de chapeaux haut de gamme.<\/p>\n","protected":false},"excerpt":{"rendered":"<h2>UV-Schutz UPF 50+ und Infrarotschutz<\/h2>\n<ul>\n<li>Unisex-Bob f\u00fcr Kinder mit 6 cm breiter Krempe, das Gesicht des Kindes liegt gut im Schatten<\/li>\n<li>Farbe: Wei\u00dfer Grund mit marineblauem Stoff, La Baule-Logo<\/li>\n<li>2 verstellbare Gr\u00f6\u00dfen: 48\/50 (12 bis 24 Monate) und 52\/54 (3 bis 6 Jahre)<\/li>\n<li>Verstellbarer Kinnriemen mit Schieber<\/li>\n<li>UV-SCHUTZ 50+, zertifiziert nach der australischen und neuseel\u00e4ndischen Norm AS\/NZS 4399, der strengsten Norm<\/li>\n<li>Infrarotschutz: Das Soway\u00ae-Material leitet W\u00e4rme ab und der Hut bleibt in der Sonne k\u00fchl (im Gegensatz zu \u201eklassischen\u201c UV-Schutzprodukten)<\/li>\n<li>Mit dunklem Stoff gef\u00fctterter Hut, um die Auswirkungen von Lichtreflexionen in den Augen zu begrenzen<\/li>\n<li>Bel\u00fcftet dank einer Mikroperforationstechnik<\/li>\n<li>L\u00e4sst sich in der mitgelieferten Tasche zusammenrollen<\/li>\n<\/ul>\n","protected":false},"featured_media":222145,"template":"","meta":[],"product_brand":[],"product_cat":[64],"product_tag":[402],"class_list":{"0":"post-222153","1":"product","2":"type-product","3":"status-publish","4":"has-post-thumbnail","6":"product_cat-uncategorised","7":"product_tag-la-baule","9":"first","10":"instock","11":"taxable","12":"shipping-taxable","13":"purchasable","14":"product-type-variable"},"_links":{"self":[{"href":"https:\/\/soway.eu\/de\/wp-json\/wp\/v2\/product\/222153","targetHints":{"allow":["GET"]}}],"collection":[{"href":"https:\/\/soway.eu\/de\/wp-json\/wp\/v2\/product"}],"about":[{"href":"https:\/\/soway.eu\/de\/wp-json\/wp\/v2\/types\/product"}],"wp:featuredmedia":[{"embeddable":true,"href":"https:\/\/soway.eu\/de\/wp-json\/wp\/v2\/media\/222145"}],"wp:attachment":[{"href":"https:\/\/soway.eu\/de\/wp-json\/wp\/v2\/media?parent=222153"}],"wp:term":[{"taxonomy":"product_brand","embeddable":true,"href":"https:\/\/soway.eu\/de\/wp-json\/wp\/v2\/product_brand?post=222153"},{"taxonomy":"product_cat","embeddable":true,"href":"https:\/\/soway.eu\/de\/wp-json\/wp\/v2\/product_cat?post=222153"},{"taxonomy":"product_tag","embeddable":true,"href":"https:\/\/soway.eu\/de\/wp-json\/wp\/v2\/product_tag?post=222153"}],"curies":[{"name":"wp","href":"https:\/\/api.w.org\/{rel}","templated":true}]}}