{"id":222163,"date":"2026-03-05T07:26:12","date_gmt":"2026-03-05T07:26:12","guid":{"rendered":"https:\/\/soway.eu\/produit\/222163\/"},"modified":"2026-04-26T07:52:10","modified_gmt":"2026-04-26T07:52:10","slug":"222163","status":"publish","type":"product","link":"https:\/\/soway.eu\/de\/produit\/222163\/","title":{"rendered":"UV-Schutz-Baby-Kappe 50+ \u201eChlo\u00e9\u201c"},"content":{"rendered":"<p>Soway\u00ae, eine von Dermatologen empfohlene franz\u00f6sische Marke<\/p>\n<p>UV-Schutz 50+, zertifiziert nach der australischen und neuseel\u00e4ndischen Norm AS\/NZS 4500<\/p>\n<p>Infrarot-Schutz: Das Soway\u00ae-Material leitet W\u00e4rme ab und die M\u00fctze bleibt in der Sonne k\u00fchl (im Gegensatz zu \u201eklassischen\u201c UV-Schutzprodukten)<\/p>\n<p>Kappe mit 6 cm breitem Schirm und Ohrenschutz<\/p>\n<p>100 % Polyethylen<\/p>\n<p>Hergestellt in Portugal von einem auf die Herstellung hochwertiger H\u00fcte spezialisierten Unternehmen.<\/p>\n","protected":false},"excerpt":{"rendered":"<h2>UV-Schutz UPF 50+ und Infrarotschutz<\/h2>\n<p><strong>IDEAL F\u00dcR DEN KINDERWAGEN: St\u00f6rt das Kind nicht, Gesicht und Ohren bleiben gut im Schatten<\/strong><\/p>\n<p>&nbsp;<\/p>\n<ul>\n<li>Kappe mit 6 cm breitem Schirm und Ohrenschutz<\/li>\n<li>Wei\u00dfer Grund mit 2 Stofffarben zur Auswahl: marineblaue Anker oder rot<\/li>\n<li>Gr\u00f6\u00dfenverstellbar von 3 bis 12 Monaten<\/li>\n<li>Verstellbarer Kinnriemen mit Schieber<\/li>\n<li>UV-SCHUTZ 50+, zertifiziert nach der australischen und neuseel\u00e4ndischen Norm AS\/NZS 4399, der strengsten Norm<\/li>\n<li>Infrarotschutz: Das Soway\u00ae-Material reflektiert die W\u00e4rme, sodass der Hut in der Sonne k\u00fchl bleibt (im Gegensatz zu \u201eherk\u00f6mmlichen\u201c UV-Schutzprodukten)<\/li>\n<li>Krempe oder Schirme mit dunklem Stoff gef\u00fcttert, um die Auswirkungen von Lichtreflexionen in den Augen zu begrenzen<\/li>\n<li>Bel\u00fcftet dank einer Mikroperforationstechnik<\/li>\n<li>L\u00e4sst sich in die mitgelieferte Tasche zusammenrollen<\/li>\n<\/ul>\n","protected":false},"featured_media":222160,"template":"","meta":[],"product_brand":[],"product_cat":[435],"product_tag":[422,423],"class_list":{"0":"post-222163","1":"product","2":"type-product","3":"status-publish","4":"has-post-thumbnail","6":"product_cat-kinder-und-babys","7":"product_tag-babys","8":"product_tag-kinder","10":"first","11":"outofstock","12":"sale","13":"taxable","14":"shipping-taxable","15":"purchasable","16":"product-type-variable"},"_links":{"self":[{"href":"https:\/\/soway.eu\/de\/wp-json\/wp\/v2\/product\/222163","targetHints":{"allow":["GET"]}}],"collection":[{"href":"https:\/\/soway.eu\/de\/wp-json\/wp\/v2\/product"}],"about":[{"href":"https:\/\/soway.eu\/de\/wp-json\/wp\/v2\/types\/product"}],"wp:featuredmedia":[{"embeddable":true,"href":"https:\/\/soway.eu\/de\/wp-json\/wp\/v2\/media\/222160"}],"wp:attachment":[{"href":"https:\/\/soway.eu\/de\/wp-json\/wp\/v2\/media?parent=222163"}],"wp:term":[{"taxonomy":"product_brand","embeddable":true,"href":"https:\/\/soway.eu\/de\/wp-json\/wp\/v2\/product_brand?post=222163"},{"taxonomy":"product_cat","embeddable":true,"href":"https:\/\/soway.eu\/de\/wp-json\/wp\/v2\/product_cat?post=222163"},{"taxonomy":"product_tag","embeddable":true,"href":"https:\/\/soway.eu\/de\/wp-json\/wp\/v2\/product_tag?post=222163"}],"curies":[{"name":"wp","href":"https:\/\/api.w.org\/{rel}","templated":true}]}}