{"id":222191,"date":"2026-03-05T07:26:12","date_gmt":"2026-03-05T07:26:12","guid":{"rendered":"https:\/\/soway.eu\/produit\/uv-schutz-bandana-kappe-50-lison\/"},"modified":"2026-03-05T07:26:12","modified_gmt":"2026-03-05T07:26:12","slug":"uv-schutz-bandana-kappe-50-lison","status":"publish","type":"product","link":"https:\/\/soway.eu\/de\/produit\/uv-schutz-bandana-kappe-50-lison\/","title":{"rendered":"UV-Schutz-Bandana-Kappe 50+ \u201eLison\u201c"},"content":{"rendered":"<p>Soway\u00ae, eine von Dermatologen empfohlene franz\u00f6sische Marke<\/p>\n<p>UV-Schutz 50+, zertifiziert nach der australischen und neuseel\u00e4ndischen Norm AS\/NZS 4500<\/p>\n<p>Infrarot-Schutz: Das Soway\u00ae-Material leitet W\u00e4rme ab und die M\u00fctze bleibt in der Sonne k\u00fchl (im Gegensatz zu \u201eklassischen\u201c UV-Schutzprodukten)<\/p>\n<p>Bandana-Kappe mit 6 cm breitem Schirm<\/p>\n<p>100 % Polyethylen<\/p>\n<p>Hergestellt in Portugal von einem auf die Herstellung hochwertiger H\u00fcte spezialisierten Unternehmen.<\/p>\n","protected":false},"excerpt":{"rendered":"<h2>UV-Schutz UPF 50+ und Infrarotschutz<\/h2>\n<ul>\n<li>Kappen-Bandana mit 6 cm breitem Schirm (das Gesicht des Kindes bleibt gut im Schatten)<\/li>\n<li>Wei\u00dfer Grund mit rosa Anker-Stoff<\/li>\n<li>Verstellbare Gr\u00f6\u00dfen: 48\/50 (12\/24 Monate) und 52\/54 (3\/6 Jahre)<\/li>\n<li>Verstellbarer Kinnriemen mit Schieber<\/li>\n<li>UV-SCHUTZ 50+, zertifiziert nach der strengsten australischen und neuseel\u00e4ndischen Norm AS\/NZS 4399<\/li>\n<li>Infrarotschutz: Das Soway\u00ae-Material leitet W\u00e4rme ab und der Hut bleibt in der Sonne k\u00fchl (im Gegensatz zu \u201eklassischen\u201c UV-Schutzprodukten)<\/li>\n<li>Mit Stoff gef\u00fctterter Rand oder Schirm, um die Auswirkungen von Lichtreflexionen in den Augen zu begrenzen<\/li>\n<li>Bel\u00fcftet dank einer Mikroperforationstechnik<\/li>\n<li>L\u00e4sst sich in die mitgelieferte Tasche zusammenrollen<\/li>\n<\/ul>\n","protected":false},"featured_media":222188,"template":"","meta":[],"product_brand":[],"product_cat":[435],"product_tag":[422,423],"class_list":{"0":"post-222191","1":"product","2":"type-product","3":"status-publish","4":"has-post-thumbnail","6":"product_cat-kinder-und-babys","7":"product_tag-babys","8":"product_tag-kinder","10":"first","11":"instock","12":"sale","13":"taxable","14":"shipping-taxable","15":"purchasable","16":"product-type-variable"},"_links":{"self":[{"href":"https:\/\/soway.eu\/de\/wp-json\/wp\/v2\/product\/222191","targetHints":{"allow":["GET"]}}],"collection":[{"href":"https:\/\/soway.eu\/de\/wp-json\/wp\/v2\/product"}],"about":[{"href":"https:\/\/soway.eu\/de\/wp-json\/wp\/v2\/types\/product"}],"wp:featuredmedia":[{"embeddable":true,"href":"https:\/\/soway.eu\/de\/wp-json\/wp\/v2\/media\/222188"}],"wp:attachment":[{"href":"https:\/\/soway.eu\/de\/wp-json\/wp\/v2\/media?parent=222191"}],"wp:term":[{"taxonomy":"product_brand","embeddable":true,"href":"https:\/\/soway.eu\/de\/wp-json\/wp\/v2\/product_brand?post=222191"},{"taxonomy":"product_cat","embeddable":true,"href":"https:\/\/soway.eu\/de\/wp-json\/wp\/v2\/product_cat?post=222191"},{"taxonomy":"product_tag","embeddable":true,"href":"https:\/\/soway.eu\/de\/wp-json\/wp\/v2\/product_tag?post=222191"}],"curies":[{"name":"wp","href":"https:\/\/api.w.org\/{rel}","templated":true}]}}