{"id":222234,"date":"2026-03-05T07:26:40","date_gmt":"2026-03-05T07:26:40","guid":{"rendered":"https:\/\/soway.eu\/produit\/222234\/"},"modified":"2026-04-26T07:09:22","modified_gmt":"2026-04-26T07:09:22","slug":"222234","status":"publish","type":"product","link":"https:\/\/soway.eu\/de\/produit\/222234\/","title":{"rendered":"T-Shirt \/ UV-Schutz-Hemd f\u00fcr M\u00e4nner\u201eGu\u00e9thary\u201c \u2013 MADE IN France"},"content":{"rendered":"<p>Soway\u00ae, marque fran\u00e7aise recommand\u00e9e par les dermatologues<\/p>\n<p>Protection ANTI-UV UPF\u00a080, certifi\u00e9e avec le label UV Standard\u00a0801, le plus haut niveau de protection contre les UV<\/p>\n<p>Composition\u00a0: 92\u00a0% Polyamide, 8\u00a0% \u00c9lasthanne<\/p>\n<p>Fabriqu\u00e9(e) en France (Clisson) par une entreprise sp\u00e9cialis\u00e9e dans la confection de pr\u00eat-\u00e0-porter haut de gamme<\/p>\n<p><strong>Description :<\/strong><\/p>\n<ul>\n<li>Couleur\u00a0: vert amande<\/li>\n<li>Tailles\u00a0: M, L, XL, XXL, XXXL<\/li>\n<li>Composition\u00a0: 92\u00a0% Polyamide, 8\u00a0% \u00c9lasthanne<\/li>\n<li>Grammage\u00a0: 200\u00a0g\/m2<\/li>\n<li>Longueur\u00a0: 70\u00a0cm<\/li>\n<\/ul>\n","protected":false},"excerpt":{"rendered":"<p><img loading=\"lazy\" decoding=\"async\" class=\"alignnone size-full wp-image-4835\" src=\"https:\/\/soway.eu\/wp-content\/uploads\/soway-anti-uv-made-in-france.png\" alt=\"Made in France\" width=\"150\" height=\"150\" srcset=\"https:\/\/soway.eu\/wp-content\/uploads\/soway-anti-uv-made-in-france.png 150w, https:\/\/soway.eu\/wp-content\/uploads\/soway-anti-uv-made-in-france-100x100.png 100w\" sizes=\"(max-width: 150px) 100vw, 150px\" \/><\/p>\n<h2>UV-Schutz UPF 50+ und Infrarotschutz<\/h2>\n<ul>\n<li>Hemd mit Stehkragen, langen \u00c4rmeln, UV-Schutz UPF 80 (zertifiziert nach dem UV Standard 801): h\u00f6chste Schutzstufe gegen UV-Strahlung.<\/li>\n<li>Ultraleicht und angenehm zu tragen bei gro\u00dfer Hitze, zertifiziert nach OEKO\u2013TEX\u00ae Standard 100.<\/li>\n<li>Das Hemd wurde entworfen, um Ihnen den bestm\u00f6glichen UV-Schutz zu garantieren (lange \u00c4rmel, gekn\u00f6pfter Kragen), ohne dabei an Chic und Eleganz einzub\u00fc\u00dfen.<\/li>\n<li>Hergestellt in Frankreich (Clisson) von einem auf die Herstellung von hochwertiger Konfektionsmode spezialisierten Unternehmen.<\/li>\n<\/ul>\n<p><strong>Beschreibung:<\/strong><\/p>\n<ul>\n<li>Farbe: Mandelgr\u00fcn<\/li>\n<li>Gr\u00f6\u00dfen: M, L, XL, XXL, XXXL<\/li>\n<li>Material: 92 % Polyamid, 8 % Elasthan<\/li>\n<li>Gewicht: 200 g\/m\u00b2<\/li>\n<li>L\u00e4nge: 70 cm<\/li>\n<\/ul>\n","protected":false},"featured_media":222226,"template":"","meta":[],"product_brand":[],"product_cat":[408,428],"product_tag":[431,409,401],"class_list":{"0":"post-222234","1":"product","2":"type-product","3":"status-publish","4":"has-post-thumbnail","6":"product_cat-fr","7":"product_cat-konfektionskleidung-made-in-france-fur-mannen","8":"product_tag-konfektion","9":"product_tag-made-in-france","10":"product_tag-manner","12":"first","13":"instock","14":"sale","15":"taxable","16":"shipping-taxable","17":"purchasable","18":"product-type-variable"},"_links":{"self":[{"href":"https:\/\/soway.eu\/de\/wp-json\/wp\/v2\/product\/222234","targetHints":{"allow":["GET"]}}],"collection":[{"href":"https:\/\/soway.eu\/de\/wp-json\/wp\/v2\/product"}],"about":[{"href":"https:\/\/soway.eu\/de\/wp-json\/wp\/v2\/types\/product"}],"wp:featuredmedia":[{"embeddable":true,"href":"https:\/\/soway.eu\/de\/wp-json\/wp\/v2\/media\/222226"}],"wp:attachment":[{"href":"https:\/\/soway.eu\/de\/wp-json\/wp\/v2\/media?parent=222234"}],"wp:term":[{"taxonomy":"product_brand","embeddable":true,"href":"https:\/\/soway.eu\/de\/wp-json\/wp\/v2\/product_brand?post=222234"},{"taxonomy":"product_cat","embeddable":true,"href":"https:\/\/soway.eu\/de\/wp-json\/wp\/v2\/product_cat?post=222234"},{"taxonomy":"product_tag","embeddable":true,"href":"https:\/\/soway.eu\/de\/wp-json\/wp\/v2\/product_tag?post=222234"}],"curies":[{"name":"wp","href":"https:\/\/api.w.org\/{rel}","templated":true}]}}