{"id":222244,"date":"2026-03-05T07:28:51","date_gmt":"2026-03-05T07:28:51","guid":{"rendered":"https:\/\/soway.eu\/produit\/222244\/"},"modified":"2026-04-26T07:06:03","modified_gmt":"2026-04-26T07:06:03","slug":"222244","status":"publish","type":"product","link":"https:\/\/soway.eu\/de\/produit\/222244\/","title":{"rendered":"Lang\u00e4rmliges UV-Schutz-T-Shirt f\u00fcr M\u00e4nner\u201eBiarritz\u201c \u2013 MADE IN FRANCE"},"content":{"rendered":"<p>Soway\u00ae, eine von Dermatologen empfohlene franz\u00f6sische Marke<\/p>\n<p>Lang\u00e4rmliges T-Shirt mit UV-Schutz UPF 50+ (Norm AS\/NZS 4399:1996), zertifiziert nach der strengsten australischen Sonnenschutznorm.<\/p>\n<p>Das verwendete Material garantiert absoluten Tragekomfort dank antibakterieller, mit Aloe Vera angereicherter Mikrofasern, die unangenehme Ger\u00fcche verhindern und f\u00fcr ein weiches, geschmeidiges Tragegef\u00fchl sorgen. Es ist sehr atmungsaktiv und trocknet 2,5-mal schneller als Polyamid, das h\u00e4ufig f\u00fcr solche Produkte verwendet wird.<\/p>\n<p>Erh\u00e4ltlich in zwei Farben: Marineblau oder S\u00fcdsee (blau-gr\u00fcn)<\/p>\n<p>Es ist in verschiedenen Gr\u00f6\u00dfen erh\u00e4ltlich: L, XL, XXL, XXXL<\/p>\n<p>Beschreibung:<\/p>\n<ul>\n<li>Material: 82 % Polyester, 18 % Elasthan<\/li>\n<li>Gewicht: 235 g\/m\u00b2<\/li>\n<li>L\u00e4nge: 65 cm<\/li>\n<\/ul>\n<p>Das T-Shirt wurde entworfen, um Ihnen den bestm\u00f6glichen UV-Schutz zu bieten (lange \u00c4rmel, leicht hochgeschlossener Kragen), ohne dabei an Stil und Eleganz einzub\u00fc\u00dfen<\/p>\n","protected":false},"excerpt":{"rendered":"<p><img loading=\"lazy\" decoding=\"async\" class=\"alignnone size-full wp-image-4835\" src=\"https:\/\/soway.eu\/wp-content\/uploads\/soway-anti-uv-made-in-france.png\" alt=\"Made in France\" width=\"150\" height=\"150\" srcset=\"https:\/\/soway.eu\/wp-content\/uploads\/soway-anti-uv-made-in-france.png 150w, https:\/\/soway.eu\/wp-content\/uploads\/soway-anti-uv-made-in-france-100x100.png 100w\" sizes=\"(max-width: 150px) 100vw, 150px\" \/><\/p>\n<h2>UV-Schutz UPF 50+ und Infrarotschutz<\/h2>\n<ul>\n<li>Lang\u00e4rmliges T-Shirt mit UV-Schutz UPF 50+<\/li>\n<li>UV-Schutz UPF 50+ (Norm AS\/NZS 4399:1996), zertifiziert nach der strengsten australischen Sonnenschutznorm<\/li>\n<li>Ideal f\u00fcr den Strand oder Wassersportaktivit\u00e4ten<\/li>\n<li>Das verwendete Material garantiert absoluten Tragekomfort dank antibakterieller, mit Aloe Vera angereicherter Mikrofasern, die unangenehme Ger\u00fcche verhindern und f\u00fcr ein weiches, geschmeidiges Tragegef\u00fchl sorgen. Es ist sehr atmungsaktiv und trocknet 2,5-mal schneller als Polyamid, das h\u00e4ufig f\u00fcr solche Produkte verwendet wird<\/li>\n<li>Hergestellt in Frankreich (Clisson) von einem auf die Herstellung von hochwertiger Konfektionsmode spezialisierten Unternehmen<\/li>\n<li>Das T-Shirt wurde entworfen, um Ihnen den bestm\u00f6glichen UV-Schutz zu garantieren (lange \u00c4rmel, leicht hochgeschlagener Kragen), ohne dabei an Chic und Eleganz einzub\u00fc\u00dfen<\/li>\n<\/ul>\n<p>Beschreibung:<\/p>\n<ul>\n<li>2 Farben zur Auswahl: Marineblau oder S\u00fcdsee (blau-gr\u00fcn)<\/li>\n<li>Gr\u00f6\u00dfen: L, XL, XXL, XXXL<\/li>\n<li>Material: 82 % Polyester, 18 % Elasthan<\/li>\n<li>Gewicht: 235 g\/m\u00b2<\/li>\n<li>L\u00e4nge: 65 cm<\/li>\n<\/ul>\n","protected":false},"featured_media":222239,"template":"","meta":[],"product_brand":[],"product_cat":[408,428],"product_tag":[431,409,401],"class_list":{"0":"post-222244","1":"product","2":"type-product","3":"status-publish","4":"has-post-thumbnail","6":"product_cat-fr","7":"product_cat-konfektionskleidung-made-in-france-fur-mannen","8":"product_tag-konfektion","9":"product_tag-made-in-france","10":"product_tag-manner","12":"first","13":"instock","14":"sale","15":"taxable","16":"shipping-taxable","17":"purchasable","18":"product-type-variable"},"_links":{"self":[{"href":"https:\/\/soway.eu\/de\/wp-json\/wp\/v2\/product\/222244","targetHints":{"allow":["GET"]}}],"collection":[{"href":"https:\/\/soway.eu\/de\/wp-json\/wp\/v2\/product"}],"about":[{"href":"https:\/\/soway.eu\/de\/wp-json\/wp\/v2\/types\/product"}],"wp:featuredmedia":[{"embeddable":true,"href":"https:\/\/soway.eu\/de\/wp-json\/wp\/v2\/media\/222239"}],"wp:attachment":[{"href":"https:\/\/soway.eu\/de\/wp-json\/wp\/v2\/media?parent=222244"}],"wp:term":[{"taxonomy":"product_brand","embeddable":true,"href":"https:\/\/soway.eu\/de\/wp-json\/wp\/v2\/product_brand?post=222244"},{"taxonomy":"product_cat","embeddable":true,"href":"https:\/\/soway.eu\/de\/wp-json\/wp\/v2\/product_cat?post=222244"},{"taxonomy":"product_tag","embeddable":true,"href":"https:\/\/soway.eu\/de\/wp-json\/wp\/v2\/product_tag?post=222244"}],"curies":[{"name":"wp","href":"https:\/\/api.w.org\/{rel}","templated":true}]}}