{"id":222256,"date":"2026-03-05T07:28:51","date_gmt":"2026-03-05T07:28:51","guid":{"rendered":"https:\/\/soway.eu\/produit\/langaermliges-uv-schutz-polohemd-fuer-maenneranglet\/"},"modified":"2026-04-25T16:15:21","modified_gmt":"2026-04-25T16:15:21","slug":"langaermliges-uv-schutz-polohemd-fuer-maenneranglet","status":"publish","type":"product","link":"https:\/\/soway.eu\/de\/produit\/langaermliges-uv-schutz-polohemd-fuer-maenneranglet\/","title":{"rendered":"Lang\u00e4rmliges UV-Schutz-Polohemd f\u00fcr M\u00e4nner\u201eAnglet\u201c"},"content":{"rendered":"<p>MADE IN FRANCE<\/p>\n<p>Lang\u00e4rmliges Polohemd, UV-Schutz UPF 80 (zertifiziert nach dem UV Standard 801): h\u00f6chster UV-Schutz.<\/p>\n<p>Ultraleicht und angenehm zu tragen bei gro\u00dfer Hitze, zertifiziert nach dem <b><i>OEKO\u2013TEX\u00ae<\/i><\/b> Standard 100.<\/p>\n<p>Hergestellt in Frankreich (Clisson) von einem auf die Herstellung von hochwertiger Konfektionsmode spezialisierten Unternehmen<\/p>\n<p>Das Polo wurde entworfen, um Ihnen den bestm\u00f6glichen UV-Schutz zu garantieren (lange \u00c4rmel, gekn\u00f6pfter Kragen), ohne dabei an Chic und Eleganz einzub\u00fc\u00dfen<\/p>\n<p>Beschreibung:<\/p>\n<ul>\n<li>Farbe: Mandelgr\u00fcn<\/li>\n<li>Gr\u00f6\u00dfen: M, L, XL, XXL<\/li>\n<li>Material: 92 % Polyamid, 8 % Elasthan<\/li>\n<li>Gewicht: 200 g\/m\u00b2<\/li>\n<li>L\u00e4nge: 70 cm<\/li>\n<\/ul>\n","protected":false},"excerpt":{"rendered":"<p><img loading=\"lazy\" decoding=\"async\" class=\"alignnone size-full wp-image-4835\" src=\"https:\/\/soway.eu\/wp-content\/uploads\/soway-anti-uv-made-in-france.png\" alt=\"Made in France\" width=\"150\" height=\"150\" srcset=\"https:\/\/soway.eu\/wp-content\/uploads\/soway-anti-uv-made-in-france.png 150w, https:\/\/soway.eu\/wp-content\/uploads\/soway-anti-uv-made-in-france-100x100.png 100w\" sizes=\"(max-width: 150px) 100vw, 150px\" \/><\/p>\n<h2>UV-Schutz UPF 50+ und Infrarot-Schutz<\/h2>\n<ul>\n<li>Lang\u00e4rmliges Polohemd, UV-Schutz UPF 80 (zertifiziert nach dem UV Standard 801): h\u00f6chster UV-Schutz.<\/li>\n<li>Ultraleicht und angenehm zu tragen bei gro\u00dfer Hitze, zertifiziert nach dem <strong><em>OEKO\u2013TEX\u00ae<\/em><\/strong>\u00a0Standard 100.<\/li>\n<li>Hergestellt in Frankreich (Clisson) von einem auf die Herstellung von hochwertiger Konfektionsmode spezialisierten Unternehmen<\/li>\n<li>Das Polo wurde entworfen, um Ihnen den bestm\u00f6glichen UV-Schutz zu garantieren (lange \u00c4rmel, gekn\u00f6pfter Kragen), ohne dabei an Chic und Eleganz einzub\u00fc\u00dfen<\/li>\n<\/ul>\n<p>Beschreibung:<\/p>\n<ul>\n<li>Farbe: Mandelgr\u00fcn<\/li>\n<li>Gr\u00f6\u00dfen: M, L, XL, XXL<\/li>\n<li>Material: 92 % Polyamid, 8 % Elasthan<\/li>\n<li>Gewicht: 200 g\/m\u00b2<\/li>\n<li>L\u00e4nge: 70 cm<\/li>\n<\/ul>\n","protected":false},"featured_media":222250,"template":"","meta":[],"product_brand":[],"product_cat":[408,428],"product_tag":[431,409,401],"class_list":{"0":"post-222256","1":"product","2":"type-product","3":"status-publish","4":"has-post-thumbnail","6":"product_cat-fr","7":"product_cat-konfektionskleidung-made-in-france-fur-mannen","8":"product_tag-konfektion","9":"product_tag-made-in-france","10":"product_tag-manner","12":"first","13":"instock","14":"sale","15":"taxable","16":"shipping-taxable","17":"purchasable","18":"product-type-variable"},"_links":{"self":[{"href":"https:\/\/soway.eu\/de\/wp-json\/wp\/v2\/product\/222256","targetHints":{"allow":["GET"]}}],"collection":[{"href":"https:\/\/soway.eu\/de\/wp-json\/wp\/v2\/product"}],"about":[{"href":"https:\/\/soway.eu\/de\/wp-json\/wp\/v2\/types\/product"}],"wp:featuredmedia":[{"embeddable":true,"href":"https:\/\/soway.eu\/de\/wp-json\/wp\/v2\/media\/222250"}],"wp:attachment":[{"href":"https:\/\/soway.eu\/de\/wp-json\/wp\/v2\/media?parent=222256"}],"wp:term":[{"taxonomy":"product_brand","embeddable":true,"href":"https:\/\/soway.eu\/de\/wp-json\/wp\/v2\/product_brand?post=222256"},{"taxonomy":"product_cat","embeddable":true,"href":"https:\/\/soway.eu\/de\/wp-json\/wp\/v2\/product_cat?post=222256"},{"taxonomy":"product_tag","embeddable":true,"href":"https:\/\/soway.eu\/de\/wp-json\/wp\/v2\/product_tag?post=222256"}],"curies":[{"name":"wp","href":"https:\/\/api.w.org\/{rel}","templated":true}]}}