{"id":222273,"date":"2026-03-05T07:27:30","date_gmt":"2026-03-05T07:27:30","guid":{"rendered":"https:\/\/soway.eu\/produit\/222273\/"},"modified":"2026-04-26T07:03:05","modified_gmt":"2026-04-26T07:03:05","slug":"222273","status":"publish","type":"product","link":"https:\/\/soway.eu\/de\/produit\/222273\/","title":{"rendered":"Extra gro\u00dfer UV-Schutz-Pareo f\u00fcr Damen \u2013 MADE IN FRANCE"},"content":{"rendered":"<p>MADE IN FRANCE<\/p>\n<p>UV-Schutz-Pareo UPF 50+ (Norm AS\/NZS 4399:1996), zertifiziert nach der strengsten australischen Sonnenschutznorm.<\/p>\n<p>Hergestellt in Frankreich von einem auf die Herstellung von hochwertiger Konfektionskleidung spezialisierten Unternehmen.<\/p>\n<p>Ideal als Pareo\/Strandtuch oder zum Bedecken der Schultern oder Beine.<\/p>\n<p>Das verwendete Material garantiert absoluten Komfort dank antibakterieller, mit Aloe Vera angereicherter Mikrofasern, die unangenehme Ger\u00fcche verhindern und f\u00fcr ein weiches, geschmeidiges Tragegef\u00fchl sorgen. Es ist sehr atmungsaktiv und trocknet 2,5-mal schneller als Polyamid, das h\u00e4ufig f\u00fcr solche Produkte verwendet wird.<\/p>\n<ul>\n<li>Farbe: Tropical (marineblau mit Blumenmuster)<\/li>\n<li>Material: 86 % Polyester, 14 % Elasthan<\/li>\n<li>Ma\u00dfe: 140 \u00d7 180 cm<\/li>\n<li>Gewicht: 150 g\/m\u00b2<\/li>\n<\/ul>\n","protected":false},"excerpt":{"rendered":"<p><img loading=\"lazy\" decoding=\"async\" class=\"alignnone size-full wp-image-4835\" src=\"https:\/\/soway.eu\/wp-content\/uploads\/soway-anti-uv-made-in-france.png\" alt=\"Made in France\" width=\"150\" height=\"150\" srcset=\"https:\/\/soway.eu\/wp-content\/uploads\/soway-anti-uv-made-in-france.png 150w, https:\/\/soway.eu\/wp-content\/uploads\/soway-anti-uv-made-in-france-100x100.png 100w\" sizes=\"(max-width: 150px) 100vw, 150px\" \/><\/p>\n<h2>UV-Schutz UPF 50+ und Infrarot-Schutz<\/h2>\n<ul>\n<li>UV-Schutz-Pareo UPF 50+ (Norm AS\/NZS 4399:1996), zertifiziert nach der strengsten australischen Sonnenschutznorm<\/li>\n<li>Hergestellt in Frankreich von einem auf die Herstellung von hochwertiger Konfektionsmode spezialisierten Unternehmen<\/li>\n<li>Das verwendete Material garantiert h\u00f6chsten Tragekomfort dank antibakterieller Mikrofasern mit Aloe-Vera-Zusatz, die unangenehme Ger\u00fcche verhindern und f\u00fcr ein weiches, geschmeidiges Tragegef\u00fchl sorgen. Es ist \u00e4u\u00dferst atmungsaktiv und trocknet 2,5-mal schneller als Polyamid, das h\u00e4ufig f\u00fcr solche Produkte verwendet wird<\/li>\n<\/ul>\n<p>Beschreibung:<\/p>\n<ul>\n<li>Farbe: Tropical (marineblau mit Blumenmuster)<\/li>\n<li>Material: 86 % Polyester, 14 % Elasthan<\/li>\n<li>Ma\u00dfe: 140 \u00d7 180 cm<\/li>\n<li>Gewicht: 150 g\/m\u00b2<\/li>\n<\/ul>\n","protected":false},"featured_media":222270,"template":"","meta":[],"product_brand":[],"product_cat":[408,429],"product_tag":[383,431],"class_list":{"0":"post-222273","1":"product","2":"type-product","3":"status-publish","4":"has-post-thumbnail","6":"product_cat-fr","7":"product_cat-konfektionskleidung-made-in-france-fur-damen","8":"product_tag-frauen","9":"product_tag-konfektion","11":"first","12":"outofstock","13":"sale","14":"taxable","15":"shipping-taxable","16":"purchasable","17":"product-type-simple"},"_links":{"self":[{"href":"https:\/\/soway.eu\/de\/wp-json\/wp\/v2\/product\/222273","targetHints":{"allow":["GET"]}}],"collection":[{"href":"https:\/\/soway.eu\/de\/wp-json\/wp\/v2\/product"}],"about":[{"href":"https:\/\/soway.eu\/de\/wp-json\/wp\/v2\/types\/product"}],"wp:featuredmedia":[{"embeddable":true,"href":"https:\/\/soway.eu\/de\/wp-json\/wp\/v2\/media\/222270"}],"wp:attachment":[{"href":"https:\/\/soway.eu\/de\/wp-json\/wp\/v2\/media?parent=222273"}],"wp:term":[{"taxonomy":"product_brand","embeddable":true,"href":"https:\/\/soway.eu\/de\/wp-json\/wp\/v2\/product_brand?post=222273"},{"taxonomy":"product_cat","embeddable":true,"href":"https:\/\/soway.eu\/de\/wp-json\/wp\/v2\/product_cat?post=222273"},{"taxonomy":"product_tag","embeddable":true,"href":"https:\/\/soway.eu\/de\/wp-json\/wp\/v2\/product_tag?post=222273"}],"curies":[{"name":"wp","href":"https:\/\/api.w.org\/{rel}","templated":true}]}}