{"id":222283,"date":"2026-03-05T07:27:30","date_gmt":"2026-03-05T07:27:30","guid":{"rendered":"https:\/\/soway.eu\/produit\/langaermliges-uv-schutz-t-shirt-fuer-damen-cap-ferret-made-in-france\/"},"modified":"2026-03-05T07:27:30","modified_gmt":"2026-03-05T07:27:30","slug":"langaermliges-uv-schutz-t-shirt-fuer-damen-cap-ferret-made-in-france","status":"publish","type":"product","link":"https:\/\/soway.eu\/de\/produit\/langaermliges-uv-schutz-t-shirt-fuer-damen-cap-ferret-made-in-france\/","title":{"rendered":"Lang\u00e4rmliges UV-Schutz-T-Shirt f\u00fcr Damen \u201eCap Ferret\u201c \u2013 MADE IN FRANCE"},"content":{"rendered":"<p>MADE IN FRANCE<\/p>\n<p>Lang\u00e4rmliges UV-Schutz-T-Shirt mit UPF 50+ (Norm AS\/NZS 4399:1996), zertifiziert nach der strengsten australischen Sonnenschutznorm.<\/p>\n<p>Hergestellt in Frankreich von einem auf die Herstellung von hochwertiger Konfektionskleidung spezialisierten Unternehmen.<\/p>\n<p>Ideal f\u00fcr den Strand oder Wassersportaktivit\u00e4ten.<\/p>\n<p>Das verwendete Material garantiert absoluten Komfort dank antibakterieller, mit Aloe Vera angereicherter Mikrofasern, die unangenehme Ger\u00fcche verhindern und f\u00fcr ein weiches, geschmeidiges Tragegef\u00fchl sorgen. Es ist sehr atmungsaktiv und trocknet 2,5-mal schneller als Polyamid, das h\u00e4ufig f\u00fcr solche Produkte verwendet wird.<\/p>\n<ul>\n<li>Erh\u00e4ltlich in zwei Farben: Tropical (marineblau mit Blumenmuster) oder Bloody Mary (einfarbig korallenrot)<\/li>\n<li>Erh\u00e4ltlich in verschiedenen Gr\u00f6\u00dfen: S, M, L, XL, XXL, XXL<\/li>\n<li>Material: 86 % Polyester, 14 % Elasthan (Tropical) und 82 % Polyester, 18 % Elasthan (Bloody Mary)<\/li>\n<li>Gewicht: 150 g\/m\u00b2 (Tropical), 235 g\/m\u00b2 (Bloody Mary)<\/li>\n<li>L\u00e4nge: 63 cm<\/li>\n<\/ul>\n","protected":false},"excerpt":{"rendered":"<p><img loading=\"lazy\" decoding=\"async\" class=\"alignnone size-full wp-image-4835\" src=\"http:\/\/soway.eu\/wp-content\/uploads\/soway-anti-uv-made-in-france.png\" alt=\"Made in France\" width=\"150\" height=\"150\" srcset=\"https:\/\/soway.eu\/wp-content\/uploads\/soway-anti-uv-made-in-france.png 150w, https:\/\/soway.eu\/wp-content\/uploads\/soway-anti-uv-made-in-france-100x100.png 100w\" sizes=\"(max-width: 150px) 100vw, 150px\" \/><\/p>\n<h2>UV-Schutz UPF 50+ und Infrarotschutz<\/h2>\n<ul>\n<li>Lang\u00e4rmliges UV-Schutz-T-Shirt UPF 50+ (Norm AS\/NZS 4399:1996), zertifiziert nach der strengsten australischen Sonnenschutznorm<\/li>\n<li>Hergestellt in Frankreich von einem auf die Herstellung von hochwertiger Konfektionskleidung spezialisierten Unternehmen<\/li>\n<li>Ideal f\u00fcr den Strand oder Wassersport<\/li>\n<li>Das verwendete Material garantiert absoluten Komfort dank antibakterieller, mit Aloe Vera angereicherter Mikrofasern, die unangenehme Ger\u00fcche verhindern und f\u00fcr ein weiches, geschmeidiges Tragegef\u00fchl sorgen. Es ist sehr atmungsaktiv und trocknet 2,5-mal schneller als Polyamid, das h\u00e4ufig f\u00fcr solche Produkte verwendet wird<\/li>\n<li>Das T-Shirt wurde so entworfen, dass es Ihnen maximalen UV-Schutz bietet (lange \u00c4rmel, Stehkragen), dabei aber schick und elegant bleibt.<\/li>\n<\/ul>\n<p>Beschreibung:<\/p>\n<ul>\n<li>2 Farben zur Auswahl: Tropical (marineblau mit Blumenmuster) oder Bloody Mary (einfarbig korallenrot)<\/li>\n<li>Material: 86 % Polyester, 14 % Elasthan<\/li>\n<li>Gr\u00f6\u00dfen: S, M, L, XL, XXL<\/li>\n<li>Material: 86 % Polyester, 14 % Elasthan (Tropical) und 82 % Polyester, 18 % Elasthan (Bloody Mary)<\/li>\n<li>Gewicht: 150 g\/m\u00b2 (Tropical), 235 g\/m\u00b2 (Bloody Mary)<\/li>\n<li>L\u00e4nge: 63 cm<\/li>\n<\/ul>\n","protected":false},"featured_media":222275,"template":"","meta":[],"product_brand":[],"product_cat":[408,429],"product_tag":[383,431,409],"class_list":{"0":"post-222283","1":"product","2":"type-product","3":"status-publish","4":"has-post-thumbnail","6":"product_cat-fr","7":"product_cat-konfektionskleidung-made-in-france-fur-damen","8":"product_tag-frauen","9":"product_tag-konfektion","10":"product_tag-made-in-france","12":"first","13":"instock","14":"sale","15":"taxable","16":"shipping-taxable","17":"purchasable","18":"product-type-variable"},"_links":{"self":[{"href":"https:\/\/soway.eu\/de\/wp-json\/wp\/v2\/product\/222283","targetHints":{"allow":["GET"]}}],"collection":[{"href":"https:\/\/soway.eu\/de\/wp-json\/wp\/v2\/product"}],"about":[{"href":"https:\/\/soway.eu\/de\/wp-json\/wp\/v2\/types\/product"}],"wp:featuredmedia":[{"embeddable":true,"href":"https:\/\/soway.eu\/de\/wp-json\/wp\/v2\/media\/222275"}],"wp:attachment":[{"href":"https:\/\/soway.eu\/de\/wp-json\/wp\/v2\/media?parent=222283"}],"wp:term":[{"taxonomy":"product_brand","embeddable":true,"href":"https:\/\/soway.eu\/de\/wp-json\/wp\/v2\/product_brand?post=222283"},{"taxonomy":"product_cat","embeddable":true,"href":"https:\/\/soway.eu\/de\/wp-json\/wp\/v2\/product_cat?post=222283"},{"taxonomy":"product_tag","embeddable":true,"href":"https:\/\/soway.eu\/de\/wp-json\/wp\/v2\/product_tag?post=222283"}],"curies":[{"name":"wp","href":"https:\/\/api.w.org\/{rel}","templated":true}]}}