{"id":222305,"date":"2026-03-05T07:26:41","date_gmt":"2026-03-05T07:26:41","guid":{"rendered":"https:\/\/soway.eu\/produit\/222305\/"},"modified":"2026-04-26T07:04:47","modified_gmt":"2026-04-26T07:04:47","slug":"222305","status":"publish","type":"product","link":"https:\/\/soway.eu\/de\/produit\/222305\/","title":{"rendered":"Langes UV-Schutzkleid f\u00fcr Damen \u201eBel\u00e9m\u201c \u2013 MADE IN FRANCE"},"content":{"rendered":"<p>Langes UV-Schutzkleid mit UPF 50+ (Norm AS\/NZS 4399:1996), zertifiziert nach der strengsten australischen Sonnenschutznorm<\/p>\n<p>Hergestellt in Frankreich von einem auf die Herstellung von hochwertiger Konfektionskleidung spezialisierten Unternehmen.<\/p>\n<p>Das verwendete Material garantiert absoluten Komfort und Bewegungsfreiheit dank antibakterieller, mit Aloe Vera angereicherter Mikrofasern, die unangenehme Ger\u00fcche verhindern und f\u00fcr einen weichen, ultra-geschmeidigen Griff sorgen.<\/p>\n<p>Das Kleid wurde entworfen, um Ihnen den bestm\u00f6glichen UV-Schutz zu bieten (lange \u00c4rmel, gekn\u00f6pfter Kragen, bedeckt die Beine), ohne dabei an Chic und Eleganz einzub\u00fc\u00dfen<\/p>\n<p>Beschreibung:<\/p>\n<ul>\n<li>Verf\u00fcgbare Farbe: Tropical (marineblau mit Blumenmuster)<\/li>\n<li>Gr\u00f6\u00dfen: S, M, L, XL, XXL<\/li>\n<li>Material: 86 % Polyester, 14 % Elasthan<\/li>\n<li>Grammatur: 150 g\/m\u00b2<\/li>\n<li>L\u00e4nge: 138 cm<\/li>\n<\/ul>\n","protected":false},"excerpt":{"rendered":"<p><img loading=\"lazy\" decoding=\"async\" class=\"alignnone size-full wp-image-4835\" src=\"https:\/\/soway.eu\/wp-content\/uploads\/soway-anti-uv-made-in-france.png\" alt=\"Made in France\" width=\"150\" height=\"150\" srcset=\"https:\/\/soway.eu\/wp-content\/uploads\/soway-anti-uv-made-in-france.png 150w, https:\/\/soway.eu\/wp-content\/uploads\/soway-anti-uv-made-in-france-100x100.png 100w\" sizes=\"(max-width: 150px) 100vw, 150px\" \/><\/p>\n<h2>UV-Schutz UPF 50+ und Infrarotschutz<\/h2>\n<ul>\n<li>Langes UV-Schutzkleid UPF 50+ (Norm AS\/NZS 4399:1996), zertifiziert nach der strengsten australischen Sonnenschutznorm<\/li>\n<li>Hergestellt in Frankreich von einem auf die Herstellung von hochwertiger Konfektionsmode spezialisierten Unternehmen<\/li>\n<li>Das verwendete Material garantiert absoluten Komfort und Bewegungsfreiheit dank antibakterieller, mit Aloe Vera angereicherter Mikrofasern, die unangenehme Ger\u00fcche verhindern und f\u00fcr ein weiches, ultra-geschmeidiges Tragegef\u00fchl sorgen.<\/li>\n<li>Das Kleid wurde entworfen, um Ihnen maximalen UV-Schutz zu bieten (lange \u00c4rmel, gekn\u00f6pfter Kragen, bedeckt die Beine), ohne dabei an Chic und Eleganz einzub\u00fc\u00dfen<\/li>\n<\/ul>\n<p>Beschreibung:<\/p>\n<ul>\n<li>Farbe: Tropical (marineblau mit Blumenmuster)<\/li>\n<li>Gr\u00f6\u00dfen: S, M, L, XL, XXL<\/li>\n<li>Material: 86 % Polyester, 14 % Elasthan<\/li>\n<li>Gewicht: 150 g\/m\u00b2<\/li>\n<li>L\u00e4nge: 138 cm<\/li>\n<\/ul>\n","protected":false},"featured_media":222297,"template":"","meta":[],"product_brand":[],"product_cat":[408,429],"product_tag":[383,431,409],"class_list":{"0":"post-222305","1":"product","2":"type-product","3":"status-publish","4":"has-post-thumbnail","6":"product_cat-fr","7":"product_cat-konfektionskleidung-made-in-france-fur-damen","8":"product_tag-frauen","9":"product_tag-konfektion","10":"product_tag-made-in-france","12":"first","13":"instock","14":"sale","15":"taxable","16":"shipping-taxable","17":"purchasable","18":"product-type-variable"},"_links":{"self":[{"href":"https:\/\/soway.eu\/de\/wp-json\/wp\/v2\/product\/222305","targetHints":{"allow":["GET"]}}],"collection":[{"href":"https:\/\/soway.eu\/de\/wp-json\/wp\/v2\/product"}],"about":[{"href":"https:\/\/soway.eu\/de\/wp-json\/wp\/v2\/types\/product"}],"wp:featuredmedia":[{"embeddable":true,"href":"https:\/\/soway.eu\/de\/wp-json\/wp\/v2\/media\/222297"}],"wp:attachment":[{"href":"https:\/\/soway.eu\/de\/wp-json\/wp\/v2\/media?parent=222305"}],"wp:term":[{"taxonomy":"product_brand","embeddable":true,"href":"https:\/\/soway.eu\/de\/wp-json\/wp\/v2\/product_brand?post=222305"},{"taxonomy":"product_cat","embeddable":true,"href":"https:\/\/soway.eu\/de\/wp-json\/wp\/v2\/product_cat?post=222305"},{"taxonomy":"product_tag","embeddable":true,"href":"https:\/\/soway.eu\/de\/wp-json\/wp\/v2\/product_tag?post=222305"}],"curies":[{"name":"wp","href":"https:\/\/api.w.org\/{rel}","templated":true}]}}