{"id":222312,"date":"2026-03-05T07:28:51","date_gmt":"2026-03-05T07:28:51","guid":{"rendered":"https:\/\/soway.eu\/produit\/222312\/"},"modified":"2026-04-26T06:18:07","modified_gmt":"2026-04-26T06:18:07","slug":"222312","status":"publish","type":"product","link":"https:\/\/soway.eu\/de\/produit\/222312\/","title":{"rendered":"UV-Schutz- Schutzmanschetten f\u00fcr Damen und M\u00e4nner\u2013 MADE IN FRANCE"},"content":{"rendered":"<p><strong>Gr\u00f6\u00dfen: M, L, XL, XXL<\/strong><\/p>\n<p><u>Gr\u00f6\u00dfenangaben: M<\/u><\/p>\n<ul>\n<li>Gesamtl\u00e4nge: 40 cm<\/li>\n<li>Oberarmumfang: ca. 23\u201327 cm<\/li>\n<li>Unterarmumfang: ca. 13\u201315 cm<\/li>\n<\/ul>\n<p><u>Gr\u00f6\u00dfenangaben: L<\/u><\/p>\n<ul>\n<li>Gesamtl\u00e4nge: 41 cm<\/li>\n<li>Oberarmumfang: ca. 25\u201329 cm<\/li>\n<li>Unterarmumfang: ca. 15\u201318 cm<\/li>\n<\/ul>\n<p><u>Gr\u00f6\u00dfenangaben: XL<\/u><\/p>\n<ul>\n<li>Gesamtl\u00e4nge: 42 cm<\/li>\n<li>Oberarmumfang: ca. 27\u201332 cm<\/li>\n<li>Unterarmumfang: ca. 18\u201320 cm<\/li>\n<\/ul>\n<p><u>Gr\u00f6\u00dfenangaben: XXL<\/u><\/p>\n<ul>\n<li>Gesamtl\u00e4nge: 43 cm<\/li>\n<li>Oberarmumfang: ca. 29\u201334 cm<\/li>\n<li>Unterarmumfang: ca. 20\u201322 cm<\/li>\n<\/ul>\n<p>Material: 82 % Polyester, 18 % Elasthan<\/p>\n<p>Grammatur: 235 g\/m\u00b2<\/p>\n","protected":false},"excerpt":{"rendered":"<p><img loading=\"lazy\" decoding=\"async\" class=\"alignnone size-full wp-image-4835\" src=\"https:\/\/soway.eu\/wp-content\/uploads\/soway-anti-uv-made-in-france.png\" alt=\"Made in France\" width=\"150\" height=\"150\" srcset=\"https:\/\/soway.eu\/wp-content\/uploads\/soway-anti-uv-made-in-france.png 150w, https:\/\/soway.eu\/wp-content\/uploads\/soway-anti-uv-made-in-france-100x100.png 100w\" sizes=\"(max-width: 150px) 100vw, 150px\" \/><\/p>\n<h2>UV-Schutz UPF 50+ und Infrarotschutz<\/h2>\n<ul>\n<li>Dehnbare Armstulpen f\u00fcr Damen und Herren, UV-Schutz UPF 50+ (Norm AS\/NZS 4399:1996), zertifiziert nach der strengsten australischen Sonnenschutznorm.<\/li>\n<li>Hergestellt in Clisson (Frankreich) von einem auf die Herstellung von hochwertiger Konfektionskleidung spezialisierten Unternehmen.<\/li>\n<li>Ein rutschfester Silikonstreifen sorgt daf\u00fcr, dass die \u00c4rmelb\u00e4nder fest am Arm sitzen und nicht verrutschen.<\/li>\n<li>Ideal f\u00fcr Outdoor-Sportarten und den Strand. L\u00e4sst sich im Handumdrehen \u00fcberziehen, wenn man ein T-Shirt oder ein kurz\u00e4rmeliges Polohemd tr\u00e4gt.<\/li>\n<li>Weicher, geschmeidiger Griff.<\/li>\n<li>Atmungsaktives Material, das 2,5-mal schneller trocknet als Polyamid, das h\u00e4ufig f\u00fcr diese Produkte verwendet wird.<\/li>\n<li>Farbe: Marineblau<\/li>\n<li>Gr\u00f6\u00dfen: M, L, XL, XXL (siehe Details unten)<\/li>\n<\/ul>\n","protected":false},"featured_media":222309,"template":"","meta":[],"product_brand":[],"product_cat":[428],"product_tag":[409,401],"class_list":{"0":"post-222312","1":"product","2":"type-product","3":"status-publish","4":"has-post-thumbnail","6":"product_cat-konfektionskleidung-made-in-france-fur-mannen","7":"product_tag-made-in-france","8":"product_tag-manner","10":"first","11":"instock","12":"taxable","13":"shipping-taxable","14":"purchasable","15":"product-type-variable"},"_links":{"self":[{"href":"https:\/\/soway.eu\/de\/wp-json\/wp\/v2\/product\/222312","targetHints":{"allow":["GET"]}}],"collection":[{"href":"https:\/\/soway.eu\/de\/wp-json\/wp\/v2\/product"}],"about":[{"href":"https:\/\/soway.eu\/de\/wp-json\/wp\/v2\/types\/product"}],"wp:featuredmedia":[{"embeddable":true,"href":"https:\/\/soway.eu\/de\/wp-json\/wp\/v2\/media\/222309"}],"wp:attachment":[{"href":"https:\/\/soway.eu\/de\/wp-json\/wp\/v2\/media?parent=222312"}],"wp:term":[{"taxonomy":"product_brand","embeddable":true,"href":"https:\/\/soway.eu\/de\/wp-json\/wp\/v2\/product_brand?post=222312"},{"taxonomy":"product_cat","embeddable":true,"href":"https:\/\/soway.eu\/de\/wp-json\/wp\/v2\/product_cat?post=222312"},{"taxonomy":"product_tag","embeddable":true,"href":"https:\/\/soway.eu\/de\/wp-json\/wp\/v2\/product_tag?post=222312"}],"curies":[{"name":"wp","href":"https:\/\/api.w.org\/{rel}","templated":true}]}}