{"id":3070,"date":"2025-07-13T05:44:17","date_gmt":"2025-07-13T05:44:17","guid":{"rendered":"https:\/\/soway.eu\/produit\/defekt-bob-amaury-weiss-mausgrau\/"},"modified":"2026-03-04T05:54:45","modified_gmt":"2026-03-04T05:54:45","slug":"defekt-bob-amaury-weiss-mausgrau","status":"publish","type":"product","link":"https:\/\/soway.eu\/de\/produit\/defekt-bob-amaury-weiss-mausgrau\/","title":{"rendered":"DEFEKT &#8211; Bob Amaury Wei\u00df\/Mausgrau"},"content":{"rendered":"<div class=\"et_pb_module et_pb_text et_pb_text_0_tb_body et_pb_text_align_left et_pb_bg_layout_light\">\n<div class=\"et_pb_text_inner\">\n<h2>UV-Schutz UPF 50+ und Infrarot-Schutz<\/h2>\n<\/div>\n<\/div>\n<div class=\"et_pb_module et_pb_text et_pb_text_1_tb_body et_pb_text_align_left et_pb_bg_layout_light\">\n<div class=\"et_pb_text_inner\">\n<div class=\"woocommerce et-dynamic-content-woo et-dynamic-content-woo--product_short_description\"><strong>FEHLERHAFT: Leichte rosa Verf\u00e4rbung oberhalb des grauen Stoffstreifens (siehe zweites Foto)<\/strong><\/div>\n<div class=\"woocommerce et-dynamic-content-woo et-dynamic-content-woo--product_short_description\">UV-SCHUTZ 50+, zertifiziert nach der strengsten australischen und neuseel\u00e4ndischen Norm AS\/NZS 4399<br \/>INFRAROTABWEISEND: Der Hut reflektiert die W\u00e4rme und es ist darunter weniger hei\u00df als drau\u00dfen.<br \/>Unisex-Bob mit 6 cm breiter Krempe.<br \/>Wei\u00dfe Basis mit mausgrauem Band.<br \/>Verstellbares Kinnband mit Schieber.<\/div>\n<div class=\"woocommerce et-dynamic-content-woo et-dynamic-content-woo--product_short_description\">Verstellbare Gr\u00f6\u00dfen.<\/div>\n<\/div>\n<\/div>\n","protected":false},"excerpt":{"rendered":"<div class=\"et_pb_module et_pb_text et_pb_text_0_tb_body et_pb_text_align_left et_pb_bg_layout_light\">\n<div class=\"et_pb_text_inner\">\n<h2>UV-Schutz UPF 50+ und Infrarot-Schutz<\/h2>\n<\/div>\n<\/div>\n<div class=\"et_pb_module et_pb_text et_pb_text_1_tb_body et_pb_text_align_left et_pb_bg_layout_light\">\n<div class=\"et_pb_text_inner\">\n<div class=\"woocommerce et-dynamic-content-woo et-dynamic-content-woo--product_short_description\"><strong>FEHLERHAFT: Leichte rosa Verf\u00e4rbung oberhalb des grauen Stoffstreifens (siehe zweites Foto)<\/strong><\/div>\n<div class=\"woocommerce et-dynamic-content-woo et-dynamic-content-woo--product_short_description\">UV-SCHUTZ 50+, zertifiziert nach der strengsten australischen und neuseel\u00e4ndischen Norm AS\/NZS 4399<\/div>\n<div class=\"woocommerce et-dynamic-content-woo et-dynamic-content-woo--product_short_description\">INFRAROTABWEISEND: Der Hut reflektiert die W\u00e4rme und es ist darunter weniger hei\u00df als drau\u00dfen.<\/div>\n<div class=\"woocommerce et-dynamic-content-woo et-dynamic-content-woo--product_short_description\">Unisex-Bob mit 6 cm breiter Krempe.<\/div>\n<div class=\"woocommerce et-dynamic-content-woo et-dynamic-content-woo--product_short_description\">Wei\u00dfe Basis mit mausgrauem Band.<\/div>\n<div class=\"woocommerce et-dynamic-content-woo et-dynamic-content-woo--product_short_description\">Verstellbares Kinnband mit Schieber.<\/div>\n<div class=\"woocommerce et-dynamic-content-woo et-dynamic-content-woo--product_short_description\">Verstellbare Gr\u00f6\u00dfen.<\/div>\n<\/div>\n<\/div>\n","protected":false},"featured_media":3197,"comment_status":"closed","ping_status":"closed","template":"","meta":[],"product_brand":[],"product_cat":[121,120],"product_tag":[],"class_list":{"0":"post-3070","1":"product","2":"type-product","3":"status-publish","4":"has-post-thumbnail","6":"product_cat-hute","7":"product_cat-rand-6-cm","9":"first","10":"instock","11":"sale","12":"taxable","13":"shipping-taxable","14":"purchasable","15":"product-type-variable"},"_links":{"self":[{"href":"https:\/\/soway.eu\/de\/wp-json\/wp\/v2\/product\/3070","targetHints":{"allow":["GET"]}}],"collection":[{"href":"https:\/\/soway.eu\/de\/wp-json\/wp\/v2\/product"}],"about":[{"href":"https:\/\/soway.eu\/de\/wp-json\/wp\/v2\/types\/product"}],"replies":[{"embeddable":true,"href":"https:\/\/soway.eu\/de\/wp-json\/wp\/v2\/comments?post=3070"}],"wp:featuredmedia":[{"embeddable":true,"href":"https:\/\/soway.eu\/de\/wp-json\/wp\/v2\/media\/3197"}],"wp:attachment":[{"href":"https:\/\/soway.eu\/de\/wp-json\/wp\/v2\/media?parent=3070"}],"wp:term":[{"taxonomy":"product_brand","embeddable":true,"href":"https:\/\/soway.eu\/de\/wp-json\/wp\/v2\/product_brand?post=3070"},{"taxonomy":"product_cat","embeddable":true,"href":"https:\/\/soway.eu\/de\/wp-json\/wp\/v2\/product_cat?post=3070"},{"taxonomy":"product_tag","embeddable":true,"href":"https:\/\/soway.eu\/de\/wp-json\/wp\/v2\/product_tag?post=3070"}],"curies":[{"name":"wp","href":"https:\/\/api.w.org\/{rel}","templated":true}]}}