{"id":3467,"date":"2026-03-05T07:26:09","date_gmt":"2026-03-05T07:26:09","guid":{"rendered":"https:\/\/soway.eu\/?post_type=product&#038;p=3467"},"modified":"2026-03-05T07:26:16","modified_gmt":"2026-03-05T07:26:16","slug":"boite-a-chapeaux","status":"publish","type":"product","link":"https:\/\/soway.eu\/de\/produit\/boite-a-chapeaux\/","title":{"rendered":"Bo\u00eete \u00e0 chapeaux"},"content":{"rendered":"<h3>Id\u00e9al pour offrir avec un chapeau Soway !<\/h3>\n<ul>\n<li><strong>DESCRIPTION<\/strong>\u00a0: Bo\u00eete \u00e0 chapeau Soway en intiss\u00e9 bleu marine<\/li>\n<li><strong>PRATIQUE : <\/strong>Rangez-y vos chapeaux afin de les prot\u00e9ger et gagner de la place<\/li>\n<li><b>L\u00c9G\u00c8RE<\/b>\u00a0: Souple, avec des renforts en carton pour les c\u00f4t\u00e9s, elle reste tr\u00e8s l\u00e9g\u00e8re et facile \u00e0 transporter<\/li>\n<\/ul>\n","protected":false},"excerpt":{"rendered":"<h3>Id\u00e9al pour offrir avec un chapeau Soway !<\/h3>\n<ul>\n<li><strong>DESCRIPTION<\/strong>\u00a0: Bo\u00eete \u00e0 chapeau Soway en intiss\u00e9 bleu marine<\/li>\n<li><strong>PRATIQUE : <\/strong>Rangez-y vos chapeaux afin de les prot\u00e9ger et gagner de la place<\/li>\n<li><b>L\u00c9G\u00c8RE<\/b>\u00a0: Souple, avec des renforts en carton pour les c\u00f4t\u00e9s, elle reste tr\u00e8s l\u00e9g\u00e8re et facile \u00e0 transporter<\/li>\n<\/ul>\n","protected":false},"featured_media":3499,"comment_status":"closed","ping_status":"closed","template":"","meta":[],"product_brand":[],"product_cat":[23,24],"product_tag":[],"class_list":{"0":"post-3467","1":"product","2":"type-product","3":"status-publish","4":"has-post-thumbnail","6":"product_cat-accessoires","7":"product_cat-fr","9":"first","10":"instock","11":"taxable","12":"shipping-taxable","13":"purchasable","14":"product-type-simple"},"_links":{"self":[{"href":"https:\/\/soway.eu\/de\/wp-json\/wp\/v2\/product\/3467","targetHints":{"allow":["GET"]}}],"collection":[{"href":"https:\/\/soway.eu\/de\/wp-json\/wp\/v2\/product"}],"about":[{"href":"https:\/\/soway.eu\/de\/wp-json\/wp\/v2\/types\/product"}],"replies":[{"embeddable":true,"href":"https:\/\/soway.eu\/de\/wp-json\/wp\/v2\/comments?post=3467"}],"wp:featuredmedia":[{"embeddable":true,"href":"https:\/\/soway.eu\/de\/wp-json\/wp\/v2\/media\/3499"}],"wp:attachment":[{"href":"https:\/\/soway.eu\/de\/wp-json\/wp\/v2\/media?parent=3467"}],"wp:term":[{"taxonomy":"product_brand","embeddable":true,"href":"https:\/\/soway.eu\/de\/wp-json\/wp\/v2\/product_brand?post=3467"},{"taxonomy":"product_cat","embeddable":true,"href":"https:\/\/soway.eu\/de\/wp-json\/wp\/v2\/product_cat?post=3467"},{"taxonomy":"product_tag","embeddable":true,"href":"https:\/\/soway.eu\/de\/wp-json\/wp\/v2\/product_tag?post=3467"}],"curies":[{"name":"wp","href":"https:\/\/api.w.org\/{rel}","templated":true}]}}