{"id":3473,"date":"2026-03-05T07:26:10","date_gmt":"2026-03-05T07:26:10","guid":{"rendered":"https:\/\/soway.eu\/?post_type=product&#038;p=3473"},"modified":"2026-03-05T07:31:53","modified_gmt":"2026-03-05T07:31:53","slug":"chapeau-anti-uv-homme-femme-bord-de-mer-3-couleurs","status":"publish","type":"product","link":"https:\/\/soway.eu\/de\/produit\/chapeau-anti-uv-homme-femme-bord-de-mer-3-couleurs\/","title":{"rendered":"Chapeau anti-UV homme &#038; femme &#8222;Bord de mer&#8220; &#8211; (3 couleurs)"},"content":{"rendered":"<ul>\n<li>Soway\u00ae, marque fran\u00e7aise recommand\u00e9e par les dermatologues<\/li>\n<li>Protection ANTI-UV 50+, certifi\u00e9e Norme australienne et n\u00e9o-z\u00e9landaise AS\/NZS 4500<\/li>\n<li>Anti-infrarouges : la mati\u00e8re Soway\u00ae repousse la chaleur et le chapeau reste frais sous le soleil (contrairement aux produits anti-UV &#8222;classiques&#8220;)<\/li>\n<li>Bord de 7cm (existe en 10cm) avec lien mentonni\u00e8re pour le vent<\/li>\n<\/ul>\n","protected":false},"excerpt":{"rendered":"<ul>\n<li>Chapeau mixte avec Bord de 7cm (existe en 10cm) avec lien mentonni\u00e8re pour le vent<\/li>\n<li>Base blanche avec ruban Marine, Terracotta ou Vieux Rose<\/li>\n<li>100% Poly\u00e9thyl\u00e8ne<\/li>\n<li>Bord doubl\u00e9 de tissu fonc\u00e9 pour limiter les effets de la r\u00e9verb\u00e9ration dans les yeux<\/li>\n<li>A\u00e9r\u00e9 gr\u00e2ce \u00e0 une technique de microperforation<\/li>\n<li>Tailles r\u00e9glables du 55 au 63<\/li>\n<li>Se roule dans pochette fournie avec le chapeau<\/li>\n<li>Soway\u00ae, marque fran\u00e7aise recommand\u00e9e par les dermatologues<\/li>\n<li>Protection ANTI-UV 50+, certifi\u00e9e Norme australienne et n\u00e9o-z\u00e9landaise AS\/NZS 4500<\/li>\n<li>Anti-infrarouges : la mati\u00e8re Soway\u00ae repousse la chaleur et le chapeau reste frais sous le soleil (contrairement aux produits anti-UV &#8222;classiques&#8220;)<\/li>\n<\/ul>\n","protected":false},"featured_media":3532,"comment_status":"closed","ping_status":"closed","template":"","meta":[],"product_brand":[],"product_cat":[18,29,32,24,20],"product_tag":[30,33,31],"class_list":{"0":"post-3473","1":"product","2":"type-product","3":"status-publish","4":"has-post-thumbnail","6":"product_cat-bord-7-cm","7":"product_cat-chapeaux","8":"product_cat-en-avant","9":"product_cat-fr","10":"product_cat-mixte","11":"product_tag-femmes","12":"product_tag-hommes","13":"product_tag-mixte","15":"first","16":"instock","17":"featured","18":"taxable","19":"shipping-taxable","20":"purchasable","21":"product-type-variable"},"_links":{"self":[{"href":"https:\/\/soway.eu\/de\/wp-json\/wp\/v2\/product\/3473","targetHints":{"allow":["GET"]}}],"collection":[{"href":"https:\/\/soway.eu\/de\/wp-json\/wp\/v2\/product"}],"about":[{"href":"https:\/\/soway.eu\/de\/wp-json\/wp\/v2\/types\/product"}],"replies":[{"embeddable":true,"href":"https:\/\/soway.eu\/de\/wp-json\/wp\/v2\/comments?post=3473"}],"wp:featuredmedia":[{"embeddable":true,"href":"https:\/\/soway.eu\/de\/wp-json\/wp\/v2\/media\/3532"}],"wp:attachment":[{"href":"https:\/\/soway.eu\/de\/wp-json\/wp\/v2\/media?parent=3473"}],"wp:term":[{"taxonomy":"product_brand","embeddable":true,"href":"https:\/\/soway.eu\/de\/wp-json\/wp\/v2\/product_brand?post=3473"},{"taxonomy":"product_cat","embeddable":true,"href":"https:\/\/soway.eu\/de\/wp-json\/wp\/v2\/product_cat?post=3473"},{"taxonomy":"product_tag","embeddable":true,"href":"https:\/\/soway.eu\/de\/wp-json\/wp\/v2\/product_tag?post=3473"}],"curies":[{"name":"wp","href":"https:\/\/api.w.org\/{rel}","templated":true}]}}