{"id":3475,"date":"2026-03-05T07:26:10","date_gmt":"2026-03-05T07:26:10","guid":{"rendered":"https:\/\/soway.eu\/?post_type=product&#038;p=3475"},"modified":"2026-03-05T07:31:43","modified_gmt":"2026-03-05T07:31:43","slug":"chapeau-anti-uv-homme-loick-2-couleurs","status":"publish","type":"product","link":"https:\/\/soway.eu\/de\/produit\/chapeau-anti-uv-homme-loick-2-couleurs\/","title":{"rendered":"Chapeau anti-UV homme &#8222;Lo\u00efck&#8220;- (2 couleurs)"},"content":{"rendered":"<ul>\n<li>Soway\u00ae, marque fran\u00e7aise recommand\u00e9e par les dermatologues<\/li>\n<li>Protection ANTI-UV 50+, certifi\u00e9e Norme australienne et n\u00e9o-z\u00e9landaise AS\/NZS 4500<\/li>\n<li>Anti-infrarouges : la mati\u00e8re Soway\u00ae repousse la chaleur et le chapeau reste frais sous le soleil (contrairement aux produits anti-UV &#8222;classiques&#8220;)<\/li>\n<\/ul>\n","protected":false},"excerpt":{"rendered":"<ul>\n<li>Chapeau avec 7 cm de bord et livr\u00e9 avec deux liens mentonni\u00e8re : jaune fluo et marine pour le chapeau blanc ou moutarde et beige pour le chapeau beige<\/li>\n<li>100% Poly\u00e9thyl\u00e8ne<\/li>\n<li>PROTECTION ANTI-UV 50+, certifi\u00e9 Norme australienne et n\u00e9o-z\u00e9landaise AS\/NZS 4399, la plus s\u00e9v\u00e8re<\/li>\n<li>Anti-infrarouges : la mati\u00e8re Soway\u00ae repousse la chaleur et le chapeau reste frais sous le soleil (contrairement aux produits anti-UV &#8222;classiques&#8220;)<\/li>\n<li>Bord ou visi\u00e8re doubl\u00e9(e) de tissu fonc\u00e9 pour limiter les effets de la r\u00e9verb\u00e9ration dans les yeux<\/li>\n<li>A\u00e9r\u00e9 gr\u00e2ce \u00e0 une technique de microperforation<\/li>\n<li>Tailles r\u00e9glables : existe jusqu&#8217;au 61\/63<\/li>\n<li>Se roule dans pochette fournie avec le chapeau<\/li>\n<\/ul>\n","protected":false},"featured_media":3558,"comment_status":"closed","ping_status":"closed","template":"","meta":[],"product_brand":[],"product_cat":[315,18,29,32,24,20],"product_tag":[316,30,33,31],"class_list":{"0":"post-3475","1":"product","2":"type-product","3":"status-publish","4":"has-post-thumbnail","6":"product_cat-activie-de-plein-air","7":"product_cat-bord-7-cm","8":"product_cat-chapeaux","9":"product_cat-en-avant","10":"product_cat-fr","11":"product_cat-mixte","12":"product_tag-collection-loick-peyron","13":"product_tag-femmes","14":"product_tag-hommes","15":"product_tag-mixte","17":"first","18":"outofstock","19":"featured","20":"taxable","21":"shipping-taxable","22":"purchasable","23":"product-type-variable"},"_links":{"self":[{"href":"https:\/\/soway.eu\/de\/wp-json\/wp\/v2\/product\/3475","targetHints":{"allow":["GET"]}}],"collection":[{"href":"https:\/\/soway.eu\/de\/wp-json\/wp\/v2\/product"}],"about":[{"href":"https:\/\/soway.eu\/de\/wp-json\/wp\/v2\/types\/product"}],"replies":[{"embeddable":true,"href":"https:\/\/soway.eu\/de\/wp-json\/wp\/v2\/comments?post=3475"}],"wp:featuredmedia":[{"embeddable":true,"href":"https:\/\/soway.eu\/de\/wp-json\/wp\/v2\/media\/3558"}],"wp:attachment":[{"href":"https:\/\/soway.eu\/de\/wp-json\/wp\/v2\/media?parent=3475"}],"wp:term":[{"taxonomy":"product_brand","embeddable":true,"href":"https:\/\/soway.eu\/de\/wp-json\/wp\/v2\/product_brand?post=3475"},{"taxonomy":"product_cat","embeddable":true,"href":"https:\/\/soway.eu\/de\/wp-json\/wp\/v2\/product_cat?post=3475"},{"taxonomy":"product_tag","embeddable":true,"href":"https:\/\/soway.eu\/de\/wp-json\/wp\/v2\/product_tag?post=3475"}],"curies":[{"name":"wp","href":"https:\/\/api.w.org\/{rel}","templated":true}]}}