{"id":3480,"date":"2026-03-05T07:26:11","date_gmt":"2026-03-05T07:26:11","guid":{"rendered":"https:\/\/soway.eu\/?post_type=product&#038;p=3480"},"modified":"2026-03-05T07:30:45","modified_gmt":"2026-03-05T07:30:45","slug":"casquette-anti-uv-femme-bauloise-4-couleurs","status":"publish","type":"product","link":"https:\/\/soway.eu\/de\/produit\/casquette-anti-uv-femme-bauloise-4-couleurs\/","title":{"rendered":"Casquette anti-UV femme &#8222;Bauloise&#8220; \u2013 (4 couleurs)"},"content":{"rendered":" ","protected":false},"excerpt":{"rendered":"<ul>\n<li>Casquette avec 12 cm de visi\u00e8re<\/li>\n<li>Couleurs :<\/li>\n<\/ul>\n<ul style=\"list-style-type: circle;\">\n<li>Base blanche avec 3 couleurs de tissu : Marine, Olive ou Terracotta<\/li>\n<li>Base beige avec tissu beige<\/li>\n<\/ul>\n<ul>\n<li>Lien anti-vent avec petite pince pour attacher la casquette au v\u00eatement.<\/li>\n<li>100% Poly\u00e9thyl\u00e8ne<\/li>\n<li>PROTECTION ANTI-UV 50+, certifi\u00e9 Norme australienne et n\u00e9o-z\u00e9landaise AS\/NZS 4399, la plus s\u00e9v\u00e8re<\/li>\n<li>Anti-infrarouges : la mati\u00e8re Soway\u00ae repousse la chaleur et le chapeau reste frais sous le soleil (contrairement aux produits anti-UV &#8222;classiques&#8220;)<\/li>\n<li>Visi\u00e8re doubl\u00e9e de tissu fonc\u00e9 pour limiter les effets de la r\u00e9verb\u00e9ration dans les yeux<\/li>\n<li>A\u00e9r\u00e9 gr\u00e2ce \u00e0 une technique de microperforation<\/li>\n<li>Taille unique r\u00e9glable<\/li>\n<li>Se roule dans pochette fournie avec le chapeau<\/li>\n<\/ul>\n","protected":false},"featured_media":3611,"comment_status":"closed","ping_status":"closed","template":"","meta":[],"product_brand":[],"product_cat":[36,26,37,24,38],"product_tag":[30],"class_list":{"0":"post-3480","1":"product","2":"type-product","3":"status-publish","4":"has-post-thumbnail","6":"product_cat-bord-12-cm","7":"product_cat-casquettes","8":"product_cat-femmes","9":"product_cat-fr","10":"product_cat-grande-visiere","11":"product_tag-femmes","13":"first","14":"instock","15":"sale","16":"taxable","17":"shipping-taxable","18":"purchasable","19":"product-type-variable"},"_links":{"self":[{"href":"https:\/\/soway.eu\/de\/wp-json\/wp\/v2\/product\/3480","targetHints":{"allow":["GET"]}}],"collection":[{"href":"https:\/\/soway.eu\/de\/wp-json\/wp\/v2\/product"}],"about":[{"href":"https:\/\/soway.eu\/de\/wp-json\/wp\/v2\/types\/product"}],"replies":[{"embeddable":true,"href":"https:\/\/soway.eu\/de\/wp-json\/wp\/v2\/comments?post=3480"}],"wp:featuredmedia":[{"embeddable":true,"href":"https:\/\/soway.eu\/de\/wp-json\/wp\/v2\/media\/3611"}],"wp:attachment":[{"href":"https:\/\/soway.eu\/de\/wp-json\/wp\/v2\/media?parent=3480"}],"wp:term":[{"taxonomy":"product_brand","embeddable":true,"href":"https:\/\/soway.eu\/de\/wp-json\/wp\/v2\/product_brand?post=3480"},{"taxonomy":"product_cat","embeddable":true,"href":"https:\/\/soway.eu\/de\/wp-json\/wp\/v2\/product_cat?post=3480"},{"taxonomy":"product_tag","embeddable":true,"href":"https:\/\/soway.eu\/de\/wp-json\/wp\/v2\/product_tag?post=3480"}],"curies":[{"name":"wp","href":"https:\/\/api.w.org\/{rel}","templated":true}]}}