{"id":3483,"date":"2026-03-05T07:26:11","date_gmt":"2026-03-05T07:26:11","guid":{"rendered":"https:\/\/soway.eu\/?post_type=product&#038;p=3483"},"modified":"2026-03-05T07:32:04","modified_gmt":"2026-03-05T07:32:04","slug":"capeline-xxl-anti-uv-femme-4-couleurs","status":"publish","type":"product","link":"https:\/\/soway.eu\/de\/produit\/capeline-xxl-anti-uv-femme-4-couleurs\/","title":{"rendered":"Capeline XXL anti-UV femme &#8211; (4 couleurs)"},"content":{"rendered":"<ul>\n<li>Soway\u00ae, marque fran\u00e7aise recommand\u00e9e par les dermatologues<\/li>\n<li>Protection ANTI-UV 50+, certifi\u00e9e Norme australienne et n\u00e9o-z\u00e9landaise AS\/NZS 4500<\/li>\n<li>Anti-infrarouges : la mati\u00e8re Soway\u00ae repousse la chaleur et le chapeau reste frais sous le soleil (contrairement aux produits anti-UV &#8222;classiques&#8220;)<\/li>\n<li>Bord de 14 cm et lien mentonni\u00e8re pour le vent<\/li>\n<\/ul>\n","protected":false},"excerpt":{"rendered":"<ul>\n<li>Capeline avec bord XXL de 14 cm<\/li>\n<li>Couleur : blanc avec ruban \u00e0 motifs turquoise ou motifs moutarde ou motifs Kaki\/Noir ou motifs Noir\/Blanc<\/li>\n<li>Lacet mentonni\u00e8re r\u00e9glable avec curseur<\/li>\n<li>100% Poly\u00e9thyl\u00e8ne<\/li>\n<li>PROTECTION ANTI-UV 50+, certifi\u00e9 Norme australienne et n\u00e9o-z\u00e9landaise AS\/NZS 4399, la plus s\u00e9v\u00e8re<\/li>\n<li>Bord ou visi\u00e8res doubl\u00e9 de tissu fonc\u00e9 pour limiter les effets de la r\u00e9verb\u00e9ration dans les yeux<\/li>\n<li>A\u00e9r\u00e9 gr\u00e2ce \u00e0 une technique de microperforation<\/li>\n<li>Tailles r\u00e9glables<\/li>\n<li>Se roule dans pochette fournie avec le chapeau<\/li>\n<\/ul>\n","protected":false},"featured_media":3637,"comment_status":"closed","ping_status":"closed","template":"","meta":[],"product_brand":[],"product_cat":[39,29,37,24],"product_tag":[30],"class_list":{"0":"post-3483","1":"product","2":"type-product","3":"status-publish","4":"has-post-thumbnail","6":"product_cat-bord-14-cm","7":"product_cat-chapeaux","8":"product_cat-femmes","9":"product_cat-fr","10":"product_tag-femmes","12":"first","13":"instock","14":"sale","15":"taxable","16":"shipping-taxable","17":"purchasable","18":"product-type-variable"},"_links":{"self":[{"href":"https:\/\/soway.eu\/de\/wp-json\/wp\/v2\/product\/3483","targetHints":{"allow":["GET"]}}],"collection":[{"href":"https:\/\/soway.eu\/de\/wp-json\/wp\/v2\/product"}],"about":[{"href":"https:\/\/soway.eu\/de\/wp-json\/wp\/v2\/types\/product"}],"replies":[{"embeddable":true,"href":"https:\/\/soway.eu\/de\/wp-json\/wp\/v2\/comments?post=3483"}],"wp:featuredmedia":[{"embeddable":true,"href":"https:\/\/soway.eu\/de\/wp-json\/wp\/v2\/media\/3637"}],"wp:attachment":[{"href":"https:\/\/soway.eu\/de\/wp-json\/wp\/v2\/media?parent=3483"}],"wp:term":[{"taxonomy":"product_brand","embeddable":true,"href":"https:\/\/soway.eu\/de\/wp-json\/wp\/v2\/product_brand?post=3483"},{"taxonomy":"product_cat","embeddable":true,"href":"https:\/\/soway.eu\/de\/wp-json\/wp\/v2\/product_cat?post=3483"},{"taxonomy":"product_tag","embeddable":true,"href":"https:\/\/soway.eu\/de\/wp-json\/wp\/v2\/product_tag?post=3483"}],"curies":[{"name":"wp","href":"https:\/\/api.w.org\/{rel}","templated":true}]}}