{"id":3485,"date":"2026-03-05T07:26:12","date_gmt":"2026-03-05T07:26:12","guid":{"rendered":"https:\/\/soway.eu\/?post_type=product&#038;p=3485"},"modified":"2026-03-05T07:28:49","modified_gmt":"2026-03-05T07:28:49","slug":"casquette-bebe-anti-uv-chloe","status":"publish","type":"product","link":"https:\/\/soway.eu\/de\/produit\/casquette-bebe-anti-uv-chloe\/","title":{"rendered":"Casquette b\u00e9b\u00e9 anti-UV &#8222;Chlo\u00e9&#8220;"},"content":{"rendered":"<p>Casquette avec 6 cm de visi\u00e8re et prot\u00e8ge-oreilles (le visage de l&#8217;enfant est bien \u00e0 l&#8217;ombre)<\/p>\n<p>IDEAL DANS LA POUSSETTE : Ne g\u00eane pas l&#8217;enfant<\/p>\n<p>Base blanche tissu ancres marine rouges<\/p>\n<p>Lacet mentonni\u00e8re r\u00e9glable<\/p>\n<p>100% Poly\u00e9thyl\u00e8ne<\/p>\n<p>PROTECTION ANTI-UV 50+, certifi\u00e9 Norme australienne et n\u00e9o-z\u00e9landaise AS\/NZS 4399, la plus s\u00e9v\u00e8re<\/p>\n<p>A\u00e9r\u00e9 gr\u00e2ce \u00e0 une technique de microperforation<\/p>\n<p>Taille : 3-12 mois<\/p>\n<p>Se roule dans pochette fournie avec le chapeau<\/p>\n","protected":false},"excerpt":{"rendered":"<p>PROTECTION ANTI-UV 50+, certifi\u00e9 Norme australienne et n\u00e9o-z\u00e9landaise AS\/NZS 4399, la plus s\u00e9v\u00e8re<\/p>\n<p>ANTI-INFRAROUGES : le chapeau repousse la chaleur, il y fait 10 degr\u00e9s de moins qu&#8217;\u00e0 l&#8217;ext\u00e9rieur et votre enfant garde son chapeau sur la t\u00eate<\/p>\n<p>IDEAL DANS LA POUSSETTE : Ne g\u00eane pas l&#8217;enfant<\/p>\n<p>Casquette avec 6 cm de visi\u00e8re et prot\u00e8ge-oreilles (le visage de l&#8217;enfant est bien \u00e0 l&#8217;ombre)<\/p>\n<p>Taille : 3-12 mois<\/p>\n<p>Base blanche tissu ancres marine rouges<\/p>\n<p>Lacet mentonni\u00e8re r\u00e9glable<\/p>\n","protected":false},"featured_media":3668,"comment_status":"closed","ping_status":"closed","template":"","meta":[],"product_brand":[],"product_cat":[40,28,24],"product_tag":[41,42],"class_list":{"0":"post-3485","1":"product","2":"type-product","3":"status-publish","4":"has-post-thumbnail","6":"product_cat-bebes-et-enfants","7":"product_cat-bord-6-cm","8":"product_cat-fr","9":"product_tag-bebes","10":"product_tag-enfants","12":"first","13":"outofstock","14":"sale","15":"taxable","16":"shipping-taxable","17":"purchasable","18":"product-type-variable"},"_links":{"self":[{"href":"https:\/\/soway.eu\/de\/wp-json\/wp\/v2\/product\/3485","targetHints":{"allow":["GET"]}}],"collection":[{"href":"https:\/\/soway.eu\/de\/wp-json\/wp\/v2\/product"}],"about":[{"href":"https:\/\/soway.eu\/de\/wp-json\/wp\/v2\/types\/product"}],"replies":[{"embeddable":true,"href":"https:\/\/soway.eu\/de\/wp-json\/wp\/v2\/comments?post=3485"}],"wp:featuredmedia":[{"embeddable":true,"href":"https:\/\/soway.eu\/de\/wp-json\/wp\/v2\/media\/3668"}],"wp:attachment":[{"href":"https:\/\/soway.eu\/de\/wp-json\/wp\/v2\/media?parent=3485"}],"wp:term":[{"taxonomy":"product_brand","embeddable":true,"href":"https:\/\/soway.eu\/de\/wp-json\/wp\/v2\/product_brand?post=3485"},{"taxonomy":"product_cat","embeddable":true,"href":"https:\/\/soway.eu\/de\/wp-json\/wp\/v2\/product_cat?post=3485"},{"taxonomy":"product_tag","embeddable":true,"href":"https:\/\/soway.eu\/de\/wp-json\/wp\/v2\/product_tag?post=3485"}],"curies":[{"name":"wp","href":"https:\/\/api.w.org\/{rel}","templated":true}]}}