{"id":3529,"date":"2026-03-05T07:26:41","date_gmt":"2026-03-05T07:26:41","guid":{"rendered":"https:\/\/soway.eu\/?post_type=product&#038;p=3529"},"modified":"2026-03-05T07:29:12","modified_gmt":"2026-03-05T07:29:12","slug":"robe-longue-anti-uv-femme-belem-made-in-france","status":"publish","type":"product","link":"https:\/\/soway.eu\/de\/produit\/robe-longue-anti-uv-femme-belem-made-in-france\/","title":{"rendered":"Robe longue anti-UV femme &#8222;Bel\u00e9m&#8220;\u2013 MADE IN FRANCE"},"content":{"rendered":"<p>Robe longue anti-UV UPF 50+ (norme AS \/ NZS 4399 :1996), certifi\u00e9e avec la norme de protection solaire australienne, la plus s\u00e9v\u00e8re.<\/p>\n<p>Fabriqu\u00e9e en France par une entreprise sp\u00e9cialis\u00e9e dans la confection de pr\u00eat-\u00e0-porter haut de gamme.<\/p>\n<p>La mati\u00e8re utilis\u00e9e garantit un confort et une fluidit\u00e9 absolus gr\u00e2ce \u00e0 des microfibres antibact\u00e9riennes et enrichies \u00e0 l\u2019Alo\u00e9 V\u00e9ra, qui emp\u00eachent les mauvaises odeurs et apportent un toucher doux et ultra souple.<\/p>\n<p>La robe a \u00e9t\u00e9 dessin\u00e9e pour vous garantir la plus grande protection contre les UV (manches longues, col boutonn\u00e9, recouvre les jambes), tout en restant chic et \u00e9l\u00e9gante.<\/p>\n<ul style=\"list-style-type: circle;\">\n<li>Couleur disponible : Tropical (bleu marine \u00e0 fleurs)<\/li>\n<li>Tailles : S, M, L, XL, XXL<\/li>\n<li>Composition : 86% Polyester, 14% \u00c9lasthanne<\/li>\n<li>Grammage : 150g\/m2<\/li>\n<li>Longueur : 138 cm<\/li>\n<\/ul>\n","protected":false},"excerpt":{"rendered":"<p>Robe longue anti-UV UPF 50+ (norme AS \/ NZS 4399 :1996), certifi\u00e9e avec la norme de protection solaire australienne, la plus s\u00e9v\u00e8re.<\/p>\n<p>Fabriqu\u00e9e en France par une entreprise sp\u00e9cialis\u00e9e dans la confection de pr\u00eat-\u00e0-porter haut de gamme.<\/p>\n<p>La mati\u00e8re utilis\u00e9e garantit un confort et une fluidit\u00e9 absolus gr\u00e2ce \u00e0 des microfibres antibact\u00e9riennes et enrichies \u00e0 l\u2019Alo\u00e9 V\u00e9ra, qui emp\u00eachent les mauvaises odeurs et apportent un toucher doux et ultra souple.<\/p>\n<p>La robe a \u00e9t\u00e9 dessin\u00e9e pour vous garantir la plus grande protection contre les UV (manches longues, col boutonn\u00e9, recouvre les jambes), tout en restant chic et \u00e9l\u00e9gante.<\/p>\n<p>&nbsp;<\/p>\n<ul style=\"list-style-type: circle;\">\n<li>Couleur disponible : Tropical (bleu marine \u00e0 fleurs)<\/li>\n<li>Tailles : S, M, L, XL, XXL<\/li>\n<li>Composition : 86% Polyester, 14% \u00c9lasthanne<\/li>\n<li>Grammage : 150g\/m2<\/li>\n<li>Longueur : 138 cm<\/li>\n<\/ul>\n<p>&nbsp;<\/p>\n","protected":false},"featured_media":3716,"comment_status":"closed","ping_status":"closed","template":"","meta":[],"product_brand":[],"product_cat":[24,25],"product_tag":[],"class_list":{"0":"post-3529","1":"product","2":"type-product","3":"status-publish","4":"has-post-thumbnail","6":"product_cat-fr","7":"product_cat-pret-a-porter-made-in-france","9":"first","10":"instock","11":"sale","12":"taxable","13":"shipping-taxable","14":"purchasable","15":"product-type-variable"},"_links":{"self":[{"href":"https:\/\/soway.eu\/de\/wp-json\/wp\/v2\/product\/3529","targetHints":{"allow":["GET"]}}],"collection":[{"href":"https:\/\/soway.eu\/de\/wp-json\/wp\/v2\/product"}],"about":[{"href":"https:\/\/soway.eu\/de\/wp-json\/wp\/v2\/types\/product"}],"replies":[{"embeddable":true,"href":"https:\/\/soway.eu\/de\/wp-json\/wp\/v2\/comments?post=3529"}],"wp:featuredmedia":[{"embeddable":true,"href":"https:\/\/soway.eu\/de\/wp-json\/wp\/v2\/media\/3716"}],"wp:attachment":[{"href":"https:\/\/soway.eu\/de\/wp-json\/wp\/v2\/media?parent=3529"}],"wp:term":[{"taxonomy":"product_brand","embeddable":true,"href":"https:\/\/soway.eu\/de\/wp-json\/wp\/v2\/product_brand?post=3529"},{"taxonomy":"product_cat","embeddable":true,"href":"https:\/\/soway.eu\/de\/wp-json\/wp\/v2\/product_cat?post=3529"},{"taxonomy":"product_tag","embeddable":true,"href":"https:\/\/soway.eu\/de\/wp-json\/wp\/v2\/product_tag?post=3529"}],"curies":[{"name":"wp","href":"https:\/\/api.w.org\/{rel}","templated":true}]}}