{"id":3591,"date":"2026-03-05T07:27:30","date_gmt":"2026-03-05T07:27:30","guid":{"rendered":"https:\/\/soway.eu\/?post_type=product&#038;p=3591"},"modified":"2026-03-05T07:29:39","modified_gmt":"2026-03-05T07:29:39","slug":"chapeau-casquette-anti-uv-femme-cannoise-2-couleurs","status":"publish","type":"product","link":"https:\/\/soway.eu\/de\/produit\/chapeau-casquette-anti-uv-femme-cannoise-2-couleurs\/","title":{"rendered":"Chapeau Casquette anti-UV femme &#8222;Cannoise&#8220; &#8211; (2 couleurs)"},"content":{"rendered":"<p>Casquette avec 12 cm de visi\u00e8re, elle se plie pour faciliter le transport<\/p>\n<p>2 couleurs au choix :<\/p>\n<ul>\n<li>Blanc : Ext\u00e9rieur blanc avec int\u00e9rieur marine<\/li>\n<li>Bicolore beige: Ext\u00e9rieur blanc sur la calotte et beige sur la visi\u00e8re avec int\u00e9rieur ficelle<\/li>\n<\/ul>\n<p>Lien anti-vent avec petite pince pour attacher la casquette au v\u00eatement.<\/p>\n<p>100% Poly\u00e9thyl\u00e8ne<\/p>\n<p>PROTECTION ANTI-UV 50+, certifi\u00e9 Norme australienne et n\u00e9o-z\u00e9landaise AS\/NZS 4399, la plus s\u00e9v\u00e8re<\/p>\n<p>Visi\u00e8re doubl\u00e9e de tissu fonc\u00e9 pour limiter les effets de la r\u00e9verb\u00e9ration dans les yeux<\/p>\n<p>A\u00e9r\u00e9 gr\u00e2ce \u00e0 une technique de microperforation<\/p>\n<p>Taille unique r\u00e9glable<\/p>\n<p>Se roule dans pochette fournie avec le chapeau<\/p>\n","protected":false},"excerpt":{"rendered":"<p>PROTECTION ANTI-UV 50+, certifi\u00e9 Norme australienne et n\u00e9o-z\u00e9landaise AS\/NZS 4399, la plus s\u00e9v\u00e8re<\/p>\n<p>ANTI-INFRAROUGES : la casquette repousse la chaleur et il y fait 10 degr\u00e9s de moins en-dessous qu&#8217;\u00e0 l&#8217;ext\u00e9rieur<\/p>\n<p>Casquette avec 12 cm de visi\u00e8re, elle se plie pour faciliter le transport<\/p>\n<p>2 couleurs au choix :<\/p>\n<ul>\n<li>Blanc : Ext\u00e9rieur blanc avec int\u00e9rieur marine<\/li>\n<li>Bicolore Beige : Ext\u00e9rieur blanc sur la calotte et beige sur la visi\u00e8re avec int\u00e9rieur ficelle<\/li>\n<\/ul>\n<p>Taille unique r\u00e9glable avec scratch (invisible) \u00e0 l&#8217;arri\u00e8re de la t\u00eate<\/p>\n<p>Lien anti-vent avec petite pince pour attacher la casquette au v\u00eatement.<\/p>\n","protected":false},"featured_media":3739,"comment_status":"closed","ping_status":"closed","template":"","meta":[],"product_brand":[],"product_cat":[36,26,37,24,38],"product_tag":[30],"class_list":{"0":"post-3591","1":"product","2":"type-product","3":"status-publish","4":"has-post-thumbnail","6":"product_cat-bord-12-cm","7":"product_cat-casquettes","8":"product_cat-femmes","9":"product_cat-fr","10":"product_cat-grande-visiere","11":"product_tag-femmes","13":"first","14":"instock","15":"taxable","16":"shipping-taxable","17":"purchasable","18":"product-type-variable"},"_links":{"self":[{"href":"https:\/\/soway.eu\/de\/wp-json\/wp\/v2\/product\/3591","targetHints":{"allow":["GET"]}}],"collection":[{"href":"https:\/\/soway.eu\/de\/wp-json\/wp\/v2\/product"}],"about":[{"href":"https:\/\/soway.eu\/de\/wp-json\/wp\/v2\/types\/product"}],"replies":[{"embeddable":true,"href":"https:\/\/soway.eu\/de\/wp-json\/wp\/v2\/comments?post=3591"}],"wp:featuredmedia":[{"embeddable":true,"href":"https:\/\/soway.eu\/de\/wp-json\/wp\/v2\/media\/3739"}],"wp:attachment":[{"href":"https:\/\/soway.eu\/de\/wp-json\/wp\/v2\/media?parent=3591"}],"wp:term":[{"taxonomy":"product_brand","embeddable":true,"href":"https:\/\/soway.eu\/de\/wp-json\/wp\/v2\/product_brand?post=3591"},{"taxonomy":"product_cat","embeddable":true,"href":"https:\/\/soway.eu\/de\/wp-json\/wp\/v2\/product_cat?post=3591"},{"taxonomy":"product_tag","embeddable":true,"href":"https:\/\/soway.eu\/de\/wp-json\/wp\/v2\/product_tag?post=3591"}],"curies":[{"name":"wp","href":"https:\/\/api.w.org\/{rel}","templated":true}]}}