{"id":3706,"date":"2026-03-05T07:28:51","date_gmt":"2026-03-05T07:28:51","guid":{"rendered":"https:\/\/soway.eu\/?post_type=product&#038;p=3706"},"modified":"2026-03-05T07:30:44","modified_gmt":"2026-03-05T07:30:44","slug":"chapeau-anti-uv-homme-femme-parisien-2-couleurs","status":"publish","type":"product","link":"https:\/\/soway.eu\/de\/produit\/chapeau-anti-uv-homme-femme-parisien-2-couleurs\/","title":{"rendered":"Chapeau anti-UV homme &#038; femme &#8222;Parisien&#8220; &#8211; (2 couleurs)"},"content":{"rendered":"<p>Fabriqu\u00e9 au Portugal.<\/p>\n<p>Chapeau mixte avec 7 cm de bord<\/p>\n<p>2 couleurs au choix :<\/p>\n<ul>\n<li>Bicolore : Calotte blanche, bord beige avec ruban beige (ficelle)<\/li>\n<li>Taupe : Calotte taupe avec ruban couleur lin<\/li>\n<\/ul>\n<p>Lacet mentonni\u00e8re r\u00e9glable avec curseur<\/p>\n<p>100% Poly\u00e9thyl\u00e8ne<\/p>\n<p>PROTECTION ANTI-UV 50+, certifi\u00e9 Norme australienne et n\u00e9o-z\u00e9landaise AS\/NZS 4399, la plus s\u00e9v\u00e8re<\/p>\n<p>Bord doubl\u00e9 de tissu pour limiter les effets de la r\u00e9verb\u00e9ration dans les yeux<\/p>\n<p>A\u00e9r\u00e9 gr\u00e2ce \u00e0 une technique de microperforation<\/p>\n<p>Taille r\u00e9glable<\/p>\n<p>Se roule dans pochette fournie avec le chapeau<\/p>\n","protected":false},"excerpt":{"rendered":"<p>Fabriqu\u00e9 en au Portugal.<\/p>\n<p>PROTECTION ANTI-UV 50+, certifi\u00e9 Norme australienne et n\u00e9o-z\u00e9landaise AS\/NZS 4399, la plus s\u00e9v\u00e8re<\/p>\n<p>ANTI-INFRAROUGES : le chapeau repousse la chaleur et il y fait 10 degr\u00e9s de moins en-dessous qu&#8217;\u00e0 l&#8217;ext\u00e9rieur<\/p>\n<p>Chapeau mixte avec 7 cm de bord<\/p>\n<p>2 couleurs au choix :<\/p>\n<ul>\n<li>Bicolore : Calotte blanche, bord beige avec ruban beige (ficelle)<\/li>\n<li>Taupe : Calotte taupe avec ruban couleur lin<\/li>\n<\/ul>\n<p>Lacet mentonni\u00e8re r\u00e9glable avec curseur<\/p>\n","protected":false},"featured_media":3766,"comment_status":"closed","ping_status":"closed","template":"","meta":[],"product_brand":[],"product_cat":[18,29,24,20],"product_tag":[],"class_list":{"0":"post-3706","1":"product","2":"type-product","3":"status-publish","4":"has-post-thumbnail","6":"product_cat-bord-7-cm","7":"product_cat-chapeaux","8":"product_cat-fr","9":"product_cat-mixte","11":"first","12":"instock","13":"taxable","14":"shipping-taxable","15":"purchasable","16":"product-type-variable"},"_links":{"self":[{"href":"https:\/\/soway.eu\/de\/wp-json\/wp\/v2\/product\/3706","targetHints":{"allow":["GET"]}}],"collection":[{"href":"https:\/\/soway.eu\/de\/wp-json\/wp\/v2\/product"}],"about":[{"href":"https:\/\/soway.eu\/de\/wp-json\/wp\/v2\/types\/product"}],"replies":[{"embeddable":true,"href":"https:\/\/soway.eu\/de\/wp-json\/wp\/v2\/comments?post=3706"}],"wp:featuredmedia":[{"embeddable":true,"href":"https:\/\/soway.eu\/de\/wp-json\/wp\/v2\/media\/3766"}],"wp:attachment":[{"href":"https:\/\/soway.eu\/de\/wp-json\/wp\/v2\/media?parent=3706"}],"wp:term":[{"taxonomy":"product_brand","embeddable":true,"href":"https:\/\/soway.eu\/de\/wp-json\/wp\/v2\/product_brand?post=3706"},{"taxonomy":"product_cat","embeddable":true,"href":"https:\/\/soway.eu\/de\/wp-json\/wp\/v2\/product_cat?post=3706"},{"taxonomy":"product_tag","embeddable":true,"href":"https:\/\/soway.eu\/de\/wp-json\/wp\/v2\/product_tag?post=3706"}],"curies":[{"name":"wp","href":"https:\/\/api.w.org\/{rel}","templated":true}]}}