{"id":3845,"date":"2026-03-05T07:29:42","date_gmt":"2026-03-05T07:29:42","guid":{"rendered":"https:\/\/soway.eu\/?post_type=product&#038;p=3845"},"modified":"2026-03-05T07:32:04","modified_gmt":"2026-03-05T07:32:04","slug":"visiere-anti-uv-femme-bauloise-7-ou-12-cm-4-couleurs","status":"publish","type":"product","link":"https:\/\/soway.eu\/de\/produit\/visiere-anti-uv-femme-bauloise-7-ou-12-cm-4-couleurs\/","title":{"rendered":"Visi\u00e8re anti-UV femme &#8222;Bauloise&#8220; 7 ou 12 cm \u2013 (4 couleurs)"},"content":{"rendered":"<p> <\/p>","protected":false},"excerpt":{"rendered":"<ul>\n<li>PROTECTION ANTI-UV 50+, certifi\u00e9 Norme australienne et n\u00e9o-z\u00e9landaise AS\/NZS 4399, la plus s\u00e9v\u00e8re<\/li>\n<li>Tissu fonc\u00e9 sous la visi\u00e8re pour prot\u00e9ger les yeux des effets de la r\u00e9verb\u00e9ration (soulage les yeux)<\/li>\n<li>Visi\u00e8res avec deux longueurs : 12 cm ou 7 cm<\/li>\n<li>Couleurs :<\/li>\n<\/ul>\n<ul style=\"list-style-type: circle;\">\n<li>Base blanche avec tissu marine, terracotta ou olive<\/li>\n<li>Base beige avec tissu ficelle<\/li>\n<\/ul>\n<ul>\n<li>Taille unique r\u00e9glable en resserrant le scratch \u00e0 l&#8217;arri\u00e8re de la t\u00eate<\/li>\n<li>Fournie avec pochette de rangement<\/li>\n<\/ul>\n","protected":false},"featured_media":3879,"comment_status":"closed","ping_status":"closed","template":"","meta":[],"product_brand":[],"product_cat":[36,26,37,24,38],"product_tag":[30],"class_list":{"0":"post-3845","1":"product","2":"type-product","3":"status-publish","4":"has-post-thumbnail","6":"product_cat-bord-12-cm","7":"product_cat-casquettes","8":"product_cat-femmes","9":"product_cat-fr","10":"product_cat-grande-visiere","11":"product_tag-femmes","13":"first","14":"instock","15":"sale","16":"taxable","17":"shipping-taxable","18":"purchasable","19":"product-type-variable","20":"has-default-attributes"},"_links":{"self":[{"href":"https:\/\/soway.eu\/de\/wp-json\/wp\/v2\/product\/3845","targetHints":{"allow":["GET"]}}],"collection":[{"href":"https:\/\/soway.eu\/de\/wp-json\/wp\/v2\/product"}],"about":[{"href":"https:\/\/soway.eu\/de\/wp-json\/wp\/v2\/types\/product"}],"replies":[{"embeddable":true,"href":"https:\/\/soway.eu\/de\/wp-json\/wp\/v2\/comments?post=3845"}],"wp:featuredmedia":[{"embeddable":true,"href":"https:\/\/soway.eu\/de\/wp-json\/wp\/v2\/media\/3879"}],"wp:attachment":[{"href":"https:\/\/soway.eu\/de\/wp-json\/wp\/v2\/media?parent=3845"}],"wp:term":[{"taxonomy":"product_brand","embeddable":true,"href":"https:\/\/soway.eu\/de\/wp-json\/wp\/v2\/product_brand?post=3845"},{"taxonomy":"product_cat","embeddable":true,"href":"https:\/\/soway.eu\/de\/wp-json\/wp\/v2\/product_cat?post=3845"},{"taxonomy":"product_tag","embeddable":true,"href":"https:\/\/soway.eu\/de\/wp-json\/wp\/v2\/product_tag?post=3845"}],"curies":[{"name":"wp","href":"https:\/\/api.w.org\/{rel}","templated":true}]}}