{"id":4113,"date":"2026-03-05T07:31:25","date_gmt":"2026-03-05T07:31:25","guid":{"rendered":"https:\/\/soway.eu\/?post_type=product&#038;p=4113"},"modified":"2026-03-05T07:31:53","modified_gmt":"2026-03-05T07:31:53","slug":"manchons-homme-femme-anti-uv","status":"publish","type":"product","link":"https:\/\/soway.eu\/de\/produit\/manchons-homme-femme-anti-uv\/","title":{"rendered":"Manchons homme &#038; femme anti-UV"},"content":{"rendered":"<p>Manchons anti-UV UPF 50+<\/p>\n<p>Dessus de la main : 100% Poly\u00e9thyl\u00e8ne<\/p>\n<p>Paume de la main : Coton extensible<\/p>\n<p>Prot\u00e9gez la paume de vos mains avec ces mitaines ultra l\u00e9g\u00e8res et lavables anti-UV 50+<\/p>\n","protected":false},"excerpt":{"rendered":"<p>Manchons anti-UV UPF 50+<\/p>\n<p>Dessus de la main : 100% Poly\u00e9thyl\u00e8ne<\/p>\n<p>Paume de la main : Coton extensible<\/p>\n<p>Prot\u00e9gez la paume de vos mains avec ces manchons ultra l\u00e9g\u00e8rs et lavables anti-UV 50+<\/p>\n","protected":false},"featured_media":4129,"comment_status":"closed","ping_status":"closed","template":"","meta":[],"product_brand":[],"product_cat":[23,24,25],"product_tag":[],"class_list":{"0":"post-4113","1":"product","2":"type-product","3":"status-publish","4":"has-post-thumbnail","6":"product_cat-accessoires","7":"product_cat-fr","8":"product_cat-pret-a-porter-made-in-france","10":"first","11":"instock","12":"sale","13":"taxable","14":"shipping-taxable","15":"purchasable","16":"product-type-variable","17":"has-default-attributes"},"_links":{"self":[{"href":"https:\/\/soway.eu\/de\/wp-json\/wp\/v2\/product\/4113","targetHints":{"allow":["GET"]}}],"collection":[{"href":"https:\/\/soway.eu\/de\/wp-json\/wp\/v2\/product"}],"about":[{"href":"https:\/\/soway.eu\/de\/wp-json\/wp\/v2\/types\/product"}],"replies":[{"embeddable":true,"href":"https:\/\/soway.eu\/de\/wp-json\/wp\/v2\/comments?post=4113"}],"wp:featuredmedia":[{"embeddable":true,"href":"https:\/\/soway.eu\/de\/wp-json\/wp\/v2\/media\/4129"}],"wp:attachment":[{"href":"https:\/\/soway.eu\/de\/wp-json\/wp\/v2\/media?parent=4113"}],"wp:term":[{"taxonomy":"product_brand","embeddable":true,"href":"https:\/\/soway.eu\/de\/wp-json\/wp\/v2\/product_brand?post=4113"},{"taxonomy":"product_cat","embeddable":true,"href":"https:\/\/soway.eu\/de\/wp-json\/wp\/v2\/product_cat?post=4113"},{"taxonomy":"product_tag","embeddable":true,"href":"https:\/\/soway.eu\/de\/wp-json\/wp\/v2\/product_tag?post=4113"}],"curies":[{"name":"wp","href":"https:\/\/api.w.org\/{rel}","templated":true}]}}