{"id":3468,"date":"2026-03-05T07:26:09","date_gmt":"2026-03-05T07:26:09","guid":{"rendered":"https:\/\/soway.eu\/?post_type=product&#038;p=3468"},"modified":"2026-03-05T07:31:43","modified_gmt":"2026-03-05T07:31:43","slug":"casquette-anti-uv-happyavec-protege-nuque-2-couleurs","status":"publish","type":"product","link":"https:\/\/soway.eu\/en\/produit\/casquette-anti-uv-happyavec-protege-nuque-2-couleurs\/","title":{"rendered":"Casquette anti-UV &#8220;Happy&#8221;<i>avec Prot\u00e8ge-nuque<\/i> (2 couleurs)"},"content":{"rendered":"<ul>\n<li>Soway\u00ae, marque fran\u00e7aise recommand\u00e9e par les dermatologues<\/li>\n<li>Protection ANTI-UV 50+, certifi\u00e9e Norme australienne et n\u00e9o-z\u00e9landaise AS\/NZS 4500<\/li>\n<li>Anti-infrarouges : la mati\u00e8re Soway\u00ae repousse la chaleur et le chapeau reste frais sous le soleil (contrairement aux produits anti-UV &#8220;classiques&#8221;)<\/li>\n<\/ul>\n","protected":false},"excerpt":{"rendered":"<p>PROTECTION ANTI-UV 50+, certifi\u00e9 Norme australienne et n\u00e9o-z\u00e9landaise AS\/NZS 4399, la plus s\u00e9v\u00e8re<\/p>\n<p>ANTI-INFRAROUGES : la casquette repousse la chaleur et il y fait moins chaud en dessous qu&#8217;\u00e0 l&#8217;ext\u00e9rieur<\/p>\n<p>Casquette beige avec deux couleurs de doublure au choix : beige ou marine.<\/p>\n<p>Enfin une jolie casquette avec prot\u00e8ge-nuque ! Celui-ci se soul\u00e8ve \u00e0 l\u2019aide d\u2019une pression et se rabat afin d\u2019\u00e9viter les coups de soleil dans le cou et sur les oreilles.<\/p>\n<p>Livr\u00e9e avec deux liens mentonni\u00e8re : moutarde et beige.<\/p>\n<p>Tailles r\u00e9glables : existe jusqu&#8217;au 61\/63<\/p>\n","protected":false},"featured_media":3501,"comment_status":"closed","ping_status":"closed","template":"","meta":[],"product_brand":[],"product_cat":[315,26,24,20],"product_tag":[],"class_list":{"0":"post-3468","1":"product","2":"type-product","3":"status-publish","4":"has-post-thumbnail","6":"product_cat-activie-de-plein-air","7":"product_cat-casquettes","8":"product_cat-fr","9":"product_cat-mixte","11":"first","12":"instock","13":"taxable","14":"shipping-taxable","15":"purchasable","16":"product-type-variable"},"_links":{"self":[{"href":"https:\/\/soway.eu\/en\/wp-json\/wp\/v2\/product\/3468","targetHints":{"allow":["GET"]}}],"collection":[{"href":"https:\/\/soway.eu\/en\/wp-json\/wp\/v2\/product"}],"about":[{"href":"https:\/\/soway.eu\/en\/wp-json\/wp\/v2\/types\/product"}],"replies":[{"embeddable":true,"href":"https:\/\/soway.eu\/en\/wp-json\/wp\/v2\/comments?post=3468"}],"wp:featuredmedia":[{"embeddable":true,"href":"https:\/\/soway.eu\/en\/wp-json\/wp\/v2\/media\/3501"}],"wp:attachment":[{"href":"https:\/\/soway.eu\/en\/wp-json\/wp\/v2\/media?parent=3468"}],"wp:term":[{"taxonomy":"product_brand","embeddable":true,"href":"https:\/\/soway.eu\/en\/wp-json\/wp\/v2\/product_brand?post=3468"},{"taxonomy":"product_cat","embeddable":true,"href":"https:\/\/soway.eu\/en\/wp-json\/wp\/v2\/product_cat?post=3468"},{"taxonomy":"product_tag","embeddable":true,"href":"https:\/\/soway.eu\/en\/wp-json\/wp\/v2\/product_tag?post=3468"}],"curies":[{"name":"wp","href":"https:\/\/api.w.org\/{rel}","templated":true}]}}