{"id":3487,"date":"2026-03-05T07:26:12","date_gmt":"2026-03-05T07:26:12","guid":{"rendered":"https:\/\/soway.eu\/?post_type=product&#038;p=3487"},"modified":"2026-03-05T07:28:49","modified_gmt":"2026-03-05T07:28:49","slug":"chapeau-enfant-anti-uv-lison","status":"publish","type":"product","link":"https:\/\/soway.eu\/en\/produit\/chapeau-enfant-anti-uv-lison\/","title":{"rendered":"Chapeau enfant anti-UV &#8220;Lison&#8221;"},"content":{"rendered":"<p>Casquette-bandana avec 6 cm de visi\u00e8re (le visage de l&#8217;enfant est bien \u00e0 l&#8217;ombre)<\/p>\n<p>Base blanche avec tissu ancres rose<\/p>\n<p>Lacet mentonni\u00e8re r\u00e9glable avec curseur<\/p>\n<p>100% Poly\u00e9thyl\u00e8ne<\/p>\n<p>PROTECTION ANTI-UV 50+, certifi\u00e9 Norme australienne et n\u00e9o-z\u00e9landaise AS\/NZS 4399, la plus s\u00e9v\u00e8re<\/p>\n<p>Visi\u00e8re doubl\u00e9e de tissu fonc\u00e9 pour limiter les effets de la r\u00e9verb\u00e9ration dans les yeux<\/p>\n<p>A\u00e9r\u00e9 gr\u00e2ce \u00e0 une technique de microperforation<\/p>\n<p>Tailles r\u00e9glables<\/p>\n<p>Se roule dans pochette fournie avec le chapeau<\/p>\n","protected":false},"excerpt":{"rendered":"<p>PROTECTION ANTI-UV 50+, certifi\u00e9 Norme australienne et n\u00e9o-z\u00e9landaise AS\/NZS 4399, la plus s\u00e9v\u00e8re<\/p>\n<p>ANTI-INFRAROUGES : le chapeau repousse la chaleur, il y fait moins chaud en-dessous qu&#8217;\u00e0 l&#8217;ext\u00e9rieur et votre enfant garde son chapeau sur la t\u00eate<\/p>\n<p>Casquette-bandana avec 6 cm de visi\u00e8re (le visage de l&#8217;enfant est bien \u00e0 l&#8217;ombre)<\/p>\n<p>Base blanche avec tissu ancres rose<\/p>\n<p>Lacet mentonni\u00e8re r\u00e9glable avec curseur<\/p>\n","protected":false},"featured_media":3670,"comment_status":"closed","ping_status":"closed","template":"","meta":[],"product_brand":[],"product_cat":[40,28,24],"product_tag":[41,42],"class_list":{"0":"post-3487","1":"product","2":"type-product","3":"status-publish","4":"has-post-thumbnail","6":"product_cat-bebes-et-enfants","7":"product_cat-bord-6-cm","8":"product_cat-fr","9":"product_tag-bebes","10":"product_tag-enfants","12":"first","13":"instock","14":"sale","15":"taxable","16":"shipping-taxable","17":"purchasable","18":"product-type-variable"},"_links":{"self":[{"href":"https:\/\/soway.eu\/en\/wp-json\/wp\/v2\/product\/3487","targetHints":{"allow":["GET"]}}],"collection":[{"href":"https:\/\/soway.eu\/en\/wp-json\/wp\/v2\/product"}],"about":[{"href":"https:\/\/soway.eu\/en\/wp-json\/wp\/v2\/types\/product"}],"replies":[{"embeddable":true,"href":"https:\/\/soway.eu\/en\/wp-json\/wp\/v2\/comments?post=3487"}],"wp:featuredmedia":[{"embeddable":true,"href":"https:\/\/soway.eu\/en\/wp-json\/wp\/v2\/media\/3670"}],"wp:attachment":[{"href":"https:\/\/soway.eu\/en\/wp-json\/wp\/v2\/media?parent=3487"}],"wp:term":[{"taxonomy":"product_brand","embeddable":true,"href":"https:\/\/soway.eu\/en\/wp-json\/wp\/v2\/product_brand?post=3487"},{"taxonomy":"product_cat","embeddable":true,"href":"https:\/\/soway.eu\/en\/wp-json\/wp\/v2\/product_cat?post=3487"},{"taxonomy":"product_tag","embeddable":true,"href":"https:\/\/soway.eu\/en\/wp-json\/wp\/v2\/product_tag?post=3487"}],"curies":[{"name":"wp","href":"https:\/\/api.w.org\/{rel}","templated":true}]}}