{"id":3495,"date":"2026-03-05T07:26:13","date_gmt":"2026-03-05T07:26:13","guid":{"rendered":"https:\/\/soway.eu\/?post_type=product&#038;p=3495"},"modified":"2026-03-05T07:32:04","modified_gmt":"2026-03-05T07:32:04","slug":"bob-enfant-anti-uv-mixte-leonard-4-couleurs","status":"publish","type":"product","link":"https:\/\/soway.eu\/en\/produit\/bob-enfant-anti-uv-mixte-leonard-4-couleurs\/","title":{"rendered":"Bob enfant anti-UV mixte &#8220;L\u00e9onard&#8221; \u2013 (4 couleurs)"},"content":{"rendered":"<p> <\/p>","protected":false},"excerpt":{"rendered":"<ul>\n<li>PROTECTION ANTI-UV 50+, certifi\u00e9 Norme australienne et n\u00e9o-z\u00e9landaise AS\/NZS 4399, la plus s\u00e9v\u00e8re<\/li>\n<li>ANTI-INFRAROUGES : le chapeau repousse la chaleur, il y fait moins chaud en dessous qu&#8217;\u00e0 l&#8217;ext\u00e9rieur et votre enfant garde son chapeau sur la t\u00eate<\/li>\n<li>Chapeau mixte avec 6 cm de bord : le visage de l&#8217;enfant est bien \u00e0 l&#8217;ombre<\/li>\n<li>Blanc, doubl\u00e9 de tissu ray\u00e9 bleu OU olive OU motifs turquoise OU marine uni OU gris souris<\/li>\n<li>Lacet mentonni\u00e8re r\u00e9glable avec curseur<\/li>\n<li>100% Poly\u00e9thyl\u00e8ne<\/li>\n<li>Bord doubl\u00e9 de tissu pour limiter les effets de la r\u00e9verb\u00e9ration dans les yeux<\/li>\n<li>A\u00e9r\u00e9 gr\u00e2ce \u00e0 une technique de microperforation<\/li>\n<li>3 tailles r\u00e9glables<\/li>\n<li>Se roule dans pochette fournie avec le chapeau<\/li>\n<\/ul>\n","protected":false},"featured_media":3681,"comment_status":"closed","ping_status":"closed","template":"","meta":[],"product_brand":[],"product_cat":[40,28,24],"product_tag":[],"class_list":{"0":"post-3495","1":"product","2":"type-product","3":"status-publish","4":"has-post-thumbnail","6":"product_cat-bebes-et-enfants","7":"product_cat-bord-6-cm","8":"product_cat-fr","10":"first","11":"instock","12":"sale","13":"taxable","14":"shipping-taxable","15":"purchasable","16":"product-type-variable","17":"has-default-attributes"},"_links":{"self":[{"href":"https:\/\/soway.eu\/en\/wp-json\/wp\/v2\/product\/3495","targetHints":{"allow":["GET"]}}],"collection":[{"href":"https:\/\/soway.eu\/en\/wp-json\/wp\/v2\/product"}],"about":[{"href":"https:\/\/soway.eu\/en\/wp-json\/wp\/v2\/types\/product"}],"replies":[{"embeddable":true,"href":"https:\/\/soway.eu\/en\/wp-json\/wp\/v2\/comments?post=3495"}],"wp:featuredmedia":[{"embeddable":true,"href":"https:\/\/soway.eu\/en\/wp-json\/wp\/v2\/media\/3681"}],"wp:attachment":[{"href":"https:\/\/soway.eu\/en\/wp-json\/wp\/v2\/media?parent=3495"}],"wp:term":[{"taxonomy":"product_brand","embeddable":true,"href":"https:\/\/soway.eu\/en\/wp-json\/wp\/v2\/product_brand?post=3495"},{"taxonomy":"product_cat","embeddable":true,"href":"https:\/\/soway.eu\/en\/wp-json\/wp\/v2\/product_cat?post=3495"},{"taxonomy":"product_tag","embeddable":true,"href":"https:\/\/soway.eu\/en\/wp-json\/wp\/v2\/product_tag?post=3495"}],"curies":[{"name":"wp","href":"https:\/\/api.w.org\/{rel}","templated":true}]}}