{"id":3589,"date":"2026-03-05T07:27:30","date_gmt":"2026-03-05T07:27:30","guid":{"rendered":"https:\/\/soway.eu\/?post_type=product&#038;p=3589"},"modified":"2026-03-05T07:28:59","modified_gmt":"2026-03-05T07:28:59","slug":"pareo-anti-uv-femme-extra-large-made-in-france","status":"publish","type":"product","link":"https:\/\/soway.eu\/en\/produit\/pareo-anti-uv-femme-extra-large-made-in-france\/","title":{"rendered":"Par\u00e9o anti-UV femme Extra-large &#8211; MADE IN FRANCE"},"content":{"rendered":"<p>Par\u00e9o anti-UV UPF 50+ (norme AS \/ NZS 4399 :1996), certifi\u00e9 avec la norme de protection solaire australienne, la plus s\u00e9v\u00e8re.<\/p>\n<p>Fabriqu\u00e9 en France par une entreprise sp\u00e9cialis\u00e9e dans la confection de pr\u00eat-\u00e0-porter haut de gamme.<\/p>\n<p>Id\u00e9al pour la plage en par\u00e9o \/ serviette ou pour se couvrir les \u00e9paules ou les jambes.<\/p>\n<p>La mati\u00e8re utilis\u00e9e garantit un confort absolu gr\u00e2ce \u00e0 des microfibres antibact\u00e9riennes et enrichies \u00e0 l\u2019Alo\u00e9 V\u00e9ra, qui emp\u00eachent les mauvaises odeurs et apportent un toucher doux et fluide. Elle est tr\u00e8s respirante et s\u00e8che 2,5 fois plus vite que le Polyamide, souvent utilis\u00e9 pour ces produits.<\/p>\n<p>Composition : 86% Polyester, 14% \u00c9lasthanne<\/p>\n<p>Dimensions : 140*180cm<\/p>\n<p>Grammage : 150g\/m2<\/p>\n","protected":false},"excerpt":{"rendered":"<p>Par\u00e9o anti-UV UPF 50+ (norme AS \/ NZS 4399 :1996), certifi\u00e9 avec la norme de protection solaire australienne, la plus s\u00e9v\u00e8re.<\/p>\n<p>Fabriqu\u00e9 en France par une entreprise sp\u00e9cialis\u00e9e dans la confection de pr\u00eat-\u00e0-porter haut de gamme.<\/p>\n<p>Id\u00e9al pour la plage en par\u00e9o \/ serviette ou pour se couvrir les \u00e9paules ou les jambes.<\/p>\n<p>La mati\u00e8re utilis\u00e9e garantit un confort absolu gr\u00e2ce \u00e0 des microfibres antibact\u00e9riennes et enrichies \u00e0 l\u2019Alo\u00e9 V\u00e9ra, qui emp\u00eachent les mauvaises odeurs et apportent un toucher doux et fluide. Elle est tr\u00e8s respirante et s\u00e8che 2,5 fois plus vite que le Polyamide, souvent utilis\u00e9 pour ces produits.<\/p>\n<p>Composition : 86% Polyester, 14% \u00c9lasthanne<\/p>\n<p>Dimensions : 140*180cm<\/p>\n<p>Grammage : 150g\/m2<\/p>\n","protected":false},"featured_media":3728,"comment_status":"closed","ping_status":"closed","template":"","meta":[],"product_brand":[],"product_cat":[24,25],"product_tag":[],"class_list":{"0":"post-3589","1":"product","2":"type-product","3":"status-publish","4":"has-post-thumbnail","6":"product_cat-fr","7":"product_cat-pret-a-porter-made-in-france","9":"first","10":"outofstock","11":"sale","12":"taxable","13":"shipping-taxable","14":"purchasable","15":"product-type-simple"},"_links":{"self":[{"href":"https:\/\/soway.eu\/en\/wp-json\/wp\/v2\/product\/3589","targetHints":{"allow":["GET"]}}],"collection":[{"href":"https:\/\/soway.eu\/en\/wp-json\/wp\/v2\/product"}],"about":[{"href":"https:\/\/soway.eu\/en\/wp-json\/wp\/v2\/types\/product"}],"replies":[{"embeddable":true,"href":"https:\/\/soway.eu\/en\/wp-json\/wp\/v2\/comments?post=3589"}],"wp:featuredmedia":[{"embeddable":true,"href":"https:\/\/soway.eu\/en\/wp-json\/wp\/v2\/media\/3728"}],"wp:attachment":[{"href":"https:\/\/soway.eu\/en\/wp-json\/wp\/v2\/media?parent=3589"}],"wp:term":[{"taxonomy":"product_brand","embeddable":true,"href":"https:\/\/soway.eu\/en\/wp-json\/wp\/v2\/product_brand?post=3589"},{"taxonomy":"product_cat","embeddable":true,"href":"https:\/\/soway.eu\/en\/wp-json\/wp\/v2\/product_cat?post=3589"},{"taxonomy":"product_tag","embeddable":true,"href":"https:\/\/soway.eu\/en\/wp-json\/wp\/v2\/product_tag?post=3589"}],"curies":[{"name":"wp","href":"https:\/\/api.w.org\/{rel}","templated":true}]}}