{"id":3590,"date":"2026-03-05T07:27:30","date_gmt":"2026-03-05T07:27:30","guid":{"rendered":"https:\/\/soway.eu\/?post_type=product&#038;p=3590"},"modified":"2026-03-05T07:29:40","modified_gmt":"2026-03-05T07:29:40","slug":"t-shirt-manches-longues-anti-uv-femme-cap-ferret-made-in-france","status":"publish","type":"product","link":"https:\/\/soway.eu\/en\/produit\/t-shirt-manches-longues-anti-uv-femme-cap-ferret-made-in-france\/","title":{"rendered":"T-shirt manches longues anti-UV femme &#8220;Cap Ferret&#8221;\u2013 MADE IN FRANCE"},"content":{"rendered":"<p>T-shirt manches longues anti-UV UPF 50+ (norme AS \/ NZS 4399 :1996), certifi\u00e9 avec la norme de protection solaire australienne, la plus s\u00e9v\u00e8re.<\/p>\n<p>Fabriqu\u00e9 en France par une entreprise sp\u00e9cialis\u00e9e dans la confection de pr\u00eat-\u00e0-porter haut de gamme.<\/p>\n<p>Id\u00e9al pour la plage ou activit\u00e9s nautiques.<\/p>\n<p>La mati\u00e8re utilis\u00e9e garantit un confort absolu gr\u00e2ce \u00e0 des microfibres antibact\u00e9riennes et enrichies \u00e0 l\u2019Alo\u00e9 V\u00e9ra, qui emp\u00eachent les mauvaises odeurs et apportent un toucher doux et fluide. Elle est tr\u00e8s respirante et s\u00e8che 2,5 fois plus vite que le Polyamide, souvent utilis\u00e9 pour ces produits.<\/p>\n<ul style=\"list-style-type: disc;\">\n<li>Il existe en deux couleurs : Tropical (bleu marine \u00e0 fleurs) ou Bloody Mary (corail)<\/li>\n<li>Il existe en plusieurs tailles : S, M, L, XL, XXL, XXL<\/li>\n<li>Composition : 86% Polyester, 14% \u00c9lasthanne (Tropical) et 82% Polyester, 18% \u00c9lasthanne (Bloody Mary)<\/li>\n<li>Grammage : 150g\/m2 (Tropical), 235g\/m2 (Bloody Mary)<\/li>\n<li>Longueur : 63 cm<\/li>\n<\/ul>\n","protected":false},"excerpt":{"rendered":"<p>T-shirt manches longues anti-UV UPF 50+ (norme AS \/ NZS 4399 :1996), certifi\u00e9 avec la norme de protection solaire australienne, la plus s\u00e9v\u00e8re.<\/p>\n<p>Fabriqu\u00e9 en France par une entreprise sp\u00e9cialis\u00e9e dans la confection de pr\u00eat-\u00e0-porter haut de gamme.<\/p>\n<p>Id\u00e9al pour la plage ou activit\u00e9s nautiques.<\/p>\n<p>La mati\u00e8re utilis\u00e9e garantit un confort absolu gr\u00e2ce \u00e0 des microfibres antibact\u00e9riennes et enrichies \u00e0 l\u2019Alo\u00e9 V\u00e9ra, qui emp\u00eachent les mauvaises odeurs et apportent un toucher doux et fluide. Elle est tr\u00e8s respirante et s\u00e8che 2,5 fois plus vite que le Polyamide, souvent utilis\u00e9 pour ces produits.<\/p>\n<p>Le T-shirt a \u00e9t\u00e9 dessin\u00e9 pour vous garantir la plus grande protection contre les UV (manches longues, col montant), tout en restant chic et \u00e9l\u00e9gante.<\/p>\n<ul style=\"list-style-type: disc;\">\n<li>Il existe en deux couleurs : Tropical (bleu marine \u00e0 fleurs) ou Bloody Mary (corail)<\/li>\n<li>Il existe en plusieurs tailles : S, M, L, XL, XXL, XXL<\/li>\n<li>Composition : 86% Polyester, 14% \u00c9lasthanne (Tropical) et 82% Polyester, 18% \u00c9lasthanne (Bloody Mary)<\/li>\n<li>Grammage : 150g\/m2 (Tropical), 235g\/m2 (Bloody Mary)<\/li>\n<li>Longueur : 63 cm<\/li>\n<\/ul>\n","protected":false},"featured_media":3731,"comment_status":"closed","ping_status":"closed","template":"","meta":[],"product_brand":[],"product_cat":[37,24,25],"product_tag":[],"class_list":{"0":"post-3590","1":"product","2":"type-product","3":"status-publish","4":"has-post-thumbnail","6":"product_cat-femmes","7":"product_cat-fr","8":"product_cat-pret-a-porter-made-in-france","10":"first","11":"instock","12":"sale","13":"taxable","14":"shipping-taxable","15":"purchasable","16":"product-type-variable"},"_links":{"self":[{"href":"https:\/\/soway.eu\/en\/wp-json\/wp\/v2\/product\/3590","targetHints":{"allow":["GET"]}}],"collection":[{"href":"https:\/\/soway.eu\/en\/wp-json\/wp\/v2\/product"}],"about":[{"href":"https:\/\/soway.eu\/en\/wp-json\/wp\/v2\/types\/product"}],"replies":[{"embeddable":true,"href":"https:\/\/soway.eu\/en\/wp-json\/wp\/v2\/comments?post=3590"}],"wp:featuredmedia":[{"embeddable":true,"href":"https:\/\/soway.eu\/en\/wp-json\/wp\/v2\/media\/3731"}],"wp:attachment":[{"href":"https:\/\/soway.eu\/en\/wp-json\/wp\/v2\/media?parent=3590"}],"wp:term":[{"taxonomy":"product_brand","embeddable":true,"href":"https:\/\/soway.eu\/en\/wp-json\/wp\/v2\/product_brand?post=3590"},{"taxonomy":"product_cat","embeddable":true,"href":"https:\/\/soway.eu\/en\/wp-json\/wp\/v2\/product_cat?post=3590"},{"taxonomy":"product_tag","embeddable":true,"href":"https:\/\/soway.eu\/en\/wp-json\/wp\/v2\/product_tag?post=3590"}],"curies":[{"name":"wp","href":"https:\/\/api.w.org\/{rel}","templated":true}]}}