{"id":3702,"date":"2026-03-05T07:28:51","date_gmt":"2026-03-05T07:28:51","guid":{"rendered":"https:\/\/soway.eu\/?post_type=product&#038;p=3702"},"modified":"2026-03-05T07:29:12","modified_gmt":"2026-03-05T07:29:12","slug":"manchettes-anti-uv-mixte-made-in-france","status":"publish","type":"product","link":"https:\/\/soway.eu\/en\/produit\/manchettes-anti-uv-mixte-made-in-france\/","title":{"rendered":"Manchettes anti-UV mixte &#8211; MADE IN FRANCE"},"content":{"rendered":"<p>Elles existent en plusieurs tailles : M, L, XL, XXL<\/p>\n<p>Taille: M<br \/>\nLongueur totale: 40cm<br \/>\nCirconf\u00e9rence du bras sup\u00e9rieur: Approx. 23-27cm<br \/>\nCirconf\u00e9rence du bras inf\u00e9rieur: Approx. 13-15cm<\/p>\n<p>Taille: L<br \/>\nLongueur totale: 41cm<br \/>\nCirconf\u00e9rence du bras sup\u00e9rieur: Approx. 25-29cm<br \/>\nCirconf\u00e9rence du bras inf\u00e9rieur: Approx. 15-18cm<\/p>\n<p>Taille: XL<br \/>\nLongueur totale: 42cm<br \/>\nCirconf\u00e9rence du bras sup\u00e9rieur: Approx. 27-32cm<br \/>\nCirconf\u00e9rence du bras inf\u00e9rieur: Approx. 18-20cm<\/p>\n<p>Taille: XXL<br \/>\nLongueur totale: 43cm<br \/>\nCirconf\u00e9rence du bras sup\u00e9rieur: Approx. 29-34cm<br \/>\nCirconf\u00e9rence du bras inf\u00e9rieur: Approx. 20-22cm<\/p>\n<p>Composition\u00a0: 82% Polyester, 18% \u00c9lasthanne<\/p>\n<p>Grammage\u00a0: 235g\/m2<\/p>\n","protected":false},"excerpt":{"rendered":"<p>Manchettes extensibles anti-UV UPF 50+ (norme AS \/ NZS 4399 :1996) certifi\u00e9es avec la norme de protection solaire australienne, la plus s\u00e9v\u00e8re.<\/p>\n<p>Fabriqu\u00e9es \u00e0 Clisson (France) par une entreprise sp\u00e9cialis\u00e9e dans la confection de pr\u00eat-\u00e0-porter haut de gamme.<\/p>\n<p>Une bande anti-d\u00e9rapante en silicone permet aux manchettes d\u2019\u00eatre bien fix\u00e9es au bras et de ne pas glisser.<\/p>\n<p>Id\u00e9al pour les sports de plein air et la plage. Facile \u00e0 mettre au dernier moment si l\u2019on porte un T-shirt ou un polo manches courtes.<\/p>\n<p>Toucher doux et fluide.<\/p>\n<p>Mati\u00e8re respirante, qui s\u00e8che 2,5 fois plus vite que le Polyamide, souvent utilis\u00e9 pour ces produits.<\/p>\n<p>Elles existent en une couleur : Bleu marine<\/p>\n<p>Elles existent en plusieurs tailles : M, L, XL, XXL (voir d\u00e9tails ci-dessous)<\/p>\n","protected":false},"featured_media":3763,"comment_status":"closed","ping_status":"closed","template":"","meta":[],"product_brand":[],"product_cat":[24,25],"product_tag":[],"class_list":{"0":"post-3702","1":"product","2":"type-product","3":"status-publish","4":"has-post-thumbnail","6":"product_cat-fr","7":"product_cat-pret-a-porter-made-in-france","9":"first","10":"instock","11":"taxable","12":"shipping-taxable","13":"purchasable","14":"product-type-variable"},"_links":{"self":[{"href":"https:\/\/soway.eu\/en\/wp-json\/wp\/v2\/product\/3702","targetHints":{"allow":["GET"]}}],"collection":[{"href":"https:\/\/soway.eu\/en\/wp-json\/wp\/v2\/product"}],"about":[{"href":"https:\/\/soway.eu\/en\/wp-json\/wp\/v2\/types\/product"}],"replies":[{"embeddable":true,"href":"https:\/\/soway.eu\/en\/wp-json\/wp\/v2\/comments?post=3702"}],"wp:featuredmedia":[{"embeddable":true,"href":"https:\/\/soway.eu\/en\/wp-json\/wp\/v2\/media\/3763"}],"wp:attachment":[{"href":"https:\/\/soway.eu\/en\/wp-json\/wp\/v2\/media?parent=3702"}],"wp:term":[{"taxonomy":"product_brand","embeddable":true,"href":"https:\/\/soway.eu\/en\/wp-json\/wp\/v2\/product_brand?post=3702"},{"taxonomy":"product_cat","embeddable":true,"href":"https:\/\/soway.eu\/en\/wp-json\/wp\/v2\/product_cat?post=3702"},{"taxonomy":"product_tag","embeddable":true,"href":"https:\/\/soway.eu\/en\/wp-json\/wp\/v2\/product_tag?post=3702"}],"curies":[{"name":"wp","href":"https:\/\/api.w.org\/{rel}","templated":true}]}}