{"id":3707,"date":"2026-03-05T07:28:52","date_gmt":"2026-03-05T07:28:52","guid":{"rendered":"https:\/\/soway.eu\/?post_type=product&#038;p=3707"},"modified":"2026-03-05T07:29:39","modified_gmt":"2026-03-05T07:29:39","slug":"chapeau-anti-uv-homme-protege-nuque-2-couleurs","status":"publish","type":"product","link":"https:\/\/soway.eu\/en\/produit\/chapeau-anti-uv-homme-protege-nuque-2-couleurs\/","title":{"rendered":"Chapeau anti-UV homme &#8220;Prot\u00e8ge-Nuque&#8221;- (2 couleurs)"},"content":{"rendered":"<p>Fabriqu\u00e9 au Portugal par une entreprise sp\u00e9cialis\u00e9e dans la confection de chapeaux haut de gamme.<\/p>\n<p>Chapeau mixte avec 7 cm de bord et prot\u00e8ge-nuque<\/p>\n<p>2 couleurs au choix :<\/p>\n<ul>\n<li>Calotte blanche, bord beige avec liser\u00e9 ficelle et int\u00e9rieur ficelle<\/li>\n<li>Calotte beige, bord beige avec int\u00e9rieur cognac<\/li>\n<\/ul>\n<p>Int\u00e9rieur couleur ficelle<\/p>\n<p>Lacet mentonni\u00e8re r\u00e9glable avec curseur<\/p>\n<p>100% Poly\u00e9thyl\u00e8ne<\/p>\n<p>PROTECTION ANTI-UV 50+, certifi\u00e9 Norme australienne et n\u00e9o-z\u00e9landaise AS\/NZS 4399, la plus s\u00e9v\u00e8re<\/p>\n<p>Bord doubl\u00e9 de tissu pour limiter les effets de la r\u00e9verb\u00e9ration dans les yeux<\/p>\n<p>A\u00e9r\u00e9 gr\u00e2ce \u00e0 une technique de microperforation<\/p>\n<p>4 tailles r\u00e9glables : jusqu&#8217;au 61\/63<\/p>\n<p>Se roule dans pochette fournie avec le chapeau<\/p>\n","protected":false},"excerpt":{"rendered":"<p>Fabriqu\u00e9 au Portugal par une entreprise sp\u00e9cialis\u00e9e dans la confection de chapeaux haut de gamme.<\/p>\n<p>PROTECTION ANTI-UV 50+, certifi\u00e9 Norme australienne et n\u00e9o-z\u00e9landaise AS\/NZS 4399, la plus s\u00e9v\u00e8re<\/p>\n<p>ANTI-INFRAROUGES : le chapeau repousse la chaleur et il y fait 10 degr\u00e9s de moins en-dessous qu&#8217;\u00e0 l&#8217;ext\u00e9rieur<\/p>\n<p>Chapeau mixte avec 7 cm de bord et prot\u00e8ge-nuque<\/p>\n<p>2 couleurs au choix :<\/p>\n<ul>\n<li>Calotte blanche, bord beige avec liser\u00e9 ficelle et int\u00e9rieur ficelle<\/li>\n<li>Calotte beige, bord beige avec int\u00e9rieur cognac<\/li>\n<\/ul>\n<p>Lacet mentonni\u00e8re r\u00e9glable avec curseur<\/p>\n<p>4 tailles r\u00e9glables : jusqu&#8217;au 61\/63<\/p>\n","protected":false},"featured_media":3804,"comment_status":"closed","ping_status":"closed","template":"","meta":[],"product_brand":[],"product_cat":[18,29,24,20],"product_tag":[],"class_list":{"0":"post-3707","1":"product","2":"type-product","3":"status-publish","4":"has-post-thumbnail","6":"product_cat-bord-7-cm","7":"product_cat-chapeaux","8":"product_cat-fr","9":"product_cat-mixte","11":"first","12":"instock","13":"taxable","14":"shipping-taxable","15":"purchasable","16":"product-type-variable"},"_links":{"self":[{"href":"https:\/\/soway.eu\/en\/wp-json\/wp\/v2\/product\/3707","targetHints":{"allow":["GET"]}}],"collection":[{"href":"https:\/\/soway.eu\/en\/wp-json\/wp\/v2\/product"}],"about":[{"href":"https:\/\/soway.eu\/en\/wp-json\/wp\/v2\/types\/product"}],"replies":[{"embeddable":true,"href":"https:\/\/soway.eu\/en\/wp-json\/wp\/v2\/comments?post=3707"}],"wp:featuredmedia":[{"embeddable":true,"href":"https:\/\/soway.eu\/en\/wp-json\/wp\/v2\/media\/3804"}],"wp:attachment":[{"href":"https:\/\/soway.eu\/en\/wp-json\/wp\/v2\/media?parent=3707"}],"wp:term":[{"taxonomy":"product_brand","embeddable":true,"href":"https:\/\/soway.eu\/en\/wp-json\/wp\/v2\/product_brand?post=3707"},{"taxonomy":"product_cat","embeddable":true,"href":"https:\/\/soway.eu\/en\/wp-json\/wp\/v2\/product_cat?post=3707"},{"taxonomy":"product_tag","embeddable":true,"href":"https:\/\/soway.eu\/en\/wp-json\/wp\/v2\/product_tag?post=3707"}],"curies":[{"name":"wp","href":"https:\/\/api.w.org\/{rel}","templated":true}]}}