{"id":3798,"date":"2026-03-05T07:29:16","date_gmt":"2026-03-05T07:29:16","guid":{"rendered":"https:\/\/soway.eu\/?post_type=product&#038;p=3798"},"modified":"2026-03-05T07:32:04","modified_gmt":"2026-03-05T07:32:04","slug":"chapeau-anti-uv-enfant-louison","status":"publish","type":"product","link":"https:\/\/soway.eu\/en\/produit\/chapeau-anti-uv-enfant-louison\/","title":{"rendered":"Chapeau anti-UV enfant &#8220;Louison&#8221;"},"content":{"rendered":" ","protected":false},"excerpt":{"rendered":"<ul>\n<li>Casquette avec 7 cm de visi\u00e8re<\/li>\n<li>Base blanche avec tissu vieux rose ou motifs coquillages moutarde<\/li>\n<li>Lacet mentonni\u00e8re r\u00e9glable avec curseur<\/li>\n<li>100% Poly\u00e9thyl\u00e8ne<\/li>\n<li>PROTECTION ANTI-UV 50+, certifi\u00e9 Norme australienne et n\u00e9o-z\u00e9landaise AS\/NZS 4399, la plus s\u00e9v\u00e8re<\/li>\n<li>Bord ou visi\u00e8res doubl\u00e9 de tissu fonc\u00e9 pour limiter les effets de la r\u00e9verb\u00e9ration dans les yeux<\/li>\n<li>A\u00e9r\u00e9 gr\u00e2ce \u00e0 une technique de microperforation<\/li>\n<li>Tailles de 1 an \u00e0 10 ans avec scratch<\/li>\n<li>Se roule dans pochette fournie avec le chapeau<\/li>\n<\/ul>\n","protected":false},"featured_media":3824,"comment_status":"closed","ping_status":"closed","template":"","meta":[],"product_brand":[],"product_cat":[40,18,32,24],"product_tag":[42,44],"class_list":{"0":"post-3798","1":"product","2":"type-product","3":"status-publish","4":"has-post-thumbnail","6":"product_cat-bebes-et-enfants","7":"product_cat-bord-7-cm","8":"product_cat-en-avant","9":"product_cat-fr","10":"product_tag-enfants","11":"product_tag-filles","13":"first","14":"outofstock","15":"featured","16":"taxable","17":"shipping-taxable","18":"purchasable","19":"product-type-variable"},"_links":{"self":[{"href":"https:\/\/soway.eu\/en\/wp-json\/wp\/v2\/product\/3798","targetHints":{"allow":["GET"]}}],"collection":[{"href":"https:\/\/soway.eu\/en\/wp-json\/wp\/v2\/product"}],"about":[{"href":"https:\/\/soway.eu\/en\/wp-json\/wp\/v2\/types\/product"}],"replies":[{"embeddable":true,"href":"https:\/\/soway.eu\/en\/wp-json\/wp\/v2\/comments?post=3798"}],"wp:featuredmedia":[{"embeddable":true,"href":"https:\/\/soway.eu\/en\/wp-json\/wp\/v2\/media\/3824"}],"wp:attachment":[{"href":"https:\/\/soway.eu\/en\/wp-json\/wp\/v2\/media?parent=3798"}],"wp:term":[{"taxonomy":"product_brand","embeddable":true,"href":"https:\/\/soway.eu\/en\/wp-json\/wp\/v2\/product_brand?post=3798"},{"taxonomy":"product_cat","embeddable":true,"href":"https:\/\/soway.eu\/en\/wp-json\/wp\/v2\/product_cat?post=3798"},{"taxonomy":"product_tag","embeddable":true,"href":"https:\/\/soway.eu\/en\/wp-json\/wp\/v2\/product_tag?post=3798"}],"curies":[{"name":"wp","href":"https:\/\/api.w.org\/{rel}","templated":true}]}}