{"id":3800,"date":"2026-03-05T07:29:17","date_gmt":"2026-03-05T07:29:17","guid":{"rendered":"https:\/\/soway.eu\/?post_type=product&#038;p=3800"},"modified":"2026-03-05T07:30:02","modified_gmt":"2026-03-05T07:30:02","slug":"lunettes-paris-dorees-ou-noires","status":"publish","type":"product","link":"https:\/\/soway.eu\/en\/produit\/lunettes-paris-dorees-ou-noires\/","title":{"rendered":"Lunettes PARIS (dor\u00e9es ou noires)"},"content":{"rendered":"<p><img loading=\"lazy\" decoding=\"async\" class=\"wp-image-7110 \" src=\"https:\/\/soway.fr\/wp-content\/uploads\/2020\/06\/categorie-1024x634.jpg\" alt=\"\" width=\"499\" height=\"309\" \/><\/p>\n","protected":false},"excerpt":{"rendered":"<ul>\n<li>Lunettes UV PROTECTION Cat\u00e9gorie 3<\/li>\n<li>Norme CE UV400<\/li>\n<li>Couleur de monture au choix : dor\u00e9e ou noire<\/li>\n<li>Mixtes<\/li>\n<li>Tr\u00e8s l\u00e9g\u00e8res<\/li>\n<\/ul>\n<p>Les lunettes sont livr\u00e9es avec une chamoisine pour leur nettoyage et un \u00e9tui rigide pliable, pour gagner de la place.<\/p>\n","protected":false},"featured_media":3863,"comment_status":"closed","ping_status":"closed","template":"","meta":[],"product_brand":[],"product_cat":[23,24],"product_tag":[],"class_list":{"0":"post-3800","1":"product","2":"type-product","3":"status-publish","4":"has-post-thumbnail","6":"product_cat-accessoires","7":"product_cat-fr","9":"first","10":"instock","11":"sale","12":"taxable","13":"shipping-taxable","14":"purchasable","15":"product-type-variable"},"_links":{"self":[{"href":"https:\/\/soway.eu\/en\/wp-json\/wp\/v2\/product\/3800","targetHints":{"allow":["GET"]}}],"collection":[{"href":"https:\/\/soway.eu\/en\/wp-json\/wp\/v2\/product"}],"about":[{"href":"https:\/\/soway.eu\/en\/wp-json\/wp\/v2\/types\/product"}],"replies":[{"embeddable":true,"href":"https:\/\/soway.eu\/en\/wp-json\/wp\/v2\/comments?post=3800"}],"wp:featuredmedia":[{"embeddable":true,"href":"https:\/\/soway.eu\/en\/wp-json\/wp\/v2\/media\/3863"}],"wp:attachment":[{"href":"https:\/\/soway.eu\/en\/wp-json\/wp\/v2\/media?parent=3800"}],"wp:term":[{"taxonomy":"product_brand","embeddable":true,"href":"https:\/\/soway.eu\/en\/wp-json\/wp\/v2\/product_brand?post=3800"},{"taxonomy":"product_cat","embeddable":true,"href":"https:\/\/soway.eu\/en\/wp-json\/wp\/v2\/product_cat?post=3800"},{"taxonomy":"product_tag","embeddable":true,"href":"https:\/\/soway.eu\/en\/wp-json\/wp\/v2\/product_tag?post=3800"}],"curies":[{"name":"wp","href":"https:\/\/api.w.org\/{rel}","templated":true}]}}