{"id":3927,"date":"2026-03-05T07:30:14","date_gmt":"2026-03-05T07:30:14","guid":{"rendered":"https:\/\/soway.eu\/?post_type=product&#038;p=3927"},"modified":"2026-03-05T07:30:25","modified_gmt":"2026-03-05T07:30:25","slug":"casquette-anti-uv-homme-femme-sport-iii-2-couleurs","status":"publish","type":"product","link":"https:\/\/soway.eu\/en\/produit\/casquette-anti-uv-homme-femme-sport-iii-2-couleurs\/","title":{"rendered":"Casquette anti-UV homme &#038; femme &#8220;Sport III&#8221; &#8211; (2 couleurs)"},"content":{"rendered":"<ul>\n<li>Soway\u00ae, marque fran\u00e7aise recommand\u00e9e par les dermatologues<\/li>\n<li>Protection ANTI-UV 50+, certifi\u00e9e Norme australienne et n\u00e9o-z\u00e9landaise AS\/NZS 4500<\/li>\n<li>Anti-infrarouges : la mati\u00e8re Soway\u00ae repousse la chaleur et le chapeau reste frais sous le soleil (contrairement aux produits anti-UV &#8220;classiques&#8221;)<\/li>\n<li>Id\u00e9al pour les activit\u00e9s de plein air<\/li>\n<\/ul>\n","protected":false},"excerpt":{"rendered":"<ul>\n<li>Soway\u00ae, marque fran\u00e7aise recommand\u00e9e par les dermatologues<\/li>\n<li>Protection ANTI-UV 50+, certifi\u00e9e Norme australienne et n\u00e9o-z\u00e9landaise AS\/NZS 4500<\/li>\n<li>Anti-infrarouges : la mati\u00e8re Soway\u00ae repousse la chaleur et le chapeau reste frais sous le soleil (contrairement aux produits anti-UV &#8220;classiques&#8221;)<\/li>\n<li>Id\u00e9al pour les activit\u00e9s de plein air<\/li>\n<li>Casquette mixte avec 8,5 cm de visi\u00e8re<\/li>\n<li>Base blanche avec 2 couleurs de tissu : beige ou marine<\/li>\n<li>R\u00e9glable avec curseur<\/li>\n<li>Flotte sur l\u2019eau<\/li>\n<li>100% Poly\u00e9thyl\u00e8ne<\/li>\n<li>Visi\u00e8re doubl\u00e9e de tissu fonc\u00e9 pour limiter les effets de la r\u00e9verb\u00e9ration dans les yeux<\/li>\n<li>A\u00e9r\u00e9 gr\u00e2ce \u00e0 une technique de microperforation<\/li>\n<li>Tailles r\u00e9glables : existe jusqu&#8217;au 61\/63 (couleur beige)<\/li>\n<li>Se roule dans pochette fournie avec le chapeau<\/li>\n<\/ul>\n","protected":false},"featured_media":3955,"comment_status":"closed","ping_status":"closed","template":"","meta":[],"product_brand":[],"product_cat":[26,24,20],"product_tag":[30,33,31],"class_list":{"0":"post-3927","1":"product","2":"type-product","3":"status-publish","4":"has-post-thumbnail","6":"product_cat-casquettes","7":"product_cat-fr","8":"product_cat-mixte","9":"product_tag-femmes","10":"product_tag-hommes","11":"product_tag-mixte","13":"first","14":"outofstock","15":"taxable","16":"shipping-taxable","17":"purchasable","18":"product-type-variable"},"_links":{"self":[{"href":"https:\/\/soway.eu\/en\/wp-json\/wp\/v2\/product\/3927","targetHints":{"allow":["GET"]}}],"collection":[{"href":"https:\/\/soway.eu\/en\/wp-json\/wp\/v2\/product"}],"about":[{"href":"https:\/\/soway.eu\/en\/wp-json\/wp\/v2\/types\/product"}],"replies":[{"embeddable":true,"href":"https:\/\/soway.eu\/en\/wp-json\/wp\/v2\/comments?post=3927"}],"wp:featuredmedia":[{"embeddable":true,"href":"https:\/\/soway.eu\/en\/wp-json\/wp\/v2\/media\/3955"}],"wp:attachment":[{"href":"https:\/\/soway.eu\/en\/wp-json\/wp\/v2\/media?parent=3927"}],"wp:term":[{"taxonomy":"product_brand","embeddable":true,"href":"https:\/\/soway.eu\/en\/wp-json\/wp\/v2\/product_brand?post=3927"},{"taxonomy":"product_cat","embeddable":true,"href":"https:\/\/soway.eu\/en\/wp-json\/wp\/v2\/product_cat?post=3927"},{"taxonomy":"product_tag","embeddable":true,"href":"https:\/\/soway.eu\/en\/wp-json\/wp\/v2\/product_tag?post=3927"}],"curies":[{"name":"wp","href":"https:\/\/api.w.org\/{rel}","templated":true}]}}