{"id":3971,"date":"2026-03-05T07:30:27","date_gmt":"2026-03-05T07:30:27","guid":{"rendered":"https:\/\/soway.eu\/?post_type=product&#038;p=3971"},"modified":"2026-03-05T07:30:45","modified_gmt":"2026-03-05T07:30:45","slug":"chapeau-anti-uv-enfant-mixte-mini-bordelais","status":"publish","type":"product","link":"https:\/\/soway.eu\/en\/produit\/chapeau-anti-uv-enfant-mixte-mini-bordelais\/","title":{"rendered":"Chapeau anti-UV enfant mixte &#8220;Mini-Bordelais&#8221;"},"content":{"rendered":"<p> <\/p>","protected":false},"excerpt":{"rendered":"<p>PROTECTION ANTI-UV 50+, certifi\u00e9 Norme australienne et n\u00e9o-z\u00e9landaise AS\/NZS 4399, la plus s\u00e9v\u00e8re<\/p>\n<p>ANTI-INFRAROUGES : le chapeau repousse la chaleur, il y fait 10 degr\u00e9s de moins qu&#8217;\u00e0 l&#8217;ext\u00e9rieur et votre enfant garde son chapeau sur la t\u00eate<\/p>\n<p>Chapeau mixte avec 6 cm de bord : le visage de l&#8217;enfant est bien \u00e0 l&#8217;ombre et sa nuque, bien prot\u00e9g\u00e9e gr\u00e2ce \u00e0 son prot\u00e8ge-nuque<\/p>\n<p>Couleur : Beige avec tissu beige<\/p>\n<p>Taille 3\/6 ans, r\u00e9glable<\/p>\n<p>Lacet mentonni\u00e8re r\u00e9glable avec curseur<\/p>\n","protected":false},"featured_media":3993,"comment_status":"closed","ping_status":"closed","template":"","meta":[],"product_brand":[],"product_cat":[40,28,24],"product_tag":[],"class_list":{"0":"post-3971","1":"product","2":"type-product","3":"status-publish","4":"has-post-thumbnail","6":"product_cat-bebes-et-enfants","7":"product_cat-bord-6-cm","8":"product_cat-fr","10":"first","11":"instock","12":"sale","13":"taxable","14":"shipping-taxable","15":"purchasable","16":"product-type-variable"},"_links":{"self":[{"href":"https:\/\/soway.eu\/en\/wp-json\/wp\/v2\/product\/3971","targetHints":{"allow":["GET"]}}],"collection":[{"href":"https:\/\/soway.eu\/en\/wp-json\/wp\/v2\/product"}],"about":[{"href":"https:\/\/soway.eu\/en\/wp-json\/wp\/v2\/types\/product"}],"replies":[{"embeddable":true,"href":"https:\/\/soway.eu\/en\/wp-json\/wp\/v2\/comments?post=3971"}],"wp:featuredmedia":[{"embeddable":true,"href":"https:\/\/soway.eu\/en\/wp-json\/wp\/v2\/media\/3993"}],"wp:attachment":[{"href":"https:\/\/soway.eu\/en\/wp-json\/wp\/v2\/media?parent=3971"}],"wp:term":[{"taxonomy":"product_brand","embeddable":true,"href":"https:\/\/soway.eu\/en\/wp-json\/wp\/v2\/product_brand?post=3971"},{"taxonomy":"product_cat","embeddable":true,"href":"https:\/\/soway.eu\/en\/wp-json\/wp\/v2\/product_cat?post=3971"},{"taxonomy":"product_tag","embeddable":true,"href":"https:\/\/soway.eu\/en\/wp-json\/wp\/v2\/product_tag?post=3971"}],"curies":[{"name":"wp","href":"https:\/\/api.w.org\/{rel}","templated":true}]}}