{"id":4105,"date":"2026-03-05T07:31:24","date_gmt":"2026-03-05T07:31:24","guid":{"rendered":"https:\/\/soway.eu\/?post_type=product&#038;p=4105"},"modified":"2026-03-05T07:31:34","modified_gmt":"2026-03-05T07:31:34","slug":"casquette-femme-anti-uv-upf-50-bauloise-large-visiere-la-baule","status":"publish","type":"product","link":"https:\/\/soway.eu\/en\/produit\/casquette-femme-anti-uv-upf-50-bauloise-large-visiere-la-baule\/","title":{"rendered":"Casquette femme anti-UV UPF 50+ &#8220;Bauloise&#8221; &#8211; Large visi\u00e8re &#8211; La Baule"},"content":{"rendered":"<p> <\/p>","protected":false},"excerpt":{"rendered":"<p>Anti-UV UPF 50+ et Anti-Infrarouges<br \/>\nPROTECTION ANTI-UV 50+, certifi\u00e9 Norme australienne et n\u00e9o-z\u00e9landaise AS\/NZS 4399, la plus s\u00e9v\u00e8re<\/p>\n<p>ANTI-INFRAROUGES : la casquette repousse la chaleur et il y fait moins chaud en-dessous qu\u2019\u00e0 l\u2019ext\u00e9rieur<\/p>\n<p>Casquette avec 12 cm de visi\u00e8re<\/p>\n<p>Couleur : Base blanche avec tissu Marine, logo La Baule<\/p>\n<p>Lien anti-vent avec petite pince pour attacher la casquette au v\u00eatement.<\/p>\n","protected":false},"featured_media":4121,"comment_status":"closed","ping_status":"closed","template":"","meta":[],"product_brand":[],"product_cat":[36,26,47,37,24,38,48],"product_tag":[49],"class_list":{"0":"post-4105","1":"product","2":"type-product","3":"status-publish","4":"has-post-thumbnail","6":"product_cat-bord-12-cm","7":"product_cat-casquettes","8":"product_cat-collection-la-baule-new","9":"product_cat-femmes","10":"product_cat-fr","11":"product_cat-grande-visiere","12":"product_cat-la-baule","13":"product_tag-la-baule","15":"first","16":"instock","17":"taxable","18":"shipping-taxable","19":"purchasable","20":"product-type-simple"},"_links":{"self":[{"href":"https:\/\/soway.eu\/en\/wp-json\/wp\/v2\/product\/4105","targetHints":{"allow":["GET"]}}],"collection":[{"href":"https:\/\/soway.eu\/en\/wp-json\/wp\/v2\/product"}],"about":[{"href":"https:\/\/soway.eu\/en\/wp-json\/wp\/v2\/types\/product"}],"replies":[{"embeddable":true,"href":"https:\/\/soway.eu\/en\/wp-json\/wp\/v2\/comments?post=4105"}],"wp:featuredmedia":[{"embeddable":true,"href":"https:\/\/soway.eu\/en\/wp-json\/wp\/v2\/media\/4121"}],"wp:attachment":[{"href":"https:\/\/soway.eu\/en\/wp-json\/wp\/v2\/media?parent=4105"}],"wp:term":[{"taxonomy":"product_brand","embeddable":true,"href":"https:\/\/soway.eu\/en\/wp-json\/wp\/v2\/product_brand?post=4105"},{"taxonomy":"product_cat","embeddable":true,"href":"https:\/\/soway.eu\/en\/wp-json\/wp\/v2\/product_cat?post=4105"},{"taxonomy":"product_tag","embeddable":true,"href":"https:\/\/soway.eu\/en\/wp-json\/wp\/v2\/product_tag?post=4105"}],"curies":[{"name":"wp","href":"https:\/\/api.w.org\/{rel}","templated":true}]}}