{"id":222546,"date":"2026-04-01T07:49:25","date_gmt":"2026-04-01T07:49:25","guid":{"rendered":"https:\/\/soway.eu\/soway-apoya-a-france-asso-cancer-et-peau-para-concienciar-sobre-el-cancer-de-piel\/"},"modified":"2026-05-05T05:20:41","modified_gmt":"2026-05-05T05:20:41","slug":"soway-apoya-a-france-asso-cancer-et-peau-para-concienciar-sobre-el-cancer-de-piel","status":"publish","type":"page","link":"https:\/\/soway.eu\/es\/soway-apoya-a-france-asso-cancer-et-peau-para-concienciar-sobre-el-cancer-de-piel\/","title":{"rendered":"Soway apoya a France Asso. Cancer et Peau para concienciar sobre el c\u00e1ncer de piel."},"content":{"rendered":"<div class=\"et_pb_section_0 et_pb_section et_section_regular et_flex_section et_animated\">\n<div class=\"et_pb_row_0 et_pb_row et_flex_row et_animated preset--module--divi-row--adapvv4tg9\">\n<div class=\"et_pb_column_0 et_pb_column et-last-child et_flex_column et_pb_css_mix_blend_mode_passthrough et_animated et_flex_column_24_24 et_flex_column_24_24_tablet et_flex_column_24_24_phone et_flex_column_24_24_widescreen et_flex_column_24_24_ultraWide\">\n<div class=\"et_pb_blurb_0 et_pb_blurb et_pb_bg_layout_dark et_pb_text_align_center et_pb_blurb_position_top et_animated et_pb_module et_flex_module preset--group--divi-blurb--divi-font--hm5q2bb--7merq76b5r preset--module--divi-blurb--kv4lw6ri2b\"><div class=\"et_pb_blurb_content et_flex_module\"><div class=\"et_pb_main_blurb_image\"><span class=\"et_pb_image_wrap et_pb_only_image_mode_wrap\"><img decoding=\"async\" src=\"https:\/\/soway.eu\/wp-content\/uploads\/2025\/05\/soway-chapeaux-anti-uv-upf_50-plus-ffffff.svg\" class=\"et_animated wp-image-84\" title=\"soway-chapeaux-anti-uv-upf_50-plus-ffffff\" \/><\/span><\/div><div class=\"et_pb_blurb_container\"><h1 class=\"et_pb_module_header\">Soway apoya a France Asso. Cancer et Peau<\/h1><div class=\"et_pb_blurb_description\"><h1 style=\"text-align: center;\">para concienciar sobre el c\u00e1ncer de piel.<\/h1>\n<\/div><\/div><\/div><\/div>\n<\/div>\n<\/div>\n\n<div class=\"et_pb_row_1 et_pb_row et_flex_row et_animated\">\n<div class=\"et_pb_column_1 et_pb_column et_flex_column et_pb_css_mix_blend_mode_passthrough et_animated et_flex_column_8_24 et_flex_column_8_24_tablet et_flex_column_24_24_phone et_flex_column_8_24_widescreen et_flex_column_8_24_ultraWide\">\n<div class=\"et_pb_image_0 et_pb_image et_animated et_pb_module et_flex_module preset--module--divi-image--default\"><span class=\"et_pb_image_wrap\"><img loading=\"lazy\" decoding=\"async\" src=\"http:\/\/soway.eu\/wp-content\/uploads\/soway-soutient-france-asso-cancer-et-peau.jpg\" title=\"soway-soutient-france-asso-cancer-et-peau\" width=\"600\" height=\"325\" srcset=\"http:\/\/soway.eu\/wp-content\/uploads\/soway-soutient-france-asso-cancer-et-peau.jpg 600w, http:\/\/soway.eu\/wp-content\/uploads\/soway-soutient-france-asso-cancer-et-peau-480x260.jpg 480w\" sizes=\"(min-width: 0px) and (max-width: 480px) 480px, (min-width: 481px) 600px, 100vw\" class=\"wp-image-4477\" \/><\/span><\/div>\n<\/div>\n\n<div class=\"et_pb_column_2 et_pb_column et-last-child et_flex_column et_pb_css_mix_blend_mode_passthrough et_animated et_flex_column_16_24 et_flex_column_16_24_tablet et_flex_column_24_24_phone et_flex_column_16_24_widescreen et_flex_column_16_24_ultraWide\">\n<div class=\"et_pb_heading_0 et_pb_heading et_animated et_pb_module et_flex_module preset--module--divi-heading--mn3kr3vn5w\"><div class=\"et_pb_heading_container\"><h2 class=\"et_pb_module_header\">En 2025, m\u00e1s de 20 millones de franceses habr\u00e1n sido sensibilizados<\/h2><\/div><\/div>\n\n<div class=\"et_pb_text_0 et_pb_text et_pb_bg_layout_light et_animated et_pb_module et_flex_module preset--module--divi-text--default\"><div class=\"et_pb_text_inner\"><p>Gracias a todos nuestros socios, a trav\u00e9s de nuestras campa\u00f1as de carteles tanto digitales como impresos; nuestras acciones sobre el terreno en las diferentes regiones de Francia (v\u00e9ase \u00abnuestras acciones\u00bb), hemos generado m\u00e1s de 100 000 000 de O.D.V. (oportunidades de ver), por lo que estimamos que, a d\u00eda de hoy, al menos 1 de cada 3 personas ha sido sensibilizada sobre el riesgo de una exposici\u00f3n excesiva a los rayos UV.<\/p>\n<\/div><\/div>\n<\/div>\n<\/div>\n\n<div class=\"et_pb_row_2 et_pb_row et_flex_row et_animated\">\n<div class=\"et_pb_column_3 et_pb_column et-last-child et_flex_column et_pb_css_mix_blend_mode_passthrough et_animated et_flex_column_24_24 et_flex_column_24_24_tablet et_flex_column_24_24_phone et_flex_column_24_24_widescreen et_flex_column_24_24_ultraWide\">\n<div class=\"et_pb_heading_1 et_pb_heading et_animated et_pb_module et_flex_module preset--module--divi-heading--mn3kr3vn5w\"><div class=\"et_pb_heading_container\"><h2 class=\"et_pb_module_header\">Descubra todas las acciones emprendidas por France Asso Cancer et Peau y, si le apetece, \u00a1\u00fanase a nosotros!<\/h2><\/div><\/div>\n<\/div>\n<\/div>\n<\/div>","protected":false},"excerpt":{"rendered":"<p>Soway apoya a France Asso. Cancer et Peau para concienciar sobre el c\u00e1ncer de piel.<br \/>\nEn 2025, m\u00e1s de 20 millones de franceses habr\u00e1n sido sensibilizados\u2026<\/p>\n","protected":false},"author":1,"featured_media":222545,"parent":0,"menu_order":0,"comment_status":"closed","ping_status":"closed","template":"","meta":{"footnotes":""},"folder":[326],"class_list":["post-222546","page","type-page","status-publish","has-post-thumbnail","hentry"],"_links":{"self":[{"href":"https:\/\/soway.eu\/es\/wp-json\/wp\/v2\/pages\/222546","targetHints":{"allow":["GET"]}}],"collection":[{"href":"https:\/\/soway.eu\/es\/wp-json\/wp\/v2\/pages"}],"about":[{"href":"https:\/\/soway.eu\/es\/wp-json\/wp\/v2\/types\/page"}],"author":[{"embeddable":true,"href":"https:\/\/soway.eu\/es\/wp-json\/wp\/v2\/users\/1"}],"replies":[{"embeddable":true,"href":"https:\/\/soway.eu\/es\/wp-json\/wp\/v2\/comments?post=222546"}],"version-history":[{"count":2,"href":"https:\/\/soway.eu\/es\/wp-json\/wp\/v2\/pages\/222546\/revisions"}],"predecessor-version":[{"id":222558,"href":"https:\/\/soway.eu\/es\/wp-json\/wp\/v2\/pages\/222546\/revisions\/222558"}],"wp:featuredmedia":[{"embeddable":true,"href":"https:\/\/soway.eu\/es\/wp-json\/wp\/v2\/media\/222545"}],"wp:attachment":[{"href":"https:\/\/soway.eu\/es\/wp-json\/wp\/v2\/media?parent=222546"}],"wp:term":[{"taxonomy":"folder","embeddable":true,"href":"https:\/\/soway.eu\/es\/wp-json\/wp\/v2\/folder?post=222546"}],"curies":[{"name":"wp","href":"https:\/\/api.w.org\/{rel}","templated":true}]}}