{"id":223239,"date":"2026-03-05T07:28:52","date_gmt":"2026-03-05T07:28:52","guid":{"rendered":"https:\/\/soway.eu\/produit\/sombrero-anti-uv-para-hombre-protege-nuque-2-colores\/"},"modified":"2026-03-05T07:28:52","modified_gmt":"2026-03-05T07:28:52","slug":"sombrero-anti-uv-para-hombre-protege-nuque-2-colores","status":"publish","type":"product","link":"https:\/\/soway.eu\/es\/produit\/sombrero-anti-uv-para-hombre-protege-nuque-2-colores\/","title":{"rendered":"Sombrero anti-UV para hombre \u00abProt\u00e8ge-Nuque\u00bb &#8211; (2 colores)"},"content":{"rendered":"<p>Soway\u00ae, marca francesa recomendada por dermat\u00f3logos<\/p>\n<p>Protecci\u00f3n ANTI-UV 50+, certificada seg\u00fan la norma australiana y neozelandesa AS\/NZS 4500<\/p>\n<p>Anti-infrarrojos: el tejido Soway\u00ae repele el calor y el sombrero se mantiene fresco bajo el sol (a diferencia de los productos anti-UV \u00abcl\u00e1sicos\u00bb)<\/p>\n<p>Alza de 7 cm + protector de nuca con cord\u00f3n bajo la barbilla para el viento<\/p>\n<p>100 % polietileno<\/p>\n<p>Fabricado en Portugal por una empresa especializada en la confecci\u00f3n de sombreros de alta gama.<\/p>\n","protected":false},"excerpt":{"rendered":"<h2>Anti-UV UPF 50+ y anti-infrarrojos<\/h2>\n<ul>\n<li>Sombrero unisex con ala de 7 cm + Protector de nuca<\/li>\n<li>Copa blanca, ala beige con ribete de cord\u00f3n y interior de cord\u00f3n, o copa beige, ala beige con interior color co\u00f1ac<\/li>\n<li>PROTECCI\u00d3N ANTI-UV 50+, certificada seg\u00fan la norma australiana y neozelandesa AS\/NZS 4399, la m\u00e1s estricta<\/li>\n<li>Anti-infrarrojos: el tejido Soway\u00ae repele el calor y el sombrero se mantiene fresco bajo el sol (a diferencia de los productos anti-UV \u00abcl\u00e1sicos\u00bb)<\/li>\n<li>Borde o visera forrados con tejido oscuro para limitar los efectos del reflejo en los ojos<\/li>\n<li>Ventilado gracias a una t\u00e9cnica de microperforaci\u00f3n<\/li>\n<li>Tallas ajustables de 55 a 63<\/li>\n<li>Se enrolla en la funda que se incluye con el sombrero<\/li>\n<\/ul>\n","protected":false},"featured_media":223230,"template":"","meta":[],"product_brand":[],"product_cat":[366],"product_tag":[481,451,501,452],"class_list":{"0":"post-223239","1":"product","2":"type-product","3":"status-publish","4":"has-post-thumbnail","6":"product_cat-sombreros-hombre-y-unisex","7":"product_tag-hombres","8":"product_tag-mujeres","9":"product_tag-protector-de-nuca","10":"product_tag-unisex","12":"first","13":"instock","14":"taxable","15":"shipping-taxable","16":"purchasable","17":"product-type-variable"},"_links":{"self":[{"href":"https:\/\/soway.eu\/es\/wp-json\/wp\/v2\/product\/223239","targetHints":{"allow":["GET"]}}],"collection":[{"href":"https:\/\/soway.eu\/es\/wp-json\/wp\/v2\/product"}],"about":[{"href":"https:\/\/soway.eu\/es\/wp-json\/wp\/v2\/types\/product"}],"wp:featuredmedia":[{"embeddable":true,"href":"https:\/\/soway.eu\/es\/wp-json\/wp\/v2\/media\/223230"}],"wp:attachment":[{"href":"https:\/\/soway.eu\/es\/wp-json\/wp\/v2\/media?parent=223239"}],"wp:term":[{"taxonomy":"product_brand","embeddable":true,"href":"https:\/\/soway.eu\/es\/wp-json\/wp\/v2\/product_brand?post=223239"},{"taxonomy":"product_cat","embeddable":true,"href":"https:\/\/soway.eu\/es\/wp-json\/wp\/v2\/product_cat?post=223239"},{"taxonomy":"product_tag","embeddable":true,"href":"https:\/\/soway.eu\/es\/wp-json\/wp\/v2\/product_tag?post=223239"}],"curies":[{"name":"wp","href":"https:\/\/api.w.org\/{rel}","templated":true}]}}