{"id":223263,"date":"2026-03-05T07:30:27","date_gmt":"2026-03-05T07:30:27","guid":{"rendered":"https:\/\/soway.eu\/produit\/sombrero-anti-uv-50-unisex-para-ninos-mini-bordelais\/"},"modified":"2026-03-05T07:30:27","modified_gmt":"2026-03-05T07:30:27","slug":"sombrero-anti-uv-50-unisex-para-ninos-mini-bordelais","status":"publish","type":"product","link":"https:\/\/soway.eu\/es\/produit\/sombrero-anti-uv-50-unisex-para-ninos-mini-bordelais\/","title":{"rendered":"Sombrero anti-UV 50+ unisex para ni\u00f1os \u00abMini-Bordelais\u00bb"},"content":{"rendered":"","protected":false},"excerpt":{"rendered":"<h2>Anti-UV UPF 50+ y anti-infrarrojos<\/h2>\n<ul>\n<li>Sombrero para ni\u00f1as y ni\u00f1os con ala de 6 cm y protector de nuca: la cara y la nuca del ni\u00f1o permanecen a la sombra, bien protegidas gracias a su protector de nuca<\/li>\n<li>Color: Beige con tejido beige<\/li>\n<li>Tallas ajustables 52\/54 (3\/6 a\u00f1os) o 55\/57 (6\/10 a\u00f1os)<\/li>\n<li>Cord\u00f3n de la mentonera ajustable con deslizador<\/li>\n<li>PROTECCI\u00d3N ANTI-UV 50+, certificada seg\u00fan la norma australiana y neozelandesa AS\/NZS 4399, la m\u00e1s estricta<\/li>\n<li>Anti-infrarrojos: el material Soway\u00ae repele el calor y el sombrero se mantiene fresco bajo el sol (a diferencia de los productos anti-UV \u00abcl\u00e1sicos\u00bb)<\/li>\n<li>Borde o visera forrada con tejido para limitar los efectos del reflejo en los ojos<\/li>\n<li>Ventilado gracias a una t\u00e9cnica de microperforaci\u00f3n<\/li>\n<li>Se enrolla en la funda que se incluye con la gorra-pa\u00f1uelo<\/li>\n<\/ul>\n","protected":false},"featured_media":223257,"template":"","meta":[],"product_brand":[],"product_cat":[484,437],"product_tag":[],"class_list":{"0":"post-223263","1":"product","2":"type-product","3":"status-publish","4":"has-post-thumbnail","6":"product_cat-erreur","7":"product_cat-ninos-y-bebes","9":"first","10":"instock","11":"sale","12":"taxable","13":"shipping-taxable","14":"purchasable","15":"product-type-variable"},"_links":{"self":[{"href":"https:\/\/soway.eu\/es\/wp-json\/wp\/v2\/product\/223263","targetHints":{"allow":["GET"]}}],"collection":[{"href":"https:\/\/soway.eu\/es\/wp-json\/wp\/v2\/product"}],"about":[{"href":"https:\/\/soway.eu\/es\/wp-json\/wp\/v2\/types\/product"}],"wp:featuredmedia":[{"embeddable":true,"href":"https:\/\/soway.eu\/es\/wp-json\/wp\/v2\/media\/223257"}],"wp:attachment":[{"href":"https:\/\/soway.eu\/es\/wp-json\/wp\/v2\/media?parent=223263"}],"wp:term":[{"taxonomy":"product_brand","embeddable":true,"href":"https:\/\/soway.eu\/es\/wp-json\/wp\/v2\/product_brand?post=223263"},{"taxonomy":"product_cat","embeddable":true,"href":"https:\/\/soway.eu\/es\/wp-json\/wp\/v2\/product_cat?post=223263"},{"taxonomy":"product_tag","embeddable":true,"href":"https:\/\/soway.eu\/es\/wp-json\/wp\/v2\/product_tag?post=223263"}],"curies":[{"name":"wp","href":"https:\/\/api.w.org\/{rel}","templated":true}]}}