{"id":223771,"date":"2026-03-05T07:26:40","date_gmt":"2026-03-05T07:26:40","guid":{"rendered":"https:\/\/soway.eu\/produit\/camiseta-camisa-anti-uv-para-hombre-guethary-made-in-france\/"},"modified":"2026-03-05T07:26:40","modified_gmt":"2026-03-05T07:26:40","slug":"camiseta-camisa-anti-uv-para-hombre-guethary-made-in-france","status":"publish","type":"product","link":"https:\/\/soway.eu\/es\/produit\/camiseta-camisa-anti-uv-para-hombre-guethary-made-in-france\/","title":{"rendered":"Camiseta \/ Camisa anti-UV para hombre \u00abGu\u00e9thary\u00bb \u2013 MADE IN France"},"content":{"rendered":"","protected":false},"excerpt":{"rendered":"<p><img loading=\"lazy\" decoding=\"async\" class=\"alignnone size-full wp-image-4835\" src=\"http:\/\/soway.eu\/wp-content\/uploads\/soway-anti-uv-made-in-france.png\" alt=\"Made in France\" width=\"150\" height=\"150\" srcset=\"https:\/\/soway.eu\/wp-content\/uploads\/soway-anti-uv-made-in-france.png 150w, https:\/\/soway.eu\/wp-content\/uploads\/soway-anti-uv-made-in-france-100x100.png 100w\" sizes=\"(max-width: 150px) 100vw, 150px\" \/><\/p>\n<h2>Anti-UV UPF 50+ y anti-infrarrojos<\/h2>\n<ul>\n<li>Camisa con cuello mao, manga larga, protecci\u00f3n UV UPF 80 (certificada con la etiqueta UV Standard 801): el nivel m\u00e1s alto de protecci\u00f3n contra los rayos UV.<\/li>\n<li>Ultraligera y agradable de llevar en d\u00edas de mucho calor, certificada OEKO\u2013TEX\u00ae Standard 100.<\/li>\n<li>La camisa ha sido dise\u00f1ada para garantizarte la m\u00e1xima protecci\u00f3n contra los rayos UV (mangas largas, cuello abotonado), sin renunciar a la elegancia y el estilo.<\/li>\n<li>Fabricada en Francia (Clisson) por una empresa especializada en la confecci\u00f3n de pr\u00eat-\u00e0-porter de alta gama.<\/li>\n<\/ul>\n<p><strong>Descripci\u00f3n:<\/strong><\/p>\n<ul>\n<li>Color: verde almendra<\/li>\n<li>Tallas: M, L, XL, XXL, XXXL<\/li>\n<li>Composici\u00f3n: 92 % poliamida, 8 % elastano<\/li>\n<li>Gramaje: 200 g\/m\u00b2<\/li>\n<li>Longitud: 70 cm<\/li>\n<\/ul>\n","protected":false},"featured_media":223763,"template":"","meta":[],"product_brand":[],"product_cat":[484,466,538],"product_tag":[481,499,539],"class_list":{"0":"post-223771","1":"product","2":"type-product","3":"status-publish","4":"has-post-thumbnail","6":"product_cat-erreur","7":"product_cat-es","8":"product_cat-moda-made-in-france-para-hombre","9":"product_tag-hombres","10":"product_tag-made-in-france","11":"product_tag-moda","13":"first","14":"instock","15":"sale","16":"taxable","17":"shipping-taxable","18":"purchasable","19":"product-type-variable"},"_links":{"self":[{"href":"https:\/\/soway.eu\/es\/wp-json\/wp\/v2\/product\/223771","targetHints":{"allow":["GET"]}}],"collection":[{"href":"https:\/\/soway.eu\/es\/wp-json\/wp\/v2\/product"}],"about":[{"href":"https:\/\/soway.eu\/es\/wp-json\/wp\/v2\/types\/product"}],"wp:featuredmedia":[{"embeddable":true,"href":"https:\/\/soway.eu\/es\/wp-json\/wp\/v2\/media\/223763"}],"wp:attachment":[{"href":"https:\/\/soway.eu\/es\/wp-json\/wp\/v2\/media?parent=223771"}],"wp:term":[{"taxonomy":"product_brand","embeddable":true,"href":"https:\/\/soway.eu\/es\/wp-json\/wp\/v2\/product_brand?post=223771"},{"taxonomy":"product_cat","embeddable":true,"href":"https:\/\/soway.eu\/es\/wp-json\/wp\/v2\/product_cat?post=223771"},{"taxonomy":"product_tag","embeddable":true,"href":"https:\/\/soway.eu\/es\/wp-json\/wp\/v2\/product_tag?post=223771"}],"curies":[{"name":"wp","href":"https:\/\/api.w.org\/{rel}","templated":true}]}}