{"id":223792,"date":"2026-03-05T07:28:51","date_gmt":"2026-03-05T07:28:51","guid":{"rendered":"https:\/\/soway.eu\/produit\/camiseta-de-manga-larga-anti-uv-para-hombre-biarritz-made-in-france\/"},"modified":"2026-03-05T07:28:51","modified_gmt":"2026-03-05T07:28:51","slug":"camiseta-de-manga-larga-anti-uv-para-hombre-biarritz-made-in-france","status":"publish","type":"product","link":"https:\/\/soway.eu\/es\/produit\/camiseta-de-manga-larga-anti-uv-para-hombre-biarritz-made-in-france\/","title":{"rendered":"Camiseta de manga larga anti-UV para hombre \u00abBiarritz\u00bb &#8211; MADE IN FRANCE"},"content":{"rendered":"<p>Soway\u00ae, marca francesa recomendada por dermat\u00f3logos<\/p>\n<p>Camiseta de manga larga con protecci\u00f3n UV UPF 50+ (norma AS\/NZS 4399:1996), certificada seg\u00fan la norma australiana de protecci\u00f3n solar, la m\u00e1s estricta.<\/p>\n<p>El tejido utilizado garantiza una comodidad absoluta gracias a las microfibras antibacterianas y enriquecidas con aloe vera, que evitan los malos olores y aportan un tacto suave y fluido. Es muy transpirable y se seca 2,5 veces m\u00e1s r\u00e1pido que la poliamida, que se utiliza a menudo en este tipo de productos.<\/p>\n<p>Est\u00e1 disponible en dos colores: azul marino o azul verdoso (Mers du Sud).<\/p>\n<p>Est\u00e1 disponible en varias tallas: L, XL, XXL, XXXL<\/p>\n<p>Descripci\u00f3n:<\/p>\n<ul>\n<li>Composici\u00f3n: 82 % poli\u00e9ster, 18 % elastano<\/li>\n<li>Gramaje: 235 g\/m\u00b2<\/li>\n<li>Longitud: 65 cm<\/li>\n<\/ul>\n<p>La camiseta ha sido dise\u00f1ada para garantizarte la m\u00e1xima protecci\u00f3n contra los rayos UV (mangas largas, cuello ligeramente alto), sin dejar de ser chic y elegante<\/p>\n","protected":false},"excerpt":{"rendered":"<p><img loading=\"lazy\" decoding=\"async\" class=\"alignnone size-full wp-image-4835\" src=\"http:\/\/soway.eu\/wp-content\/uploads\/soway-anti-uv-made-in-france.png\" alt=\"Made in France\" width=\"150\" height=\"150\" srcset=\"https:\/\/soway.eu\/wp-content\/uploads\/soway-anti-uv-made-in-france.png 150w, https:\/\/soway.eu\/wp-content\/uploads\/soway-anti-uv-made-in-france-100x100.png 100w\" sizes=\"(max-width: 150px) 100vw, 150px\" \/><\/p>\n<h2>Protecci\u00f3n anti-UV UPF 50+ y anti-infrarrojos<\/h2>\n<ul>\n<li>Camiseta de manga larga con protecci\u00f3n UV UPF 50+<\/li>\n<li>Protecci\u00f3n UV UPF 50+ (norma AS\/NZS 4399:1996), certificada seg\u00fan la norma australiana de protecci\u00f3n solar, la m\u00e1s estricta<\/li>\n<li>Ideal para la playa o actividades acu\u00e1ticas<\/li>\n<li>El tejido utilizado garantiza una comodidad absoluta gracias a las microfibras antibacterianas enriquecidas con aloe vera, que evitan los malos olores y aportan un tacto suave y fluido. Es muy transpirable y se seca 2,5 veces m\u00e1s r\u00e1pido que la poliamida, que se utiliza a menudo en este tipo de productos<\/li>\n<li>Fabricado en Francia (Clisson) por una empresa especializada en la confecci\u00f3n de pr\u00eat-\u00e0-porter de alta gama<\/li>\n<li>La camiseta ha sido dise\u00f1ada para garantizarte la m\u00e1xima protecci\u00f3n contra los rayos UV (mangas largas, cuello ligeramente alto), sin dejar de ser chic y elegante<\/li>\n<\/ul>\n<p>Descripci\u00f3n:<\/p>\n<ul>\n<li>2 colores a elegir: azul marino o azul verdoso (azul-verde)<\/li>\n<li>Tallas: L, XL, XXL, XXXL<\/li>\n<li>Composici\u00f3n: 82 % poli\u00e9ster, 18 % elastano<\/li>\n<li>Gramaje: 235 g\/m\u00b2<\/li>\n<li>Longitud: 65 cm<\/li>\n<\/ul>\n","protected":false},"featured_media":223787,"template":"","meta":[],"product_brand":[],"product_cat":[466,538],"product_tag":[481,499,539],"class_list":{"0":"post-223792","1":"product","2":"type-product","3":"status-publish","4":"has-post-thumbnail","6":"product_cat-es","7":"product_cat-moda-made-in-france-para-hombre","8":"product_tag-hombres","9":"product_tag-made-in-france","10":"product_tag-moda","12":"first","13":"instock","14":"sale","15":"taxable","16":"shipping-taxable","17":"purchasable","18":"product-type-variable"},"_links":{"self":[{"href":"https:\/\/soway.eu\/es\/wp-json\/wp\/v2\/product\/223792","targetHints":{"allow":["GET"]}}],"collection":[{"href":"https:\/\/soway.eu\/es\/wp-json\/wp\/v2\/product"}],"about":[{"href":"https:\/\/soway.eu\/es\/wp-json\/wp\/v2\/types\/product"}],"wp:featuredmedia":[{"embeddable":true,"href":"https:\/\/soway.eu\/es\/wp-json\/wp\/v2\/media\/223787"}],"wp:attachment":[{"href":"https:\/\/soway.eu\/es\/wp-json\/wp\/v2\/media?parent=223792"}],"wp:term":[{"taxonomy":"product_brand","embeddable":true,"href":"https:\/\/soway.eu\/es\/wp-json\/wp\/v2\/product_brand?post=223792"},{"taxonomy":"product_cat","embeddable":true,"href":"https:\/\/soway.eu\/es\/wp-json\/wp\/v2\/product_cat?post=223792"},{"taxonomy":"product_tag","embeddable":true,"href":"https:\/\/soway.eu\/es\/wp-json\/wp\/v2\/product_tag?post=223792"}],"curies":[{"name":"wp","href":"https:\/\/api.w.org\/{rel}","templated":true}]}}