{"id":223804,"date":"2026-03-05T07:28:51","date_gmt":"2026-03-05T07:28:51","guid":{"rendered":"https:\/\/soway.eu\/produit\/polo-de-manga-larga-anti-uv-para-hombre-anglet-fabricado-en-francia\/"},"modified":"2026-03-05T07:28:51","modified_gmt":"2026-03-05T07:28:51","slug":"polo-de-manga-larga-anti-uv-para-hombre-anglet-fabricado-en-francia","status":"publish","type":"product","link":"https:\/\/soway.eu\/es\/produit\/polo-de-manga-larga-anti-uv-para-hombre-anglet-fabricado-en-francia\/","title":{"rendered":"Polo de manga larga anti-UV para hombre \u00abAnglet\u00bb \u2013 FABRICADO EN FRANCIA"},"content":{"rendered":"<p>MADE IN FRANCE<\/p>\n<p>Polo anti-UV UPF 80 (certificado con la etiqueta UV Standard 801): el nivel m\u00e1s alto de protecci\u00f3n contra los rayos UV.<\/p>\n<p>Fabricado en Francia por una empresa especializada en la confecci\u00f3n de pr\u00eat-\u00e0-porter de alta gama.<\/p>\n<p>Ultraligero y c\u00f3modo de llevar en d\u00edas de mucho calor, certificado <em><strong>OEKO-TEX\u00ae<\/strong><\/em> Standard 100.<\/p>\n<p>El polo ha sido dise\u00f1ado para garantizarte la m\u00e1xima protecci\u00f3n contra los rayos UV (mangas largas, cuello abotonado), sin dejar de ser chic y elegante.<\/p>\n<p>Descripci\u00f3n:<\/p>\n<ul>\n<li>Color: verde almendra<\/li>\n<li>Tallas: M, L, XL, XXL<\/li>\n<li>Composici\u00f3n: 92 % poliamida, 8 % elastano<\/li>\n<li>Gramaje: 200 g\/m\u00b2<\/li>\n<li>Longitud: 70 cm<\/li>\n<\/ul>\n","protected":false},"excerpt":{"rendered":"<p><img loading=\"lazy\" decoding=\"async\" class=\"alignnone size-full wp-image-4835\" src=\"http:\/\/soway.eu\/wp-content\/uploads\/soway-anti-uv-made-in-france.png\" alt=\"Made in France\" width=\"150\" height=\"150\" srcset=\"https:\/\/soway.eu\/wp-content\/uploads\/soway-anti-uv-made-in-france.png 150w, https:\/\/soway.eu\/wp-content\/uploads\/soway-anti-uv-made-in-france-100x100.png 100w\" sizes=\"(max-width: 150px) 100vw, 150px\" \/><\/p>\n<h2>Protecci\u00f3n UV UPF 50+ y protecci\u00f3n contra los infrarrojos<\/h2>\n<ul>\n<li>Polo de manga larga, anti-UV UPF 80 (certificado con la etiqueta UV Standard 801): el nivel m\u00e1s alto de protecci\u00f3n contra los rayos UV.<\/li>\n<li>Ultraligero y c\u00f3modo de llevar en d\u00edas de mucho calor, certificado OEKO\u2013TEX\u00ae Standard 100.<\/li>\n<li>Fabricado en Francia (Clisson) por una empresa especializada en la confecci\u00f3n de pr\u00eat-\u00e0-porter de alta gama<\/li>\n<li>El polo ha sido dise\u00f1ado para garantizarte la m\u00e1xima protecci\u00f3n contra los rayos UV (manga larga, cuello abotonado), sin renunciar a la elegancia y el estilo<\/li>\n<\/ul>\n<p>Descripci\u00f3n:<\/p>\n<ul>\n<li>Color: verde almendra<\/li>\n<li>Tallas: M, L, XL, XXL<\/li>\n<li>Composici\u00f3n: 92 % poliamida, 8 % elastano<\/li>\n<li>Gramaje: 200 g\/m\u00b2<\/li>\n<li>Longitud: 70 cm<\/li>\n<\/ul>\n","protected":false},"featured_media":223798,"template":"","meta":[],"product_brand":[],"product_cat":[466,538],"product_tag":[481,499,539],"class_list":{"0":"post-223804","1":"product","2":"type-product","3":"status-publish","4":"has-post-thumbnail","6":"product_cat-es","7":"product_cat-moda-made-in-france-para-hombre","8":"product_tag-hombres","9":"product_tag-made-in-france","10":"product_tag-moda","12":"first","13":"instock","14":"sale","15":"taxable","16":"shipping-taxable","17":"purchasable","18":"product-type-variable"},"_links":{"self":[{"href":"https:\/\/soway.eu\/es\/wp-json\/wp\/v2\/product\/223804","targetHints":{"allow":["GET"]}}],"collection":[{"href":"https:\/\/soway.eu\/es\/wp-json\/wp\/v2\/product"}],"about":[{"href":"https:\/\/soway.eu\/es\/wp-json\/wp\/v2\/types\/product"}],"wp:featuredmedia":[{"embeddable":true,"href":"https:\/\/soway.eu\/es\/wp-json\/wp\/v2\/media\/223798"}],"wp:attachment":[{"href":"https:\/\/soway.eu\/es\/wp-json\/wp\/v2\/media?parent=223804"}],"wp:term":[{"taxonomy":"product_brand","embeddable":true,"href":"https:\/\/soway.eu\/es\/wp-json\/wp\/v2\/product_brand?post=223804"},{"taxonomy":"product_cat","embeddable":true,"href":"https:\/\/soway.eu\/es\/wp-json\/wp\/v2\/product_cat?post=223804"},{"taxonomy":"product_tag","embeddable":true,"href":"https:\/\/soway.eu\/es\/wp-json\/wp\/v2\/product_tag?post=223804"}],"curies":[{"name":"wp","href":"https:\/\/api.w.org\/{rel}","templated":true}]}}