{"id":223831,"date":"2026-03-05T07:27:30","date_gmt":"2026-03-05T07:27:30","guid":{"rendered":"https:\/\/soway.eu\/produit\/tunica-de-manga-larga-con-proteccion-uv-para-mujer-recife-fabricada-en-francia\/"},"modified":"2026-03-05T07:27:30","modified_gmt":"2026-03-05T07:27:30","slug":"tunica-de-manga-larga-con-proteccion-uv-para-mujer-recife-fabricada-en-francia","status":"publish","type":"product","link":"https:\/\/soway.eu\/es\/produit\/tunica-de-manga-larga-con-proteccion-uv-para-mujer-recife-fabricada-en-francia\/","title":{"rendered":"T\u00fanica de manga larga con protecci\u00f3n UV para mujer \u00abRecife\u00bb \u2013 FABRICADA EN FRANCIA"},"content":{"rendered":"<p>MADE IN FRANCE<\/p>\n<p>T\u00fanica anti-UV UPF 50+ (norma AS\/NZS 4399:1996), certificada seg\u00fan la norma australiana de protecci\u00f3n solar, la m\u00e1s estricta.<\/p>\n<p>Fabricada en Francia por una empresa especializada en la confecci\u00f3n de pr\u00eat-\u00e0-porter de alta gama.<\/p>\n<p>El tejido utilizado garantiza una comodidad y una fluidez absolutas gracias a las microfibras antibacterianas y enriquecidas con aloe vera, que evitan los malos olores y aportan un tacto suave y ultrael\u00e1stico.<\/p>\n<p>La t\u00fanica ha sido dise\u00f1ada para garantizarte la m\u00e1xima protecci\u00f3n contra los rayos UV (mangas largas, cuello abotonado), sin dejar de ser chic y elegante<\/p>\n<p>Descripci\u00f3n:<\/p>\n<ul>\n<li>Color: Tropical (azul marino con flores)<\/li>\n<li>Tallas: S, M, L, XL<\/li>\n<li>Composici\u00f3n: 86 % poli\u00e9ster, 14 % elastano<\/li>\n<li>Gramaje: 150 g\/m\u00b2 (Tropical)<\/li>\n<li>Longitud: 80 cm<\/li>\n<\/ul>\n","protected":false},"excerpt":{"rendered":"<p><img loading=\"lazy\" decoding=\"async\" class=\"alignnone size-full wp-image-4835\" src=\"http:\/\/soway.eu\/wp-content\/uploads\/soway-anti-uv-made-in-france.png\" alt=\"Made in France\" width=\"150\" height=\"150\" srcset=\"https:\/\/soway.eu\/wp-content\/uploads\/soway-anti-uv-made-in-france.png 150w, https:\/\/soway.eu\/wp-content\/uploads\/soway-anti-uv-made-in-france-100x100.png 100w\" sizes=\"(max-width: 150px) 100vw, 150px\" \/><\/p>\n<h2>Protecci\u00f3n UV UPF 50+ y protecci\u00f3n contra los infrarrojos<\/h2>\n<ul>\n<li>T\u00fanica anti-UV UPF 50+ (norma AS\/NZS 4399:1996), certificada seg\u00fan la norma australiana de protecci\u00f3n solar, la m\u00e1s estricta.<\/li>\n<li>Fabricada en Francia (Clisson) por una empresa especializada en la confecci\u00f3n de pr\u00eat-\u00e0-porter de alta gama<\/li>\n<li>El tejido utilizado garantiza una comodidad y una fluidez absolutas gracias a las microfibras antibacterianas y enriquecidas con aloe vera, que evitan los malos olores y aportan un tacto suave y ultrael\u00e1stico.<\/li>\n<li>La t\u00fanica ha sido dise\u00f1ada para garantizarte la m\u00e1xima protecci\u00f3n contra los rayos UV (mangas largas, cuello abotonado), sin dejar de ser chic y elegante<\/li>\n<\/ul>\n<p>Descripci\u00f3n:<\/p>\n<ul>\n<li>Color: Tropical (azul marino con flores)<\/li>\n<li>Tallas: S, M, L, XL<\/li>\n<li>Composici\u00f3n: 86 % poli\u00e9ster, 14 % elastano<\/li>\n<li>Gramaje: 150 g\/m\u00b2 (Tropical)<\/li>\n<li>Longitud: 80 cm<\/li>\n<\/ul>\n","protected":false},"featured_media":223827,"template":"","meta":[],"product_brand":[],"product_cat":[466,542],"product_tag":[499,539,543],"class_list":{"0":"post-223831","1":"product","2":"type-product","3":"status-publish","4":"has-post-thumbnail","6":"product_cat-es","7":"product_cat-moda-made-in-france-para-mujer","8":"product_tag-made-in-france","9":"product_tag-moda","10":"product_tag-mujer","12":"first","13":"instock","14":"sale","15":"taxable","16":"shipping-taxable","17":"purchasable","18":"product-type-variable"},"_links":{"self":[{"href":"https:\/\/soway.eu\/es\/wp-json\/wp\/v2\/product\/223831","targetHints":{"allow":["GET"]}}],"collection":[{"href":"https:\/\/soway.eu\/es\/wp-json\/wp\/v2\/product"}],"about":[{"href":"https:\/\/soway.eu\/es\/wp-json\/wp\/v2\/types\/product"}],"wp:featuredmedia":[{"embeddable":true,"href":"https:\/\/soway.eu\/es\/wp-json\/wp\/v2\/media\/223827"}],"wp:attachment":[{"href":"https:\/\/soway.eu\/es\/wp-json\/wp\/v2\/media?parent=223831"}],"wp:term":[{"taxonomy":"product_brand","embeddable":true,"href":"https:\/\/soway.eu\/es\/wp-json\/wp\/v2\/product_brand?post=223831"},{"taxonomy":"product_cat","embeddable":true,"href":"https:\/\/soway.eu\/es\/wp-json\/wp\/v2\/product_cat?post=223831"},{"taxonomy":"product_tag","embeddable":true,"href":"https:\/\/soway.eu\/es\/wp-json\/wp\/v2\/product_tag?post=223831"}],"curies":[{"name":"wp","href":"https:\/\/api.w.org\/{rel}","templated":true}]}}