{"id":223903,"date":"2026-03-05T07:28:51","date_gmt":"2026-03-05T07:28:51","guid":{"rendered":"https:\/\/soway.eu\/produit\/manguitos-anti-uv-unisex-fabricados-en-francia\/"},"modified":"2026-03-05T07:28:51","modified_gmt":"2026-03-05T07:28:51","slug":"manguitos-anti-uv-unisex-fabricados-en-francia","status":"publish","type":"product","link":"https:\/\/soway.eu\/es\/produit\/manguitos-anti-uv-unisex-fabricados-en-francia\/","title":{"rendered":"Manguitos anti-UV unisex \u2013 FABRICADOS EN FRANCIA"},"content":{"rendered":"<p><strong>Tallas: M, L, XL, XXL<\/strong><\/p>\n<p><u>Detalles de la talla: M<\/u><\/p>\n<ul>\n<li>Longitud total: 40 cm<\/li>\n<li>Circunferencia del brazo superior: aprox. 23-27 cm<\/li>\n<li>Circunferencia del antebrazo: aprox. 13-15 cm<\/li>\n<\/ul>\n<p><u>Detalles de la talla: L<\/u><\/p>\n<ul>\n<li>Longitud total: 41 cm<\/li>\n<li>Circunferencia del brazo superior: aprox. 25-29 cm<\/li>\n<li>Circunferencia del brazo inferior: aprox. 15-18 cm<\/li>\n<\/ul>\n<p><u>Detalles de la talla: XL<\/u><\/p>\n<ul>\n<li>Longitud total: 42 cm<\/li>\n<li>Circunferencia del brazo superior: aprox. 27-32 cm<\/li>\n<li>Circunferencia del brazo inferior: aprox. 18-20 cm<\/li>\n<\/ul>\n<p><u>Detalles de la talla: XXL<\/u><\/p>\n<ul>\n<li>Longitud total: 43 cm<\/li>\n<li>Circunferencia del brazo superior: aprox. 29-34 cm<\/li>\n<li>Circunferencia del brazo inferior: aprox. 20-22 cm<\/li>\n<\/ul>\n<p>Composici\u00f3n: 82 % poli\u00e9ster, 18 % elastano<\/p>\n<p>Gramaje: 235 g\/m\u00b2<\/p>\n","protected":false},"excerpt":{"rendered":"<p><img loading=\"lazy\" decoding=\"async\" class=\"alignnone size-full wp-image-4835\" src=\"http:\/\/soway.eu\/wp-content\/uploads\/soway-anti-uv-made-in-france.png\" alt=\"Made in France\" width=\"150\" height=\"150\" srcset=\"https:\/\/soway.eu\/wp-content\/uploads\/soway-anti-uv-made-in-france.png 150w, https:\/\/soway.eu\/wp-content\/uploads\/soway-anti-uv-made-in-france-100x100.png 100w\" sizes=\"(max-width: 150px) 100vw, 150px\" \/><\/p>\n<h2>Protecci\u00f3n UV UPF 50+ y protecci\u00f3n contra los infrarrojos<\/h2>\n<ul>\n<li>Manguitos el\u00e1sticos, para mujer y hombre, anti-UV UPF 50+ (norma AS\/NZS 4399:1996) certificados seg\u00fan la norma australiana de protecci\u00f3n solar, la m\u00e1s estricta.<\/li>\n<li>Fabricadas en Clisson (Francia) por una empresa especializada en la confecci\u00f3n de pr\u00eat-\u00e0-porter de alta gama.<\/li>\n<li>Una banda antideslizante de silicona permite que los manguitos se ajusten bien al brazo y no se deslicen.<\/li>\n<li>Ideales para deportes al aire libre y la playa. F\u00e1ciles de ponerse en el \u00faltimo momento si se lleva una camiseta o un polo de manga corta.<\/li>\n<li>Tacto suave y fluido.<\/li>\n<li>Tejido transpirable, que se seca 2,5 veces m\u00e1s r\u00e1pido que la poliamida, material que se utiliza a menudo para estos productos.<\/li>\n<li>Color: azul marino<\/li>\n<li>Tallas: M, L, XL, XXL (ver detalles m\u00e1s abajo)<\/li>\n<\/ul>\n","protected":false},"featured_media":223900,"template":"","meta":[],"product_brand":[],"product_cat":[538],"product_tag":[481,499],"class_list":{"0":"post-223903","1":"product","2":"type-product","3":"status-publish","4":"has-post-thumbnail","6":"product_cat-moda-made-in-france-para-hombre","7":"product_tag-hombres","8":"product_tag-made-in-france","10":"first","11":"instock","12":"taxable","13":"shipping-taxable","14":"purchasable","15":"product-type-variable"},"_links":{"self":[{"href":"https:\/\/soway.eu\/es\/wp-json\/wp\/v2\/product\/223903","targetHints":{"allow":["GET"]}}],"collection":[{"href":"https:\/\/soway.eu\/es\/wp-json\/wp\/v2\/product"}],"about":[{"href":"https:\/\/soway.eu\/es\/wp-json\/wp\/v2\/types\/product"}],"wp:featuredmedia":[{"embeddable":true,"href":"https:\/\/soway.eu\/es\/wp-json\/wp\/v2\/media\/223900"}],"wp:attachment":[{"href":"https:\/\/soway.eu\/es\/wp-json\/wp\/v2\/media?parent=223903"}],"wp:term":[{"taxonomy":"product_brand","embeddable":true,"href":"https:\/\/soway.eu\/es\/wp-json\/wp\/v2\/product_brand?post=223903"},{"taxonomy":"product_cat","embeddable":true,"href":"https:\/\/soway.eu\/es\/wp-json\/wp\/v2\/product_cat?post=223903"},{"taxonomy":"product_tag","embeddable":true,"href":"https:\/\/soway.eu\/es\/wp-json\/wp\/v2\/product_tag?post=223903"}],"curies":[{"name":"wp","href":"https:\/\/api.w.org\/{rel}","templated":true}]}}